{"id":4864,"date":"2023-11-21T16:01:39","date_gmt":"2023-11-21T15:01:39","guid":{"rendered":"https:\/\/ambskopje.esteri.it\/servizi-consolari-e-visti\/servizi-per-il-cittadino-italiano\/anagrafe-degli-italiani-residenti-allestero-aire\/"},"modified":"2026-03-11T16:48:51","modified_gmt":"2026-03-11T15:48:51","slug":"anagrafe-degli-italiani-residenti-allestero-aire","status":"publish","type":"page","link":"https:\/\/ambskopje.esteri.it\/sq\/servizi-consolari-e-visti\/servizi-per-il-cittadino-italiano\/anagrafe-degli-italiani-residenti-allestero-aire\/","title":{"rendered":"Regjistri i Italian\u00ebve Rezident\u00eb Jasht\u00eb Vendit (AIRE)"},"content":{"rendered":"<p style=\"text-align: center;\"><a href=\"https:\/\/www.esteri.it\/it\/servizi-consolari-e-visti\/italiani-all-estero\/aire_0\/\"><img loading=\"lazy\" decoding=\"async\" class=\"img-fluid aligncenter wp-image-4541 size-large\" src=\"https:\/\/ambskopje.esteri.it\/wp-content\/uploads\/2026\/02\/CARD-AIRE-1024x576.jpg\" alt=\"\" width=\"640\" height=\"360\" srcset=\"https:\/\/ambskopje.esteri.it\/wp-content\/uploads\/2026\/02\/CARD-AIRE-1024x576.jpg 1024w, https:\/\/ambskopje.esteri.it\/wp-content\/uploads\/2026\/02\/CARD-AIRE-300x169.jpg 300w, https:\/\/ambskopje.esteri.it\/wp-content\/uploads\/2026\/02\/CARD-AIRE-768x432.jpg 768w, https:\/\/ambskopje.esteri.it\/wp-content\/uploads\/2026\/02\/CARD-AIRE.jpg 1600w\" sizes=\"auto, (max-width: 640px) 100vw, 640px\" \/><\/a><\/p>\n<div class=\"flex flex-col text-sm pb-25\">\n<article class=\"text-token-text-primary w-full focus:outline-none [--shadow-height:45px] has-data-writing-block:pointer-events-none has-data-writing-block:-mt-(--shadow-height) has-data-writing-block:pt-(--shadow-height) [&amp;:has([data-writing-block])&gt;*]:pointer-events-auto scroll-mt-[calc(var(--header-height)+min(200px,max(70px,20svh)))]\" dir=\"auto\" tabindex=\"-1\" data-turn-id=\"request-WEB:31ee935e-6e86-4ff3-949d-b9df39b8c9fd-2\" data-testid=\"conversation-turn-6\" data-scroll-anchor=\"true\" data-turn=\"assistant\">\n<div class=\"text-base my-auto mx-auto pb-10 [--thread-content-margin:var(--thread-content-margin-xs,calc(var(--spacing)*4))] @w-sm\/main:[--thread-content-margin:var(--thread-content-margin-sm,calc(var(--spacing)*6))] @w-lg\/main:[--thread-content-margin:var(--thread-content-margin-lg,calc(var(--spacing)*16))] px-(--thread-content-margin)\">\n<div class=\"[--thread-content-max-width:40rem] @w-lg\/main:[--thread-content-max-width:48rem] mx-auto max-w-(--thread-content-max-width) flex-1 group\/turn-messages focus-visible:outline-hidden relative flex w-full min-w-0 flex-col agent-turn\" tabindex=\"-1\">\n<div class=\"flex max-w-full flex-col gap-4 grow\">\n<div class=\"min-h-8 text-message relative flex w-full flex-col items-end gap-2 text-start break-words whitespace-normal [.text-message+&amp;]:mt-1\" dir=\"auto\" data-message-author-role=\"assistant\" data-message-id=\"bcbe3022-520a-4925-a91f-915c31b9f0d7\" data-message-model-slug=\"gpt-5-3\">\n<div class=\"flex w-full flex-col gap-1 empty:hidden\">\n<div class=\"markdown prose dark:prose-invert w-full wrap-break-word light markdown-new-styling\">\n<p data-start=\"0\" data-end=\"272\">Regjistri i Italian\u00ebve Rezident\u00eb Jasht\u00eb Vendit (A.I.R.E.) \u00ebsht\u00eb krijuar me ligjin e dat\u00ebs 27 tetor 1988, nr. 470 (<a href=\"https:\/\/www.normattiva.it\/uri-res\/N2Ls?urn:nir:stato:legge:1988-10-27;470!vig=\">LIGJI 27 tetor 1988, nr. 470 \u2013 Normattiva<\/a>). Ai administrohet nga Komunat n\u00eb baz\u00eb t\u00eb t\u00eb dh\u00ebnave dhe informacioneve q\u00eb vijn\u00eb nga Zyrat Konsullore jasht\u00eb vendit.<\/p>\n<p data-start=\"274\" data-end=\"610\">Regjistri i Italian\u00ebve Rezident\u00eb Jasht\u00eb Vendit (AIRE) dhe Regjistri i Popullsis\u00eb Rezidente (APR) p\u00ebrb\u00ebjn\u00eb Regjistrin Komb\u00ebtar t\u00eb Popullsis\u00eb Rezidente (ANPR), i krijuar pran\u00eb Ministris\u00eb s\u00eb Brendshme n\u00eb vitin 2022. ANPR \u00ebsht\u00eb nj\u00eb bank\u00eb t\u00eb dh\u00ebnash unike n\u00eb nivel komb\u00ebtar q\u00eb p\u00ebrmban informacionet e futura dhe t\u00eb administruara nga Komunat.<\/p>\n<p data-start=\"612\" data-end=\"1074\"><strong>Shtetasi italian q\u00eb deklaron se banon jasht\u00eb vendit regjistrohet n\u00eb regjistrin konsullor t\u00eb Konsullat\u00ebs kompetente territorialisht p\u00ebrmes k\u00ebrkes\u00ebs s\u00eb tij p\u00ebr regjistrim n\u00eb Regjistrin e Italian\u00ebve Rezident\u00eb Jasht\u00eb Vendit (AIRE), e cila i transmetohet Komun\u00ebs s\u00eb fundit t\u00eb rezidenc\u00ebs s\u00eb tij n\u00eb Itali. Nga ana e saj, Komuna do t\u00eb procedoj\u00eb me regjistrimin e qytetarit n\u00eb seksionin AIRE dhe do ta \u00e7regjistroj\u00eb at\u00eb nga Regjistri i Popullsis\u00eb Rezidente n\u00eb Itali (APR).<\/strong><\/p>\n<p data-start=\"1076\" data-end=\"1411\">Regjistrimi n\u00eb A.I.R.E. \u00ebsht\u00eb <span style=\"text-decoration: underline;\"><strong>detyrim<\/strong><\/span> i qytetarit (neni 6, Ligji 470\/1988; neni 11 Ligji 1228\/1954) dhe p\u00ebrb\u00ebn kusht p\u00ebr t\u00eb p\u00ebrfituar nga sh\u00ebrbimet konsullore t\u00eb ofruara nga P\u00ebrfaq\u00ebsit\u00eb jasht\u00eb vendit, si dhe p\u00ebr ushtrimin e t\u00eb drejtave t\u00eb r\u00ebnd\u00ebsishme zgjedhore, sh\u00ebndet\u00ebsore, sociale dhe fiskale, civile dhe personale, si p\u00ebr shembull:<\/p>\n<ul>\n<li data-start=\"1413\" data-end=\"2011\">t\u00eb votoj\u00eb me post\u00eb n\u00eb rastin e zgjedhjeve politike dhe referendumeve, sipas neneve 75 dhe 138 t\u00eb Kushtetut\u00ebs, si\u00e7 parashikohet nga ligji 459\/2001;<\/li>\n<li data-start=\"1413\" data-end=\"2011\">t\u00eb votoj\u00eb n\u00eb zgjedhjet e p\u00ebrfaq\u00ebsuesve italian\u00eb n\u00eb Parlamentin Evropian pran\u00eb qendrave t\u00eb votimit t\u00eb krijuara nga rrjeti diplomatik-konsullor n\u00eb vendet q\u00eb i p\u00ebrkasin BE-s\u00eb;<\/li>\n<li data-start=\"1413\" data-end=\"2011\">t\u00eb marr\u00eb l\u00ebshimin e dokumenteve t\u00eb identitetit dhe t\u00eb udh\u00ebtimit;<\/li>\n<li data-start=\"1413\" data-end=\"2011\">t\u00eb k\u00ebrkoj\u00eb l\u00ebshimin e certifikatave q\u00eb jan\u00eb n\u00eb kompetenc\u00eb t\u00eb P\u00ebrfaq\u00ebsive jasht\u00eb vendit;<\/li>\n<li data-start=\"1413\" data-end=\"2011\">t\u00eb rinovoj\u00eb patent\u00ebn e drejtimit (vet\u00ebm n\u00eb vendet jasht\u00eb BE-s\u00eb; p\u00ebr detaje konsultoni seksionin <a href=\"https:\/\/ambskopje.esteri.it\/it\/servizi-consolari-e-visti\/servizi-per-il-cittadino-italiano\/patenti-di-guida\/\">Patenti di guida<\/a>).<\/li>\n<\/ul>\n<p data-start=\"2013\" data-end=\"2046\"><strong>Duhet t\u00eb regjistrohen n\u00eb A.I.R.E.<\/strong><\/p>\n<ul>\n<li data-start=\"2048\" data-end=\"2382\">qytetar\u00ebt q\u00eb vendosin jasht\u00eb vendit banimin e tyre t\u00eb zakonsh\u00ebm;<\/li>\n<li data-start=\"2048\" data-end=\"2382\">ata q\u00eb tashm\u00eb jetojn\u00eb atje dhe nuk jan\u00eb ende t\u00eb regjistruar;<\/li>\n<\/ul>\n<p>Rezidenca e nj\u00eb personi p\u00ebrcaktohet nga banimi i tij i zakonsh\u00ebm dhe vullnetar n\u00eb nj\u00eb vend t\u00eb caktuar, i zbuluar nga zakonet e jet\u00ebs dhe nga zhvillimi i jet\u00ebs s\u00eb tij familjare, profesionale dhe shoq\u00ebrore.<\/p>\n<p data-start=\"2384\" data-end=\"2421\"><strong>Nuk duhet t\u00eb regjistrohen n\u00eb A.I.R.E.<\/strong><\/p>\n<ul>\n<li data-start=\"2423\" data-end=\"3434\">qytetar\u00ebt q\u00eb shkojn\u00eb jasht\u00eb vendit p\u00ebr nj\u00eb periudh\u00eb kohe m\u00eb t\u00eb <span style=\"text-decoration: underline;\">shkurt\u00ebr se 12 muaj<\/span>;<\/li>\n<li data-start=\"2423\" data-end=\"3434\">pun\u00ebtor\u00ebt sezonal\u00eb;<\/li>\n<li data-start=\"2423\" data-end=\"3434\">drejtuesit e shkollave, m\u00ebsuesit dhe personeli administrativ i shkoll\u00ebs t\u00eb vendosur jasht\u00eb funksionit dhe t\u00eb d\u00ebrguar jasht\u00eb vendit n\u00eb kuad\u00ebr t\u00eb aktiviteteve shkollore jasht\u00eb territorit komb\u00ebtar;<\/li>\n<li data-start=\"2423\" data-end=\"3434\">punonj\u00ebsit e p\u00ebrhersh\u00ebm t\u00eb shtetit n\u00eb sh\u00ebrbim jasht\u00eb vendit dhe familjar\u00ebt e tyre bashk\u00ebjetues q\u00eb jan\u00eb t\u00eb njoftuar sipas Konventave t\u00eb Vjen\u00ebs p\u00ebr marr\u00ebdh\u00ebniet diplomatike dhe marr\u00ebdh\u00ebniet konsullore p\u00ebrkat\u00ebsisht t\u00eb viteve 1961 dhe 1963;<\/li>\n<li data-start=\"2423\" data-end=\"3434\">ushtarak\u00ebt italian\u00eb n\u00eb sh\u00ebrbim pran\u00eb zyrave dhe familjar\u00ebt e tyre bashk\u00ebjetues dhe strukturat e NATO-s t\u00eb vendosura jasht\u00eb vendit;<\/li>\n<li data-start=\"2423\" data-end=\"3434\">student\u00ebt q\u00eb transferohen jasht\u00eb vendit p\u00ebr periudh\u00ebn e studimeve duke mbetur n\u00eb ngarkim t\u00eb prind\u00ebrve dhe duke p\u00ebrfituar asistenc\u00eb sh\u00ebndet\u00ebsore n\u00eb Itali, pasi ruajn\u00eb banimin e tyre t\u00eb zakonsh\u00ebm n\u00eb Itali. Ata duhet t\u00eb informojn\u00eb Zyr\u00ebn Konsullore kompetente p\u00ebr pranin\u00eb e tyre n\u00eb vend.<\/li>\n<\/ul>\n<p>Kujtohet se regjistrimi n\u00eb A.I.R.E. \u00ebsht\u00eb <strong>FALAS<\/strong>.<\/p>\n<p>&nbsp;<\/p>\n<p data-start=\"3436\" data-end=\"3479\"><strong>Si b\u00ebhet k\u00ebrkesa p\u00ebr regjistrim n\u00eb A.I.R.E.<\/strong><\/p>\n<p data-start=\"3481\" data-end=\"3978\">K\u00ebrkesa p\u00ebr regjistrim duhet t\u00eb b\u00ebhet p\u00ebr t\u00eb gjith\u00eb b\u00ebrtham\u00ebn familjare p\u00ebrmes portalit t\u00eb sh\u00ebrbimeve konsullore online t\u00eb quajtur <a href=\"https:\/\/serviziconsolari.esteri.it\/home\">FAST IT<\/a>, i disponuesh\u00ebm n\u00eb gjuh\u00ebn italiane dhe angleze, brenda t\u00eb cilit jan\u00eb t\u00eb disponueshme edhe \u201c<a href=\"https:\/\/serviziconsolari.esteri.it\/home\/faq\">Pyetjet e Shpeshta<\/a>\u201d. P\u00ebr t\u00eb p\u00ebrdorur portalin Fast It \u00ebsht\u00eb e nevojshme t\u00eb keni nj\u00eb adres\u00eb poste elektronike. \u00cbsht\u00eb e r\u00ebnd\u00ebsishme t\u00eb vendosni t\u00eb dh\u00ebnat tuaja dhe adres\u00ebn n\u00eb m\u00ebnyr\u00eb t\u00eb sakt\u00eb dhe t\u00eb plot\u00eb s\u00eb bashku me t\u00eb gjitha dokumentet e k\u00ebrkuara nga portali Fast-It.<\/p>\n<p data-start=\"3980\" data-end=\"4274\"><strong>KUJDES<\/strong> \u2013 K\u00ebrkesa p\u00ebr regjistrim n\u00eb AIRE nuk konsiderohet automatikisht e pranuar: statusi i praktik\u00ebs do t\u00eb p\u00ebrdit\u00ebsohet her\u00eb pas here n\u00eb portal. Personit t\u00eb interesuar do t\u2019i d\u00ebrgohet nj\u00eb njoftim, edhe p\u00ebrmes emailit, p\u00ebr p\u00ebrfundimin efektiv t\u00eb regjistrimit n\u00eb AIRE nga ana e Komun\u00ebs italiane.<\/p>\n<p data-start=\"4276\" data-end=\"4689\">Zyra konsullore q\u00eb merr k\u00ebrkes\u00ebn p\u00ebr regjistrim n\u00eb AIRE, pasi kontrollon sakt\u00ebsin\u00eb e dokumentacionit t\u00eb paraqitur, regjistron k\u00ebrkuesin n\u00eb regjistrin konsullor dhe transmeton k\u00ebrkes\u00ebn p\u00ebr regjistrim n\u00eb AIRE n\u00eb Komun\u00ebn italiane t\u00eb rezidenc\u00ebs s\u00eb fundit t\u00eb k\u00ebrkuesit brenda 180 dit\u00ebve. P\u00ebrdit\u00ebsimi i Regjistrit t\u00eb Italian\u00ebve Rezident\u00eb Jasht\u00eb Vendit (AIRE) nga ana e Komun\u00ebs mund t\u00eb k\u00ebrkoj\u00eb periudha kohe t\u00eb ndryshme.<\/p>\n<p data-start=\"4691\" data-end=\"4758\">Regjistrimi hyn n\u00eb fuqi nga data e paraqitjes s\u00eb k\u00ebrkes\u00ebs s\u00eb plot\u00eb.<\/p>\n<p data-start=\"4760\" data-end=\"5143\">N\u00eb rast t\u00eb paraqitjes s\u00eb nj\u00eb k\u00ebrkese p\u00ebr regjistrim n\u00eb AIRE t\u00eb paplot\u00eb, Konsullata do t\u00eb k\u00ebrkoj\u00eb, p\u00ebrmes t\u00eb nj\u00ebjtit portal Fast It, plot\u00ebsimin e dokumentacionit q\u00eb mungon, i cili duhet t\u00eb paraqitet brenda afatit prej 30 dit\u00ebsh. Mosplot\u00ebsimi i dokumentacionit t\u00eb k\u00ebrkuar do t\u00eb sjell\u00eb anulimin e praktik\u00ebs s\u00eb regjistrimit n\u00eb AIRE dhe qytetari do t\u00eb duhet t\u00eb paraqes\u00eb nj\u00eb k\u00ebrkes\u00eb t\u00eb re.<\/p>\n<p data-start=\"5145\" data-end=\"5216\">Arsyet e mundshme p\u00ebr <strong>refuzimin<\/strong> e k\u00ebrkes\u00ebs p\u00ebr regjistrim n\u00eb AIRE jan\u00eb:<\/p>\n<ul>\n<li data-start=\"5218\" data-end=\"5753\">k\u00ebrkesa e paraqitur n\u00eb nj\u00eb Zyr\u00eb konsullore jo kompetente p\u00ebr territorin;<\/li>\n<li data-start=\"5218\" data-end=\"5753\">mungesa e shtet\u00ebsis\u00eb italiane t\u00eb k\u00ebrkuesit;<\/li>\n<li data-start=\"5218\" data-end=\"5753\">mosparaqitja e dokumentacionit shtes\u00eb t\u00eb k\u00ebrkuar p\u00ebrmes Fast-It brenda afatit prej 30 dit\u00ebsh.<\/li>\n<\/ul>\n<p><strong>Dokumentacioni i nevojsh\u00ebm p\u00ebr regjistrim p\u00ebr t\u2019u ngarkuar n\u00eb <a href=\"https:\/\/serviziconsolari.esteri.it\/home\">FAST IT<\/a>:<\/strong> kopje e nj\u00eb dokumenti italian identiteti; formulari i n\u00ebnshkruar (p\u00ebr t\u2019u printuar drejtp\u00ebrdrejt nga portali pas futjes s\u00eb t\u00eb dh\u00ebnave tuaja anagrafike); prov\u00eb e rezidenc\u00ebs (leje q\u00ebndrimi n\u00eb Maqedonin\u00eb e Veriut, fatura sh\u00ebrbimesh, kontrat\u00eb qiraje).<\/p>\n<p>&nbsp;<\/p>\n<p data-start=\"5755\" data-end=\"5802\"><strong>K\u00ebrkesa p\u00ebr regjistrim n\u00eb A.I.R.E. p\u00ebr t\u00eb mitur<\/strong><\/p>\n<p data-start=\"5804\" data-end=\"5991\">K\u00ebrkesa p\u00ebr regjistrim n\u00eb A.I.R.E. p\u00ebr nj\u00eb t\u00eb mitur duhet t\u00eb n\u00ebnshkruhet nga t\u00eb dy mbajt\u00ebsit e p\u00ebrgjegj\u00ebsis\u00eb prind\u00ebrore dhe t\u00eb shoq\u00ebrohet me kopjet e dokumenteve p\u00ebrkat\u00ebse t\u00eb identitetit.<\/p>\n<p data-start=\"5993\" data-end=\"6276\">N\u00eb munges\u00eb t\u00eb n\u00ebnshkrimit t\u00eb t\u00eb dy prind\u00ebrve, k\u00ebrkesa duhet t\u00eb plot\u00ebsohet me nj\u00eb dokument p\u00eblqimi nga prindi q\u00eb nuk ka n\u00ebnshkruar dhe me kopje t\u00eb dokumentit t\u00eb tij t\u00eb identitetit. N\u00eb munges\u00eb t\u00eb p\u00eblqimit, prindi q\u00eb k\u00ebrkon regjistrimin duhet t\u00eb shpjegoj\u00eb arsyet e munges\u00ebs s\u00eb p\u00eblqimit.<\/p>\n<p data-start=\"5993\" data-end=\"6276\">\n<p data-start=\"6278\" data-end=\"6312\"><strong>Regjistrimi n\u00eb A.I.R.E. ex officio<\/strong><\/p>\n<p data-start=\"6314\" data-end=\"6593\">Regjistrimi i qytetarit q\u00eb banon jasht\u00eb vendit mund t\u00eb b\u00ebhet edhe ex officio, n\u00eb baz\u00eb t\u00eb informacioneve p\u00ebr t\u00eb cilat Zyra konsullore ka dijeni, n\u00eb baz\u00eb t\u00eb t\u00eb dh\u00ebnave q\u00eb ka n\u00eb dispozicion (shih neni 6, paragrafi 6, Ligji 470\/1988 dhe Ligji 241\/1990 p\u00ebr procedur\u00ebn administrative).<\/p>\n<p data-start=\"6314\" data-end=\"6593\">\n<p data-start=\"6595\" data-end=\"6729\"><strong>Verifikimi i t\u00eb dh\u00ebnave tuaja anagrafike<\/strong><br data-start=\"6635\" data-end=\"6638\" \/>P\u00ebrmes portalit FAST IT \u00ebsht\u00eb e mundur gjithashtu t\u00eb verifikoni t\u00eb dh\u00ebnat tuaja anagrafike.<\/p>\n<p data-start=\"6595\" data-end=\"6729\">\n<p data-start=\"6731\" data-end=\"6777\"><strong>\u00c7far\u00eb ndodh n\u00ebse nuk regjistroheni n\u00eb A.I.R.E.<\/strong><\/p>\n<p data-start=\"6779\" data-end=\"7493\">Regjistrimi n\u00eb A.I.R.E. b\u00ebhet pas nj\u00eb deklarimi q\u00eb personi i interesuar duhet t\u00eb b\u00ebj\u00eb pran\u00eb Zyr\u00ebs konsullore kompetente p\u00ebr territorin <strong>brenda 90 dit\u00ebve nga transferimi i rezidenc\u00ebs<\/strong> dhe sjell nj\u00ebkoh\u00ebsisht \u00e7regjistrimin nga Regjistri i Popullsis\u00eb Rezidente (A.P.R.) i Komun\u00ebs s\u00eb prejardhjes. Kushdo q\u00eb, duke pasur detyrime anagrafike, shkel dispozitat e Ligjit 24 dhjetor 1954, nr. 1228 (i ndryshuar nga Ligji 30 dhjetor 2023, nr. 213), t\u00eb Ligjit 27 tetor 1988, nr. 470 dhe t\u00eb rregulloreve t\u00eb zbatimit t\u00eb ligjeve t\u00eb sip\u00ebrp\u00ebrmendura \u00ebsht\u00eb subjekt i <strong>sanksioneve administrative me gjob\u00eb<\/strong>. Autoriteti kompetent p\u00ebr verifikimin dhe vendosjen e sanksionit \u00ebsht\u00eb Komuna n\u00eb regjistrin e s\u00eb cil\u00ebs \u00ebsht\u00eb i regjistruar shkel\u00ebsi.<\/p>\n<p data-start=\"6779\" data-end=\"7493\">\n<p data-start=\"7495\" data-end=\"7526\"><strong>P\u00ebrdit\u00ebsime nga ana e qytetarit<\/strong><\/p>\n<p data-start=\"7528\" data-end=\"7723\">Qytetari q\u00eb banon jasht\u00eb vendit dhe \u00ebsht\u00eb i regjistruar n\u00eb AIRE \u00ebsht\u00eb p\u00ebrgjegj\u00ebs p\u00ebr p\u00ebrdit\u00ebsimin e pozit\u00ebs s\u00eb tij anagrafike dhe p\u00ebr k\u00ebt\u00eb arsye duhet t\u00eb komunikoj\u00eb menj\u00ebher\u00eb n\u00eb zyr\u00ebn konsullore:<\/p>\n<ul>\n<li data-start=\"7725\" data-end=\"8258\">\u00c7do ndryshim t\u00eb gjendjes s\u00eb tij civile, edhe p\u00ebr regjistrimin n\u00eb Itali t\u00eb akteve t\u00eb huaja q\u00eb e prekin at\u00eb (martes\u00eb, bashkim civil, lindje, divorc, vdekje, etj.);<\/li>\n<li data-start=\"7725\" data-end=\"8258\">\u00c7do ndryshim adrese. \u00cbsht\u00eb e r\u00ebnd\u00ebsishme q\u00eb bashkatdhetari t\u00eb komunikoj\u00eb adres\u00ebn e tij n\u00eb m\u00ebnyr\u00eb t\u00eb sakt\u00eb dhe t\u00eb plot\u00eb duke iu p\u00ebrmbajtur rregullave postare t\u00eb vendit t\u00eb rezidenc\u00ebs.<\/li>\n<\/ul>\n<p>Mos-p\u00ebrdit\u00ebsimi i informacioneve personale, ve\u00e7an\u00ebrisht atyre q\u00eb lidhen me ndryshimin e adres\u00ebs, e b\u00ebn t\u00eb pamundur kontaktin me qytetarin dhe marrjen e zarfit zgjedhor n\u00eb rast votimesh.<\/p>\n<p style=\"padding-left: 40px;\" data-start=\"8260\" data-end=\"8617\"><strong>Ndryshimi i adres\u00ebs (brenda s\u00eb nj\u00ebjt\u00ebs zon\u00eb konsullore):<\/strong> Qytetari i regjistruar n\u00eb AIRE q\u00eb transferohet brenda s\u00eb nj\u00ebjt\u00ebs zon\u00eb konsullore t\u00eb rezidenc\u00ebs duhet t\u00eb paraqes\u00eb deklarimin e ndryshimit t\u00eb adres\u00ebs p\u00ebr vete dhe p\u00ebr familjar\u00ebt bashk\u00ebjetues pran\u00eb Zyr\u00ebs konsullore brenda 90 dit\u00ebve nga transferimi: k\u00ebrkesa duhet t\u00eb b\u00ebhet p\u00ebrmes portalit online <a href=\"https:\/\/serviziconsolari.esteri.it\/home\">FAST IT<\/a>.<\/p>\n<p style=\"padding-left: 40px;\" data-start=\"8619\" data-end=\"9121\"><strong>Transferimi n\u00eb nj\u00eb zon\u00eb tjet\u00ebr konsullore:<\/strong> Qytetari i regjistruar n\u00eb AIRE q\u00eb transferohet nga nj\u00eb zon\u00eb konsullore n\u00eb nj\u00eb tjet\u00ebr (t\u00eb t\u00eb nj\u00ebjtit vend ose t\u00eb nj\u00eb vendi tjet\u00ebr) duhet t\u00eb paraqes\u00eb deklarimin e transferimit n\u00eb Zyr\u00ebn konsullore kompetente p\u00ebr territorin p\u00ebr rezidenc\u00ebn e re p\u00ebrmes portalit <a href=\"https:\/\/serviziconsolari.esteri.it\/home\">FAST IT<\/a> brenda 90 dit\u00ebve nga transferimi. Moskomunikimi i transferimit do t\u00eb sjell\u00eb deklarimin e qytetarit si i paarritsh\u00ebm me pasoj\u00eb \u00e7regjistrimin nga regjistri anagrafik nga Komuna e regjistrimit AIRE.<\/p>\n<p style=\"padding-left: 40px;\" data-start=\"9123\" data-end=\"10625\"><strong>Riatdhesimi n\u00eb Itali:<\/strong> Qytetar\u00ebt e regjistruar n\u00eb AIRE q\u00eb kthehen p\u00ebrfundimisht n\u00eb Itali duhet t\u00eb paraqiten pran\u00eb Komun\u00ebs italiane ku kan\u00eb vendosur t\u00eb vendosen p\u00ebr t\u00eb deklaruar adres\u00ebn e re t\u00eb rezidenc\u00ebs brenda afateve t\u00eb parashikuara nga dekreti i Presidentit t\u00eb Republik\u00ebs 30 maj 1989, nr. 223. <span style=\"text-decoration: underline;\"><strong>Mosdeklarimi ose deklarimi i vonuar i riatdhesimit d\u00ebnohet me sanksion administrativ me gjob\u00eb.<\/strong><\/span> N\u00eb t\u00eb nj\u00ebjt\u00ebn dat\u00eb Komuna do t\u00eb procedoj\u00eb me \u00e7regjistrimin nga AIRE t\u00eb qytetarit me regjistrim t\u00eb nj\u00ebkohsh\u00ebm n\u00eb APR (Regjistri i Popullsis\u00eb Rezidente). Komuna do t\u2019i komunikoj\u00eb Konsullat\u00ebs s\u00eb prejardhjes t\u00eb dh\u00ebnat anagrafike t\u00eb an\u00ebtar\u00ebve t\u00eb b\u00ebrtham\u00ebs familjare me shtet\u00ebsi italiane q\u00eb jan\u00eb riatdhesuar s\u00eb bashku me dat\u00ebn p\u00ebrkat\u00ebse t\u00eb riatdhesimit. Zyra konsullore do t\u00eb p\u00ebrdit\u00ebsoj\u00eb pozicionin e personave t\u00eb interesuar n\u00eb regjistrin e saj konsullor. <strong>Qytetari italian q\u00eb banon jasht\u00eb vendit prej t\u00eb pakt\u00ebn 12 muajsh dhe q\u00eb transferon rezidenc\u00ebn e tij n\u00eb Itali<\/strong> ka t\u00eb drejt\u00eb p\u00ebr leht\u00ebsime doganore dhe \u2013 n\u00eb var\u00ebsi t\u00eb rregulloreve rajonale, provinciale ose komunale \u2013 p\u00ebr kontribute t\u00eb mundshme financiare. P\u00ebrjashtimet doganore zbatohen p\u00ebr sendet sht\u00ebpiake t\u00eb zot\u00ebruara dhe t\u00eb p\u00ebrdorura nga k\u00ebrkuesi dhe t\u00eb destinuara p\u00ebr p\u00ebrdorim personal, si edhe p\u00ebr automjetin e zot\u00ebruar prej t\u00eb pakt\u00ebn 6 muajsh.<br data-start=\"10411\" data-end=\"10414\" \/>Rikthimi i sendeve sht\u00ebpiake duhet t\u00eb b\u00ebhet brenda 12 muajve nga data e deklaruar si dita e fundit e rezidenc\u00ebs jasht\u00eb vendit. P\u00ebr detaje i referoheni faqes <a href=\"https:\/\/www.adm.gov.it\/portale\/\">s\u00eb internetit t\u00eb Agjencis\u00eb s\u00eb Doganave dhe Monopoleve<\/a>.<\/p>\n<p data-start=\"9123\" data-end=\"10625\">\n<p data-start=\"10627\" data-end=\"10652\"><strong>\u00c7regjistrimi nga A.I.R.E.<\/strong><\/p>\n<p data-start=\"10654\" data-end=\"10816\">\u00c7regjistrimi nga AIRE (neni 4, Ligji 470\/88) b\u00ebhet nga Komuna (eventualisht n\u00eb baz\u00eb t\u00eb t\u00eb dh\u00ebnave dhe informacioneve q\u00eb vijn\u00eb nga Zyrat konsullore jasht\u00eb vendit):<\/p>\n<ul>\n<li data-start=\"10818\" data-end=\"11336\">P\u00ebr regjistrim n\u00eb Regjistrin e Popullsis\u00eb Rezidente (A.P.R.) t\u00eb nj\u00eb Komune italiane pas transferimit nga jasht\u00eb ose riatdhesimit.<\/li>\n<li data-start=\"10818\" data-end=\"11336\">P\u00ebr vdekje, p\u00ebrfshir\u00eb vdekjen e supozuar t\u00eb deklaruar gjyq\u00ebsisht.<br data-start=\"11015\" data-end=\"11018\" \/>P\u00ebr munges\u00eb t\u00eb supozuar, p\u00ebrve\u00e7 n\u00ebse provohet e kund\u00ebrta, pas kalimit t\u00eb nj\u00ebqind viteve nga lindja ose pas kryerjes s\u00eb dy verifikimeve t\u00eb nj\u00ebpasnj\u00ebshme, ose kur rezulton se adresa jasht\u00eb vendit e komunikuar m\u00eb par\u00eb nuk \u00ebsht\u00eb m\u00eb e vlefshme dhe nuk \u00ebsht\u00eb e mundur t\u00eb merret ajo e re.<\/li>\n<li data-start=\"10818\" data-end=\"11336\">P\u00ebr humbje t\u00eb shtet\u00ebsis\u00eb italiane.<\/li>\n<\/ul>\n<p data-start=\"11338\" data-end=\"11688\">\n<p data-start=\"11338\" data-end=\"11688\">Vet\u00ebm n\u00eb rast t\u00eb pamund\u00ebsis\u00eb s\u00eb arsyetuar p\u00ebr t\u00eb p\u00ebrdorur portalin <a href=\"https:\/\/serviziconsolari.esteri.it\/home\">FAST IT<\/a>, qytetari mund t\u00eb k\u00ebrkoj\u00eb regjistrimin n\u00eb AIRE duke rezervuar nj\u00eb takim n\u00eb <a href=\"https:\/\/prenotami.esteri.it\/\">Prenot@mi<\/a> dhe duke paraqitur: dokumentin e tij italian t\u00eb identitetit dhe nj\u00eb kopje; nj\u00eb prov\u00eb t\u00eb rezidenc\u00ebs (leje q\u00ebndrimi n\u00eb Maqedonin\u00eb e Veriut, fatura, kontrat\u00eb qiraje) dhe <a href=\"https:\/\/ambskopje.esteri.it\/wp-content\/uploads\/2023\/11\/domanda_di_iscrizione_aire.word_.docx\">formularin e plot\u00ebsuar<\/a>.<\/p>\n<p data-start=\"11690\" data-end=\"11769\">P\u00ebr informacione ju lutemi t\u00eb shkruani nj\u00eb email n\u00eb <a class=\"decorated-link cursor-pointer\" href=\"mailto:consolare.skopje@esteri.it\" rel=\"noopener\" data-start=\"11742\" data-end=\"11768\">consolare.skopje@esteri.it<\/a>.<\/p>\n<p data-start=\"11690\" data-end=\"11769\">\n<p data-start=\"11771\" data-end=\"11805\"><strong>Certifikata e regjistrimit n\u00eb AIRE<\/strong><\/p>\n<p data-start=\"11807\" data-end=\"12155\">Konsullata <strong>NUK<\/strong> mund t\u00eb l\u00ebshoj\u00eb certifikata t\u00eb regjistrimit n\u00eb AIRE. N\u00ebse d\u00ebshironi t\u00eb merrni nj\u00eb certifikat\u00eb t\u00eb regjistrimit n\u00eb AIRE duhet ta k\u00ebrkoni drejtp\u00ebrdrejt nga Komuna italiane e regjistrimit dhe jo nga kjo Zyr\u00eb. Kujtohet se konfirmimi i regjistrimit n\u00eb AIRE d\u00ebrgohet, zakonisht me email, nga Komuna italiane drejtp\u00ebrdrejt te bashkatdhetari.<\/p>\n<p data-start=\"12157\" data-end=\"12457\">Disa certifikata anagrafike t\u00eb l\u00ebshuara nga Komunat italiane mund t\u00eb k\u00ebrkohen <strong>online<\/strong> dhe <strong>falas<\/strong> n\u00eb <a href=\"https:\/\/www.anagrafenazionale.interno.it\/servizi-al-cittadino\/\">Anagrafe Nazionale<\/a> me kusht q\u00eb t\u00eb keni nj\u00eb identitet digjital (<a href=\"https:\/\/ambskopje.esteri.it\/it\/servizi-consolari-e-visti\/servizi-per-il-cittadino-italiano\/carta-didentita-elettronica-cie\/\">CIE<\/a>, <a href=\"https:\/\/www.spid.gov.it\/\">SPID<\/a> ose CNS), pasi kjo m\u00ebnyr\u00eb \u00ebsht\u00eb tashm\u00eb e vetmja n\u00eb Itali p\u00ebr t\u00eb hyr\u00eb n\u00eb sh\u00ebrbimet telematike t\u00eb ofruara nga Administrata Publike.<\/p>\n<p data-start=\"12459\" data-end=\"12544\" data-is-last-node=\"\" data-is-only-node=\"\">Zyra Konsullore mund t\u00eb l\u00ebshoj\u00eb nj\u00eb v\u00ebrtetim t\u00eb regjistrimit n\u00eb regjistrin konsullor.<\/p>\n<\/div>\n<\/div>\n<\/div>\n<\/div>\n<\/div>\n<\/div>\n<\/article>\n<\/div>\n","protected":false},"excerpt":{"rendered":"Regjistri i Italian\u00ebve Rezident\u00eb Jasht\u00eb Vendit (A.I.R.E.) \u00ebsht\u00eb krijuar me ligjin e dat\u00ebs 27 tetor 1988, nr. 470 (LIGJI 27 tetor 1988, nr. 470 \u2013 Normattiva). Ai administrohet nga Komunat n\u00eb baz\u00eb t\u00eb t\u00eb dh\u00ebnave dhe informacioneve q\u00eb vijn\u00eb nga Zyrat Konsullore jasht\u00eb vendit. Regjistri i Italian\u00ebve Rezident\u00eb Jasht\u00eb Vendit (AIRE) dhe Regjistri i Popullsis\u00eb [&hellip;]","protected":false},"author":4,"featured_media":0,"parent":204,"menu_order":0,"comment_status":"closed","ping_status":"closed","template":"","meta":{"footnotes":""},"class_list":["post-4864","page","type-page","status-publish","hentry"],"_links":{"self":[{"href":"https:\/\/ambskopje.esteri.it\/sq\/wp-json\/wp\/v2\/pages\/4864","targetHints":{"allow":["GET"]}}],"collection":[{"href":"https:\/\/ambskopje.esteri.it\/sq\/wp-json\/wp\/v2\/pages"}],"about":[{"href":"https:\/\/ambskopje.esteri.it\/sq\/wp-json\/wp\/v2\/types\/page"}],"author":[{"embeddable":true,"href":"https:\/\/ambskopje.esteri.it\/sq\/wp-json\/wp\/v2\/users\/4"}],"replies":[{"embeddable":true,"href":"https:\/\/ambskopje.esteri.it\/sq\/wp-json\/wp\/v2\/comments?post=4864"}],"version-history":[{"count":2,"href":"https:\/\/ambskopje.esteri.it\/sq\/wp-json\/wp\/v2\/pages\/4864\/revisions"}],"predecessor-version":[{"id":4871,"href":"https:\/\/ambskopje.esteri.it\/sq\/wp-json\/wp\/v2\/pages\/4864\/revisions\/4871"}],"up":[{"embeddable":true,"href":"https:\/\/ambskopje.esteri.it\/sq\/wp-json\/wp\/v2\/pages\/204"}],"wp:attachment":[{"href":"https:\/\/ambskopje.esteri.it\/sq\/wp-json\/wp\/v2\/media?parent=4864"}],"curies":[{"name":"wp","href":"https:\/\/api.w.org\/{rel}","templated":true}]}}