{"id":218,"date":"2023-04-11T18:19:34","date_gmt":"2023-04-11T16:19:34","guid":{"rendered":"https:\/\/ambskopje.esteri.it\/servizi-consolari-e-visti\/servizi-per-il-cittadino-italiano\/pensioni-e-sicurezza-sociale\/"},"modified":"2025-04-11T18:21:16","modified_gmt":"2025-04-11T16:21:16","slug":"pensioni-e-sicurezza-sociale","status":"publish","type":"page","link":"https:\/\/ambskopje.esteri.it\/sq\/servizi-consolari-e-visti\/servizi-per-il-cittadino-italiano\/pensioni-e-sicurezza-sociale\/","title":{"rendered":"Pensionet dhe sigurimet shoq\u00ebrore"},"content":{"rendered":"<p><strong>PAGESA E PENSIONEVE JASHT\u00cb ITALIS\u00cb NGA INPS<\/strong><\/p>\n<p><strong>Njoftohet p\u00ebrdoruesi se nga <u>data 20 mars deri m\u00eb 18 korrik 2025<\/u> \u00ebsht\u00eb hapur kampanja p\u00ebr verifikimin e <\/strong><strong>EKZISTENC\u00cbS N\u00cb JET\u00cb<\/strong><strong> p\u00ebr pensionist\u00ebt q\u00eb marrin pensione jasht\u00eb vendit, p\u00ebr vitin 2025.<\/strong><\/p>\n<p>Pensionet paguhen \u00e7do muaj p\u00ebr ata q\u00eb banojn\u00eb jasht\u00eb. Pensionet q\u00eb jan\u00eb m\u00eb t\u00eb vogla se nj\u00eb kufi t\u00eb caktuar me ligj, paguhen \u00e7do gjasht\u00eb muaj, ashtu si\u00e7 ndodh p\u00ebr pensionist\u00ebt q\u00eb jetojn\u00eb n\u00eb Itali. Pagesa e pensioneve zakonisht b\u00ebhet me kalimin e shum\u00ebs n\u00eb llogarin\u00eb bankare t\u00eb pensionistit.<\/p>\n<p>Q\u00eb nga shkurti i vitit 2012, pagesa e pensioneve jasht\u00eb vendit \u00ebsht\u00eb n\u00eb duar t\u00eb Citibank.<\/p>\n<p><strong>Citibank ka p\u00ebrgjegj\u00ebsin\u00eb p\u00ebr t\u00eb verifikuar \u00e7do vit ekzistenc\u00ebn n\u00eb jet\u00eb, adres\u00ebn dhe rezidenc\u00ebn e pensionist\u00ebve.<\/strong><\/p>\n<p>Metodat e dakord\u00ebsuara midis INPS dhe Citibank p\u00ebr verifikimin e ekzistenc\u00ebs n\u00eb jet\u00eb p\u00ebrfshijn\u00eb plot\u00ebsimin nga pensionisti t\u00eb nj\u00eb Formulari t\u00eb Deklarat\u00ebs p\u00ebr Ekzistenc\u00ebn n\u00eb Jet\u00eb <strong>(i cili do t\u00eb ket\u00eb ardhur nga banka n\u00eb adres\u00ebn e tij)<\/strong>, n\u00ebnshkrimin e formularit dhe autentifikimin e n\u00ebnshkrimit nga Zyra Konsullore ose nga nj\u00eb autoritet publik i njohur nga ligji i vendit ku jeton dhe m\u00eb pas d\u00ebrgimin e tij tek banka.<\/p>\n<ul>\n<li><strong> Verifikimi i ekzistenc\u00ebs n\u00eb jet\u00eb p\u00ebr pensionist\u00ebt q\u00eb jetojn\u00eb jasht\u00eb p\u00ebrmes takimit n\u00eb Ambasad\u00eb:<\/strong><br \/>\nPensionisti q\u00eb ka marr\u00eb formularin e k\u00ebrkes\u00ebs p\u00ebr konfirmimin e ekzistenc\u00ebs n\u00eb jet\u00eb duhet t\u00eb marr\u00eb nj\u00eb takim me Zyr\u00ebn Konsullore p\u00ebrmes portalit Prenot@mi (<a href=\"https:\/\/prenotami.esteri.it\">https:\/\/prenotami.esteri.it<\/a>), ose duke d\u00ebrguar nj\u00eb email n\u00eb <a href=\"mailto:consolare.skopje@esteri.it\">consolare.skopje@esteri.it<\/a> ose duke telefonuar n\u00eb numrat +389 2 3236 517 \/ 518 \/ 519 \/ 520 (sporteli telefonik \u00ebsht\u00eb aktiv t\u00eb h\u00ebn\u00ebn 10:00-13:00 dhe 14:30-16:00; nga e mart\u00eb deri t\u00eb enjte 14:30-16:00; t\u00eb premten 13:30-15:00).<\/li>\n<\/ul>\n<p>Personi duhet t\u00eb paraqitet n\u00eb terminin e caktuar me nj\u00eb kart\u00eb identiteti t\u00eb vlefshme dhe formularin q\u00eb e ka pranuar me post\u00eb nga Citibank.<\/p>\n<ul>\n<li><strong> Verifikimi i ekzistenc\u00ebs n\u00eb jet\u00eb p\u00ebr pensionist\u00ebt q\u00eb jetojn\u00eb jasht\u00eb p\u00ebrmes videotelefonat\u00ebs:<\/strong><\/li>\n<\/ul>\n<p>P\u00ebr t\u00eb leht\u00ebsuar verifikimin e ekzistenc\u00ebs n\u00eb jet\u00eb, INPS dhe Citibank kan\u00eb vendosur q\u00eb zyrat konsullore mund t\u00eb p\u00ebrdorin gjithashtu videotelefonat\u00ebn.<br \/>\nP\u00ebr t\u00eb proceduar me verifikimin p\u00ebrmes videotelefonat\u00ebs, pensionisti q\u00eb ka marr\u00eb formularin e k\u00ebrkes\u00ebs p\u00ebr konfirmimin e ekzistenc\u00ebs n\u00eb jet\u00eb duhet t\u00eb paraqes\u00eb dokumentet e m\u00ebposhtme:<\/p>\n<ol>\n<li>Formularin e k\u00ebrkes\u00ebs p\u00ebr ekzistenc\u00ebn n\u00eb jet\u00eb t\u00eb n\u00ebnshkruar n\u00eb origjinal;<\/li>\n<li>Kopjen e pasaport\u00ebs ose t\u00eb kart\u00ebs s\u00eb identitetit t\u00eb vlefshme.<\/li>\n<\/ol>\n<p>K\u00ebto dokumente mund t\u00eb d\u00ebrgohen n\u00eb formatin PDF p\u00ebrmes email-it n\u00eb <a href=\"mailto:consolare.skopje@esteri.it\">consolare.skopje@esteri.it<\/a>, ose n\u00eb formatin e printuar duke d\u00ebrguar nj\u00eb zarf me post\u00eb t\u00eb regjistruar ose duke e futur n\u00eb kutin\u00eb e post\u00ebs n\u00eb adres\u00ebn e m\u00ebposhtme:<\/p>\n<p><u><br \/>\n<strong>AMBASADA E ITALIS\u00cb N\u00cb SHKUP<\/strong><strong><br \/>\nZyra Konsullore<\/strong><\/u><\/p>\n<p><strong>Rruga Osma Udarna Brigada, 22 \u2013 1000 Shkup<\/strong><\/p>\n<p>Zyra Konsullore, pasi t\u00eb ket\u00eb marr\u00eb dokumentacionin, do t\u00eb kontaktoj\u00eb pensionistin n\u00eb numrin e telefonit t\u00eb dh\u00ebn\u00eb ose p\u00ebrmes email-it p\u00ebr t\u00eb caktuar nj\u00eb videotelefonat\u00eb.<br \/>\nGjat\u00eb videotelefonat\u00ebs, pensionisti duhet t\u00eb paraqes\u00eb pasaport\u00ebn ose kart\u00ebn e identitetit n\u00eb origjinal dhe kopjen ose origjinalin e formularit t\u00eb k\u00ebrkes\u00ebs p\u00ebr ekzistenc\u00ebn n\u00eb jet\u00eb q\u00eb \u00ebsht\u00eb d\u00ebrguar tashm\u00eb n\u00eb Zyr\u00ebn Konsullore.<\/p>\n<p><strong>P\u00ebr ndihm\u00eb, sh\u00ebrbimi i mb\u00ebshtetjes CITI mund t\u00eb kontaktohet nga pensionist\u00ebt n\u00ebp\u00ebrmjet m\u00ebnyrave t\u00eb m\u00ebposhtme:<\/strong><\/p>\n<ul>\n<li>Duke vizituar faqen e internetit <a href=\"http:\/\/www.inps.citi.com\">www.inps.citi.com<\/a>; \u2022 Duke d\u00ebrguar nj\u00eb mesazh me email n\u00eb adres\u00ebn: <a href=\"mailto:inps.pensionati@citi.com\">inps.pensionati@citi.com<\/a>; \u00a0\u00a0\u00a0\u00a0\u00a0\u00a0\u00a0\u00a0\u00a0\u00a0\u00a0\u00a0\u00a0\u00a0\u00a0\u00a0\u00a0\u00a0\u00a0\u00a0\u2022 Duke telefonuar n\u00eb nj\u00ebrin nga numrat telefonik\u00eb t\u00eb dh\u00ebn\u00eb n\u00eb letr\u00ebn shpjeguese.<\/li>\n<\/ul>\n<div><\/div>\n<div><\/div>\n","protected":false},"excerpt":{"rendered":"PAGESA E PENSIONEVE JASHT\u00cb ITALIS\u00cb NGA INPS Njoftohet p\u00ebrdoruesi se nga data 20 mars deri m\u00eb 18 korrik 2025 \u00ebsht\u00eb hapur kampanja p\u00ebr verifikimin e EKZISTENC\u00cbS N\u00cb JET\u00cb p\u00ebr pensionist\u00ebt q\u00eb marrin pensione jasht\u00eb vendit, p\u00ebr vitin 2025. Pensionet paguhen \u00e7do muaj p\u00ebr ata q\u00eb banojn\u00eb jasht\u00eb. Pensionet q\u00eb jan\u00eb m\u00eb t\u00eb vogla se nj\u00eb [&hellip;]","protected":false},"author":1,"featured_media":0,"parent":204,"menu_order":9,"comment_status":"closed","ping_status":"closed","template":"","meta":{"footnotes":""},"class_list":["post-218","page","type-page","status-publish","hentry"],"_links":{"self":[{"href":"https:\/\/ambskopje.esteri.it\/sq\/wp-json\/wp\/v2\/pages\/218","targetHints":{"allow":["GET"]}}],"collection":[{"href":"https:\/\/ambskopje.esteri.it\/sq\/wp-json\/wp\/v2\/pages"}],"about":[{"href":"https:\/\/ambskopje.esteri.it\/sq\/wp-json\/wp\/v2\/types\/page"}],"author":[{"embeddable":true,"href":"https:\/\/ambskopje.esteri.it\/sq\/wp-json\/wp\/v2\/users\/1"}],"replies":[{"embeddable":true,"href":"https:\/\/ambskopje.esteri.it\/sq\/wp-json\/wp\/v2\/comments?post=218"}],"version-history":[{"count":3,"href":"https:\/\/ambskopje.esteri.it\/sq\/wp-json\/wp\/v2\/pages\/218\/revisions"}],"predecessor-version":[{"id":3879,"href":"https:\/\/ambskopje.esteri.it\/sq\/wp-json\/wp\/v2\/pages\/218\/revisions\/3879"}],"up":[{"embeddable":true,"href":"https:\/\/ambskopje.esteri.it\/sq\/wp-json\/wp\/v2\/pages\/204"}],"wp:attachment":[{"href":"https:\/\/ambskopje.esteri.it\/sq\/wp-json\/wp\/v2\/media?parent=218"}],"curies":[{"name":"wp","href":"https:\/\/api.w.org\/{rel}","templated":true}]}}