{"id":204,"date":"2023-04-11T18:12:24","date_gmt":"2023-04-11T16:12:24","guid":{"rendered":"https:\/\/ambskopje.esteri.it\/servizi-consolari-e-visti\/servizi-per-il-cittadino-italiano\/"},"modified":"2026-03-05T13:05:23","modified_gmt":"2026-03-05T12:05:23","slug":"servizi-per-il-cittadino-italiano","status":"publish","type":"page","link":"https:\/\/ambskopje.esteri.it\/sq\/servizi-consolari-e-visti\/servizi-per-il-cittadino-italiano\/","title":{"rendered":"Sherbime per shtetasin italian"},"content":{"rendered":"<p data-start=\"0\" data-end=\"202\">Nga menuja n\u00eb t\u00eb djatht\u00eb \u00ebsht\u00eb e mundur t\u00eb zgjidhet sh\u00ebrbimi i k\u00ebrkuar nga qytetar\u00ebt italian\u00eb q\u00eb jan\u00eb rezident\u00eb n\u00eb Maqedonin\u00eb e Veriut, q\u00eb ndodhen aty p\u00ebrkoh\u00ebsisht ose q\u00eb synojn\u00eb t\u00eb udh\u00ebtojn\u00eb drejt saj.<\/p>\n<p data-start=\"204\" data-end=\"756\">P\u00ebr qytetar\u00ebt italian\u00eb \u00ebsht\u00eb e mundur hyrja n\u00eb territorin e Maqedonis\u00eb s\u00eb Veriut me kart\u00eb identiteti t\u00eb vlefshme p\u00ebr udh\u00ebtim jasht\u00eb vendit, me vlefshm\u00ebri t\u00eb pakt\u00ebn tre muaj pas dat\u00ebs s\u00eb parashikuar t\u00eb daljes nga Republika e Maqedonis\u00eb s\u00eb Veriut, <span style=\"text-decoration: underline;\"><strong>ose<\/strong><\/span> me pasaport\u00eb me t\u00eb nj\u00ebjt\u00ebn vlefshm\u00ebri t\u00eb mbetur. N\u00eb ve\u00e7anti, n\u00eb rastin e kart\u00ebs s\u00eb identitetit n\u00eb format letre, \u00ebsht\u00eb thelb\u00ebsore q\u00eb ajo t\u00eb mos paraqes\u00eb asnj\u00eb shenj\u00eb d\u00ebmtimi ose ndryshimi. <strong>Kujtohet se kartat e identitetit n\u00eb format letre do t\u00eb pushojn\u00eb p\u00ebrfundimisht s\u00eb qeni t\u00eb vlefshme m\u00eb 3 gusht 2026.<\/strong><\/p>\n<p data-start=\"758\" data-end=\"839\">P\u00ebr m\u00eb shum\u00eb informacione \u00ebsht\u00eb e mundur t\u00eb vizitohet faqja <a href=\"https:\/\/www.viaggiaresicuri.it\/find-country\/country\/MKD\">Viaggiare Sicuri<\/a>.<\/p>\n<p data-start=\"841\" data-end=\"980\">K\u00ebshillohet q\u00eb qytetar\u00ebt q\u00eb ndodhen p\u00ebrkoh\u00ebsisht n\u00eb Maqedonin\u00eb e Veriut t\u00eb regjistrojn\u00eb udh\u00ebtimin e tyre n\u00eb faqen <a href=\"https:\/\/www.dovesiamonelmondo.it\/home.html\">Dove siamo nel mondo<\/a>.<\/p>\n<p data-start=\"982\" data-end=\"1058\">Rregullat doganore p\u00ebr Maqedonin\u00eb e Veriut: <a href=\"https:\/\/www.customs.gov.mk\/en-GB\/pocetna\/fizicki-lica\/patnici\/patnici.nspx\">\u0426\u0430\u0440\u0438\u043d\u0441\u043a\u0430 \u0423\u043f\u0440\u0430\u0432\u0430 \u2013 Passengers<\/a><\/p>\n<p data-start=\"1060\" data-end=\"1097\">Informacione p\u00ebr udh\u00ebtimet me kafsh\u00eb:<\/p>\n<p data-start=\"1145\" data-end=\"1202\"><a href=\"https:\/\/fva.gov.mk\/images\/%D0%9F%D0%BE%D1%81%D1%82%D0%B5%D1%80-_%D0%9D%D0%BE%D0%B2%D0%B8_%D0%BF%D1%80%D0%B0%D0%B2%D0%B8%D0%BB%D0%B0_%D0%B7%D0%B0_%D0%B2%D0%BB%D0%B5%D0%B7_%D0%B8_%D1%82%D1%80%D0%B0%D0%BD%D1%81%D0%B7%D0%B8%D1%82_%D0%BD%D0%B0_%D0%B4%D0%BE%D0%BC%D0%B0%D1%88%D0%BD%D0%B8_%D0%BC%D0%B8%D0%BB%D0%B5%D0%BD%D0%B8%D1%86%D0%B8.pdf\">Hyrja ose tranziti i kafsh\u00ebve sht\u00ebpiake \u2013 P\u00ebrmbledhje<\/a><\/p>\n<p data-start=\"1204\" data-end=\"1272\"><a href=\"https:\/\/fva.gov.mk\/mk\/domasni-milenici\">Importi ose tranziti i kafsh\u00ebve sht\u00ebpiake \u2013 K\u00ebrkesa dhe rregulla<\/a><\/p>\n<p data-start=\"1204\" data-end=\"1272\">\n<p data-start=\"1279\" data-end=\"1292\"><a href=\"https:\/\/ambskopje.esteri.it\/it\/servizi-consolari-e-visti\/servizi-per-il-cittadino-italiano\/modulistica\/\"><strong>Formular\u00eb<\/strong><\/a><\/p>\n<p data-start=\"1294\" data-end=\"1326\"><strong>Tabela e tarifave konsullore<\/strong><\/p>\n<p data-start=\"1328\" data-end=\"1390\"><strong>Regjistri konsullor<\/strong> (lista e p\u00ebrkthyesve, avokat\u00ebve, etj.)<\/p>\n<p data-start=\"1328\" data-end=\"1390\">\n<p data-start=\"1397\" data-end=\"1454\">Regjistri i Italian\u00ebve Rezident\u00eb Jasht\u00eb Vendit (AIRE)<\/p>\n<p data-start=\"1456\" data-end=\"1497\">Karta Elektronike e Identitetit (CIE)<\/p>\n<p data-start=\"1499\" data-end=\"1512\">Pasaporta<\/p>\n<p data-start=\"1514\" data-end=\"1553\">Dokumente udh\u00ebtimi emergjente (ETD)<\/p>\n<p data-start=\"1555\" data-end=\"1659\">Gjendja civile (lindje, martes\u00eb, vdekje, divorc, ndryshim mbiemri, regjistrimi i vendimeve t\u00eb huaja)<\/p>\n<p data-start=\"1661\" data-end=\"1702\">Asistenc\u00eb p\u00ebr qytetar\u00ebt jasht\u00eb vendit<\/p>\n<p data-start=\"1704\" data-end=\"1740\">Lejet e drejtimit t\u00eb automjeteve<\/p>\n<p data-start=\"1742\" data-end=\"1764\">Sh\u00ebrbime noteriale<\/p>\n<p data-start=\"1766\" data-end=\"1801\">Pensione dhe sigurime shoq\u00ebrore<\/p>\n<p data-start=\"1803\" data-end=\"1818\">Kodi fiskal<\/p>\n<p data-start=\"1820\" data-end=\"1862\">P\u00ebrkthimi dhe legalizimi i dokumenteve<\/p>\n<p data-start=\"1864\" data-end=\"1888\">Votimi jasht\u00eb vendit<\/p>\n<p data-start=\"1890\" data-end=\"1903\">Formular\u00eb<\/p>\n<p data-start=\"1905\" data-end=\"1937\">Tabela e tarifave konsullore<\/p>\n<p data-start=\"1939\" data-end=\"1984\" data-is-last-node=\"\" data-is-only-node=\"\">Regjistri konsullor dhe sh\u00ebrbime t\u00eb tjera<\/p>\n","protected":false},"excerpt":{"rendered":"Nga menuja n\u00eb t\u00eb djatht\u00eb \u00ebsht\u00eb e mundur t\u00eb zgjidhet sh\u00ebrbimi i k\u00ebrkuar nga qytetar\u00ebt italian\u00eb q\u00eb jan\u00eb rezident\u00eb n\u00eb Maqedonin\u00eb e Veriut, q\u00eb ndodhen aty p\u00ebrkoh\u00ebsisht ose q\u00eb synojn\u00eb t\u00eb udh\u00ebtojn\u00eb drejt saj. P\u00ebr qytetar\u00ebt italian\u00eb \u00ebsht\u00eb e mundur hyrja n\u00eb territorin e Maqedonis\u00eb s\u00eb Veriut me kart\u00eb identiteti t\u00eb vlefshme p\u00ebr udh\u00ebtim jasht\u00eb [&hellip;]","protected":false},"author":1,"featured_media":0,"parent":188,"menu_order":0,"comment_status":"closed","ping_status":"closed","template":"","meta":{"footnotes":""},"class_list":["post-204","page","type-page","status-publish","hentry"],"_links":{"self":[{"href":"https:\/\/ambskopje.esteri.it\/sq\/wp-json\/wp\/v2\/pages\/204","targetHints":{"allow":["GET"]}}],"collection":[{"href":"https:\/\/ambskopje.esteri.it\/sq\/wp-json\/wp\/v2\/pages"}],"about":[{"href":"https:\/\/ambskopje.esteri.it\/sq\/wp-json\/wp\/v2\/types\/page"}],"author":[{"embeddable":true,"href":"https:\/\/ambskopje.esteri.it\/sq\/wp-json\/wp\/v2\/users\/1"}],"replies":[{"embeddable":true,"href":"https:\/\/ambskopje.esteri.it\/sq\/wp-json\/wp\/v2\/comments?post=204"}],"version-history":[{"count":2,"href":"https:\/\/ambskopje.esteri.it\/sq\/wp-json\/wp\/v2\/pages\/204\/revisions"}],"predecessor-version":[{"id":4858,"href":"https:\/\/ambskopje.esteri.it\/sq\/wp-json\/wp\/v2\/pages\/204\/revisions\/4858"}],"up":[{"embeddable":true,"href":"https:\/\/ambskopje.esteri.it\/sq\/wp-json\/wp\/v2\/pages\/188"}],"wp:attachment":[{"href":"https:\/\/ambskopje.esteri.it\/sq\/wp-json\/wp\/v2\/media?parent=204"}],"curies":[{"name":"wp","href":"https:\/\/api.w.org\/{rel}","templated":true}]}}