{"id":202,"date":"2023-04-11T18:23:52","date_gmt":"2023-04-11T16:23:52","guid":{"rendered":"https:\/\/ambskopje.esteri.it\/italia-e-macedonia-del-nord\/diplomazia-economica\/fare-affari-nella-macedonia-del-nord\/"},"modified":"2026-02-17T11:54:02","modified_gmt":"2026-02-17T10:54:02","slug":"fare-affari-nella-macedonia-del-nord","status":"publish","type":"page","link":"https:\/\/ambskopje.esteri.it\/sq\/italia-e-macedonia-del-nord\/diplomazia-economica\/fare-affari-nella-macedonia-del-nord\/","title":{"rendered":"T\u00cb B\u00cbSH BIZNES N\u00cb MAQEDONIN\u00cb E VERIUT"},"content":{"rendered":"<div><span style=\"font-family: Calibri,sans-serif; font-size: small;\"><span lang=\"aa\">Kompanit\u00eb italiane t\u00eb interesuara p\u00ebr t\u00eb kryer aktivitete biznesi dhe p\u00ebr t\u00eb b\u00ebr\u00eb biznes n\u00eb Maqedonin\u00eb e Veriut mund ta vizitojn\u00eb portalin e vet\u00ebm t\u00eb krijuar nga Ministria e Pun\u00ebve t\u00eb Jashtme dhe Bashk\u00ebpunimit Nd\u00ebrkomb\u00ebtar n\u00eb bashk\u00ebpunim me Agjencin\u00eb ICE, SACE dhe SIMEST, <\/span><a href=\"http:\/\/www.export.gov.it\" target=\"_blank\" rel=\"noopener noreferrer\"><span lang=\"aa\">www.export.gov.it<\/span><\/a><span lang=\"aa\"> , kushtuar eksportuesve italian\u00eb me informata, t\u00eb dh\u00ebna dhe udh\u00ebzime praktike p\u00ebr procedurat, financimin dhe asistenc\u00ebn p\u00ebr bizneset.<\/span><\/span><\/div>\n<div><span style=\"font-family: Calibri,sans-serif; font-size: small;\"><span lang=\"aa\">Lidhur me mund\u00ebsit\u00eb e biznesit n\u00eb Maqedonin\u00eb e Veriut, nj\u00eb pasqyr\u00eb t\u00eb p\u00ebrgjithshm\u00eb ofron faqja e internetit <\/span><a href=\"http:\/\/www.infomercatiesteri.it\/\" target=\"_blank\" rel=\"noopener noreferrer\"><span lang=\"aa\">InfoMercati Esteri<\/span><\/a><span lang=\"aa\"> e cila p\u00ebrdit\u00ebsohet vazhdimisht.<\/span><\/span><\/div>\n<div><span style=\"font-family: Calibri,sans-serif; font-size: small;\"><span lang=\"aa\">P\u00ebr informata mbi tender\u00ebt dhe projektet e m\u00ebdha q\u00eb kan\u00eb t\u00eb b\u00ebjn\u00eb me Maqedonin\u00eb e Veriut, konsultoni faqen e internetit <\/span><a href=\"https:\/\/extender.esteri.it\/sito\/appalti-internazionali-anticipazioni-grandi-progetti\" target=\"_blank\" rel=\"noopener noreferrer\"><span lang=\"aa\">EX-TENDER<\/span><\/a><span lang=\"aa\">. <\/span><\/span><\/div>\n<div><span style=\"font-family: Calibri,sans-serif; font-size: small;\"><span lang=\"aa\">P\u00ebr informata mbi tregun e Maqedonis\u00eb s\u00eb Veriut dhe mbi dinamik\u00ebn tregtare q\u00eb karakterizon vendin, mund t\u00eb kontaktoni zyr\u00ebn ICE n\u00eb Shkup <\/span><a href=\"https:\/\/www.ice.it\/it\/mercati\/repubblica-di-macedonia-del-nord\/punto-di-corrispondenza-di-skopje\" target=\"_blank\" rel=\"noopener noreferrer\"><span lang=\"aa\">Agenzia ICE di Skopje<\/span><\/a><span lang=\"aa\">, e cila zhvillon aktivitetin e saj n\u00ebn mbik\u00ebqyrjen e Zyr\u00ebs Tregtare t\u00eb Ambasad\u00ebs s\u00eb Italis\u00eb n\u00eb Shkup.<\/span><\/span><\/div>\n<div><span style=\"font-family: Calibri,sans-serif; font-size: small;\"><span lang=\"aa\">Agjencia ICE ofron gjithashtu informata mbi legjislacionin maqedonas q\u00eb nj\u00eb investitor italian duhet t\u00eb dij\u00eb para se t\u00eb krijoj\u00eb nj\u00eb struktur\u00eb tregtare n\u00eb Maqedonin\u00eb e Veriut, detyrimet ligjore dhe fiskale dhe aspektet q\u00eb lidhen me ligjin e pun\u00ebsimit, rregullat q\u00eb rregullojn\u00eb investimet dhe subvencionet e ofruar nga Qeveria maqedonase.<\/span><\/span><\/div>\n<div><span style=\"font-family: Calibri,sans-serif; font-size: small;\"><span lang=\"aa\">Burime tjera t\u00eb v\u00ebna n\u00eb dispozicion nga institucionet e Maqedonis\u00eb s\u00eb Veriut (n\u00eb anglisht) jan\u00eb:<\/span><\/span><\/div>\n<div><span style=\"font-family: Calibri,sans-serif; font-size: small;\"><span lang=\"aa\">\u2022 Faqja e internetit e Agjencis\u00eb s\u00eb Investimeve t\u00eb Maqedonis\u00eb s\u00eb Veriut\u00a0\u00a0 <\/span><a href=\"https:\/\/investnorthmacedonia.gov.mk\/\" target=\"_blank\" rel=\"noopener noreferrer\"><span lang=\"aa\">Invest North Macedonia<\/span><\/a><span lang=\"aa\">.<\/span><\/span><\/div>\n<div><span style=\"font-family: Calibri,sans-serif; font-size: small;\"><span lang=\"aa\">\u2022 Faqja e internetit e Drejtoris\u00eb p\u00ebr Zona Zhvillimore Teknologjike Industriale<\/span> <a href=\"https:\/\/fez.gov.mk\/en\/home-english\/\" target=\"_blank\" rel=\"noopener noreferrer\"><span lang=\"aa\">TIRZ<\/span><\/a><span lang=\"aa\">.<\/span><\/span><\/div>\n","protected":false},"excerpt":{"rendered":"Kompanit\u00eb italiane t\u00eb interesuara p\u00ebr t\u00eb kryer aktivitete biznesi dhe p\u00ebr t\u00eb b\u00ebr\u00eb biznes n\u00eb Maqedonin\u00eb e Veriut mund ta vizitojn\u00eb portalin e vet\u00ebm t\u00eb krijuar nga Ministria e Pun\u00ebve t\u00eb Jashtme dhe Bashk\u00ebpunimit Nd\u00ebrkomb\u00ebtar n\u00eb bashk\u00ebpunim me Agjencin\u00eb ICE, SACE dhe SIMEST, www.export.gov.it , kushtuar eksportuesve italian\u00eb me informata, t\u00eb dh\u00ebna dhe udh\u00ebzime praktike [&hellip;]","protected":false},"author":1,"featured_media":0,"parent":169,"menu_order":0,"comment_status":"closed","ping_status":"closed","template":"","meta":{"footnotes":""},"class_list":["post-202","page","type-page","status-publish","hentry"],"_links":{"self":[{"href":"https:\/\/ambskopje.esteri.it\/sq\/wp-json\/wp\/v2\/pages\/202","targetHints":{"allow":["GET"]}}],"collection":[{"href":"https:\/\/ambskopje.esteri.it\/sq\/wp-json\/wp\/v2\/pages"}],"about":[{"href":"https:\/\/ambskopje.esteri.it\/sq\/wp-json\/wp\/v2\/types\/page"}],"author":[{"embeddable":true,"href":"https:\/\/ambskopje.esteri.it\/sq\/wp-json\/wp\/v2\/users\/1"}],"replies":[{"embeddable":true,"href":"https:\/\/ambskopje.esteri.it\/sq\/wp-json\/wp\/v2\/comments?post=202"}],"version-history":[{"count":3,"href":"https:\/\/ambskopje.esteri.it\/sq\/wp-json\/wp\/v2\/pages\/202\/revisions"}],"predecessor-version":[{"id":4735,"href":"https:\/\/ambskopje.esteri.it\/sq\/wp-json\/wp\/v2\/pages\/202\/revisions\/4735"}],"up":[{"embeddable":true,"href":"https:\/\/ambskopje.esteri.it\/sq\/wp-json\/wp\/v2\/pages\/169"}],"wp:attachment":[{"href":"https:\/\/ambskopje.esteri.it\/sq\/wp-json\/wp\/v2\/media?parent=202"}],"curies":[{"name":"wp","href":"https:\/\/api.w.org\/{rel}","templated":true}]}}