{"id":188,"date":"2023-04-11T17:08:57","date_gmt":"2023-04-11T15:08:57","guid":{"rendered":"https:\/\/ambskopje.esteri.it\/servizi-consolari-e-visti\/"},"modified":"2026-03-05T12:39:15","modified_gmt":"2026-03-05T11:39:15","slug":"servizi-consolari-e-visti","status":"publish","type":"page","link":"https:\/\/ambskopje.esteri.it\/sq\/servizi-consolari-e-visti\/","title":{"rendered":"Sh\u00ebrbimet Konsullore dhe Vizat"},"content":{"rendered":"<p data-start=\"0\" data-end=\"245\">N\u00ebse je nj\u00eb qytetar italian q\u00eb ndodhet n\u00eb Maqedonin\u00eb e Veriut, ose nj\u00eb qytetar maqedonas i interesuar p\u00ebr t\u00eb kryer aktivitete n\u00eb Itali, mund t\u00eb kesh nevoj\u00eb p\u00ebr sh\u00ebrbimet e ofruara nga Zyra Konsullore dhe e Vizave e Ambasad\u00ebs s\u00eb Italis\u00eb n\u00eb Shkup.<\/p>\n<p data-start=\"247\" data-end=\"390\">P\u00ebr t\u00eb leht\u00ebsuar navigimin, kemi ndar\u00eb sh\u00ebrbimet e ndryshme t\u00eb ofruara n\u00eb dy seksione: ato p\u00ebr <a href=\"https:\/\/ambskopje.esteri.it\/sq\/servizi-consolari-e-visti\/servizi-per-il-cittadino-italiano\/\">qytetar\u00ebt italian\u00eb<\/a> dhe ato p\u00ebr <a href=\"https:\/\/ambskopje.esteri.it\/sq\/servizi-consolari-e-visti\/servizi-per-il-cittadino-straniero\/\">qytetar\u00ebt e huaj<\/a>.<\/p>\n<p data-start=\"392\" data-end=\"746\">P\u00ebr \u00e7do informacion shtes\u00eb ju ftojm\u00eb t\u00eb kontaktoni Zyr\u00ebn Konsullore n\u00eb adres\u00ebn e e-mailit <a class=\"decorated-link cursor-pointer\" href=\"mailto:consolare.skopje@esteri.it\" rel=\"noopener\" data-start=\"482\" data-end=\"508\">consolare.skopje@esteri.it<\/a> (pasaporta dhe dokumente udh\u00ebtimi, gjendje civile, shtet\u00ebsi, regjistri konsullor\/AIRE, akte noteriale, ndihma, pensione) ose Zyr\u00ebn e Vizave n\u00eb adres\u00ebn e e-mailit <a class=\"decorated-link cursor-pointer\" href=\"mailto:visti.skopje@esteri.it\" rel=\"noopener\" data-start=\"671\" data-end=\"693\">visti.skopje@esteri.it<\/a> (viza, deklarata t\u00eb vler\u00ebs, kode fiskale, pensione).<\/p>\n<p data-start=\"748\" data-end=\"1018\"><strong>T\u00eb dyja Zyrat presin vet\u00ebm me takim, i cili mund t\u00eb rezervohet ekskluzivisht n\u00eb portalin <a href=\"https:\/\/prenotami.esteri.it\/\">Prenot@mi<\/a><\/strong> (rezervimi \u00ebsht\u00eb falas), gjat\u00eb orarit t\u00eb pritjes p\u00ebr publikun nga e marta deri t\u00eb premten nga ora 09.00 deri n\u00eb 13.00, nd\u00ebrsa t\u00eb m\u00ebrkur\u00ebn edhe nga ora 14.30 deri n\u00eb 16.30.<\/p>\n<p data-start=\"1020\" data-end=\"1124\">Kujtohet se p\u00ebr arsye sigurie nuk lejohet hyrja n\u00eb ambientet e Ambasad\u00ebs me \u00e7anta dhe telefona celular\u00eb.<\/p>\n<p data-start=\"1126\" data-end=\"1212\">\u00cbsht\u00eb e mundur t\u00eb telefononi n\u00eb oraret e m\u00ebposhtme n\u00eb numrat e m\u00ebposht\u00ebm t\u00eb telefonit:<\/p>\n<ul>\n<li data-start=\"1214\" data-end=\"1371\">E h\u00ebn\u00eb nga ora 10:00 deri n\u00eb 13:00 dhe nga ora 14:30 deri n\u00eb 16:00<\/li>\n<li data-start=\"1214\" data-end=\"1371\">E mart\u00eb dhe e enjte nga ora 14:30 deri n\u00eb 16:00<\/li>\n<li data-start=\"1214\" data-end=\"1371\">E premte nga ora 13:30 deri n\u00eb 15:00<\/li>\n<\/ul>\n<p data-start=\"1373\" data-end=\"1604\" data-is-last-node=\"\" data-is-only-node=\"\">+389 2 3236 517 (sh\u00ebrbime konsullore p\u00ebr qytetar\u00ebt italian\u00eb dhe shtet\u00ebsia)<br data-start=\"1447\" data-end=\"1450\" \/>+389 2 3236 518 (sh\u00ebrbime p\u00ebr qytetar\u00ebt e huaj \u2013 viza, deklarata t\u00eb vler\u00ebs, kode fiskale)<br data-start=\"1539\" data-end=\"1542\" \/>+389 2 3236 520 (pensione dhe k\u00ebrkesa p\u00ebr anulimin e d\u00ebbimeve)<\/p>\n","protected":false},"excerpt":{"rendered":"N\u00ebse je nj\u00eb qytetar italian q\u00eb ndodhet n\u00eb Maqedonin\u00eb e Veriut, ose nj\u00eb qytetar maqedonas i interesuar p\u00ebr t\u00eb kryer aktivitete n\u00eb Itali, mund t\u00eb kesh nevoj\u00eb p\u00ebr sh\u00ebrbimet e ofruara nga Zyra Konsullore dhe e Vizave e Ambasad\u00ebs s\u00eb Italis\u00eb n\u00eb Shkup. P\u00ebr t\u00eb leht\u00ebsuar navigimin, kemi ndar\u00eb sh\u00ebrbimet e ndryshme t\u00eb ofruara n\u00eb [&hellip;]","protected":false},"author":1,"featured_media":0,"parent":0,"menu_order":6,"comment_status":"closed","ping_status":"closed","template":"","meta":{"footnotes":""},"class_list":["post-188","page","type-page","status-publish","hentry"],"_links":{"self":[{"href":"https:\/\/ambskopje.esteri.it\/sq\/wp-json\/wp\/v2\/pages\/188","targetHints":{"allow":["GET"]}}],"collection":[{"href":"https:\/\/ambskopje.esteri.it\/sq\/wp-json\/wp\/v2\/pages"}],"about":[{"href":"https:\/\/ambskopje.esteri.it\/sq\/wp-json\/wp\/v2\/types\/page"}],"author":[{"embeddable":true,"href":"https:\/\/ambskopje.esteri.it\/sq\/wp-json\/wp\/v2\/users\/1"}],"replies":[{"embeddable":true,"href":"https:\/\/ambskopje.esteri.it\/sq\/wp-json\/wp\/v2\/comments?post=188"}],"version-history":[{"count":2,"href":"https:\/\/ambskopje.esteri.it\/sq\/wp-json\/wp\/v2\/pages\/188\/revisions"}],"predecessor-version":[{"id":4853,"href":"https:\/\/ambskopje.esteri.it\/sq\/wp-json\/wp\/v2\/pages\/188\/revisions\/4853"}],"wp:attachment":[{"href":"https:\/\/ambskopje.esteri.it\/sq\/wp-json\/wp\/v2\/media?parent=188"}],"curies":[{"name":"wp","href":"https:\/\/api.w.org\/{rel}","templated":true}]}}