{"id":171,"date":"2023-04-11T18:24:01","date_gmt":"2023-04-11T16:24:01","guid":{"rendered":"https:\/\/ambskopje.esteri.it\/diplomazia-economica\/fare-affari-in-italia\/"},"modified":"2024-04-19T11:48:56","modified_gmt":"2024-04-19T09:48:56","slug":"fare-affari-in-italia","status":"publish","type":"page","link":"https:\/\/ambskopje.esteri.it\/sq\/italia-e-macedonia-del-nord\/diplomazia-economica\/fare-affari-in-italia\/","title":{"rendered":"T\u00cb B\u00cbSH BIZNES N\u00cb ITALI"},"content":{"rendered":"<div><span style=\"font-family: Calibri,sans-serif; font-size: small;\"><span lang=\"aa\">Italia \u00ebsht\u00eb vendi i gjasht\u00eb n\u00eb zon\u00ebn e OECD dhe i kat\u00ebrti n\u00eb at\u00eb evropiane p\u00ebr sa i p\u00ebrket vler\u00ebs s\u00eb produktit t\u00eb brendsh\u00ebm bruto. <\/span><\/span><\/div>\n<div><span style=\"font-family: Calibri,sans-serif; font-size: small;\"><span lang=\"aa\">E vendosur n\u00eb zem\u00ebr t\u00eb Mesdheut, Italia p\u00ebrfaq\u00ebson nj\u00eb qend\u00ebr thelb\u00ebsore p\u00ebr lidhjet rrugore, detare dhe ajrore midis Veriut dhe Jugut t\u00eb Evrop\u00ebs. Tregu italian ofron mund\u00ebsi t\u00eb panum\u00ebrta p\u00ebr zgjerimin e bizneseve, me gati 60 milion\u00eb konsumator\u00eb dhe nj\u00eb PBB me t\u00eb cilin renditet e kat\u00ebrta n\u00eb Evrop\u00eb.<\/span><\/span><\/div>\n<div><span style=\"font-family: Calibri,sans-serif; font-size: small;\"><span lang=\"aa\">Fal\u00eb vendndodhjes s\u00eb saj strategjike, Italia lejon q\u00eb t\u00eb arrihet leht\u00ebsisht te 396 milion\u00eb konsumator\u00eb n\u00eb shtetet e tjera t\u00eb Bashkimit Europian dhe te 240 milion\u00eb n\u00eb Afrik\u00ebn Veriore dhe Lindjen e Mesme.<\/span><\/span><\/div>\n<div><span style=\"font-family: Calibri,sans-serif; font-size: small;\"><span lang=\"aa\">N\u00eb Evrop\u00eb, Italia renditet e para si vendi me kosto m\u00eb t\u00eb ul\u00ebt p\u00ebr instalim strukturor p\u00ebr sektorin e bioteknologjis\u00eb, vendin e dyt\u00eb p\u00ebr testimin e produkteve n\u00eb aktivitetet e k\u00ebrkimit dhe zhvillimit, n\u00eb kimi dhe elektronik\u00eb.<\/span><\/span><\/div>\n<div><span style=\"font-family: Calibri,sans-serif; font-size: small;\"><span lang=\"aa\">Historia e vendit ton\u00eb, me origjin\u00eb shum\u00eb t\u00eb lasht\u00eb dhe nj\u00eb ep\u00ebrsi t\u00eb padiskutueshme n\u00eb lidhje me format e shumta t\u00eb shprehjes kulturore dhe artistike (nuk \u00ebsht\u00eb rast\u00ebsi q\u00eb Italia \u00ebsht\u00eb vendi i par\u00eb n\u00eb bot\u00eb p\u00ebr numrin e vendeve t\u00eb UNESCO-s), e kombinuar me dinamizmin e industris\u00eb son\u00eb dhe q\u00ebndrueshm\u00ebrin\u00eb e struktur\u00ebs s\u00eb nd\u00ebrmarrjeve t\u00eb vogla dhe t\u00eb mesme, si dhe konglomerateve t\u00eb m\u00ebdha t\u00eb biznesit, e b\u00ebjn\u00eb Italin\u00eb vendin m\u00eb t\u00eb p\u00ebrshtatsh\u00ebm p\u00ebr nj\u00eb larmi t\u00eb madhe aktivitetesh investimi, t\u00eb cilat ndryshojn\u00eb nga agro-ushqimore, tekstile, elektronik\u00eb deri m\u00eb sektorin terciar.<\/span><\/span><\/div>\n<div><span style=\"font-family: Calibri,sans-serif; font-size: small;\"><span lang=\"aa\">N\u00ebse jeni t\u00eb interesuar t\u00eb b\u00ebni biznes n\u00eb Itali, ju sugjerojm\u00eb t\u00eb konsultoheni:<\/span><\/span><\/div>\n<div><span style=\"font-family: Calibri,sans-serif; font-size: small;\"><span lang=\"aa\">\u2022<\/span><a href=\"https:\/\/www.ice.it\/en\/invest\/invest-italy\" target=\"_blank\" rel=\"noopener noreferrer\"><span lang=\"aa\">Why Invest in Italy<\/span><\/a><span lang=\"aa\">\u00a0 nga Agjencia ICE dhe Ministria e Zhvillimit Ekonomik<\/span><\/span><\/div>\n<div><span style=\"font-family: Calibri,sans-serif; font-size: small;\"><span lang=\"aa\">\u2022 <\/span><a href=\"http:\/\/www.italiastartupvisa.mise.gov.it\/\" target=\"_blank\" rel=\"noopener noreferrer\"><span lang=\"aa\">Italia Startup Visa<\/span><\/a><span lang=\"aa\">, faqe vet\u00ebm n\u00eb anglisht <\/span><\/span><\/div>\n<div><span style=\"font-family: Calibri,sans-serif; font-size: small;\"><span lang=\"aa\">\u2022 Informata p\u00ebr makroekonomin\u00eb nga <\/span><a href=\"http:\/\/www.dt.mef.gov.it\/it\/index.html\" target=\"_blank\" rel=\"noopener noreferrer\"><span lang=\"aa\">Dipartimento del Tesoro del Ministero dell\u2019Economia e Finanze<\/span><\/a><\/span><\/div>\n<div><span style=\"font-family: Calibri,sans-serif; font-size: small;\"><span lang=\"aa\">\u2022 Statistikat mbi ekonomin\u00eb italiane nga <\/span><a href=\"http:\/\/www.bancaditalia.it\/statistiche\/index.html?com.dotmarketing.htmlpage.language=102\" target=\"_blank\" rel=\"noopener noreferrer\"><span lang=\"aa\">Banca d\u2019Italia<\/span><\/a> <\/span><\/div>\n<div><span style=\"font-family: Calibri,sans-serif; font-size: small;\"><span lang=\"aa\">\u2022 <\/span><a href=\"http:\/\/www.registroimprese.it\/\" target=\"_blank\" rel=\"noopener noreferrer\"><span lang=\"aa\">Registro delle Imprese<\/span><\/a><span lang=\"aa\">, ku mund t\u00eb gjeni <\/span><span lang=\"it\">informata<\/span><span lang=\"aa\"> zyrtare p\u00ebr kompanit\u00eb me seli apo nj\u00ebsi vendore n\u00eb territorin komb\u00ebtar.<\/span><\/span><\/div>\n<div><span style=\"font-family: Calibri,sans-serif; font-size: small;\"><span lang=\"aa\">\u2022 <\/span><a href=\"https:\/\/www.ice.it\/en\/my-home\/find-your-italian-partner\" target=\"_blank\" rel=\"noopener noreferrer\"><span lang=\"aa\">Find Your Italian Partner<\/span><\/a><span lang=\"aa\"> nga agjencia ICE. <\/span><\/span><\/div>\n","protected":false},"excerpt":{"rendered":"Italia \u00ebsht\u00eb vendi i gjasht\u00eb n\u00eb zon\u00ebn e OECD dhe i kat\u00ebrti n\u00eb at\u00eb evropiane p\u00ebr sa i p\u00ebrket vler\u00ebs s\u00eb produktit t\u00eb brendsh\u00ebm bruto. E vendosur n\u00eb zem\u00ebr t\u00eb Mesdheut, Italia p\u00ebrfaq\u00ebson nj\u00eb qend\u00ebr thelb\u00ebsore p\u00ebr lidhjet rrugore, detare dhe ajrore midis Veriut dhe Jugut t\u00eb Evrop\u00ebs. Tregu italian ofron mund\u00ebsi t\u00eb panum\u00ebrta p\u00ebr [&hellip;]","protected":false},"author":1,"featured_media":0,"parent":169,"menu_order":0,"comment_status":"closed","ping_status":"closed","template":"","meta":{"footnotes":""},"class_list":["post-171","page","type-page","status-publish","hentry"],"_links":{"self":[{"href":"https:\/\/ambskopje.esteri.it\/sq\/wp-json\/wp\/v2\/pages\/171","targetHints":{"allow":["GET"]}}],"collection":[{"href":"https:\/\/ambskopje.esteri.it\/sq\/wp-json\/wp\/v2\/pages"}],"about":[{"href":"https:\/\/ambskopje.esteri.it\/sq\/wp-json\/wp\/v2\/types\/page"}],"author":[{"embeddable":true,"href":"https:\/\/ambskopje.esteri.it\/sq\/wp-json\/wp\/v2\/users\/1"}],"replies":[{"embeddable":true,"href":"https:\/\/ambskopje.esteri.it\/sq\/wp-json\/wp\/v2\/comments?post=171"}],"version-history":[{"count":2,"href":"https:\/\/ambskopje.esteri.it\/sq\/wp-json\/wp\/v2\/pages\/171\/revisions"}],"predecessor-version":[{"id":3120,"href":"https:\/\/ambskopje.esteri.it\/sq\/wp-json\/wp\/v2\/pages\/171\/revisions\/3120"}],"up":[{"embeddable":true,"href":"https:\/\/ambskopje.esteri.it\/sq\/wp-json\/wp\/v2\/pages\/169"}],"wp:attachment":[{"href":"https:\/\/ambskopje.esteri.it\/sq\/wp-json\/wp\/v2\/media?parent=171"}],"curies":[{"name":"wp","href":"https:\/\/api.w.org\/{rel}","templated":true}]}}