{"id":159,"date":"2023-04-11T17:07:36","date_gmt":"2023-04-11T15:07:36","guid":{"rendered":"https:\/\/ambskopje.esteri.it\/chi-siamo\/"},"modified":"2026-02-17T12:14:59","modified_gmt":"2026-02-17T11:14:59","slug":"chi-siamo","status":"publish","type":"page","link":"https:\/\/ambskopje.esteri.it\/sq\/chi-siamo\/","title":{"rendered":"Chi siamo"},"content":{"rendered":"<p>Ambasada gjendet n\u00eb pallatin historik Shkaperda,i nd\u00ebrtuar n\u00eb stilin eklektik m\u00eb 1932, dhe gjendet n\u00eb qendr\u00ebn e Shkupit, tek kryqzimi i dy rrug\u00ebve Dimitrije Cupovski dhe Dame Gruev.<br \/>\nZyra konsullore gjendet brenda Ambasad\u00ebs.<\/p>\n<p>Rruga 8ma Udarna Brigada, 22 Shkup<br \/>\nTel. +389-2-3236500<br \/>\nFax +389-2-3236505<\/p>\n<p>P\u00ebr zyrat e ve\u00e7anta, shihni n\u00eb <a href=\"https:\/\/ambskopje.esteri.it\/sq\/chi-siamo\/gli-uffici\/\">seksionin<\/a> e dedikuar.<\/p>\n","protected":false},"excerpt":{"rendered":"Ambasada gjendet n\u00eb pallatin historik Shkaperda,i nd\u00ebrtuar n\u00eb stilin eklektik m\u00eb 1932, dhe gjendet n\u00eb qendr\u00ebn e Shkupit, tek kryqzimi i dy rrug\u00ebve Dimitrije Cupovski dhe Dame Gruev. Zyra konsullore gjendet brenda Ambasad\u00ebs. Rruga 8ma Udarna Brigada, 22 Shkup Tel. +389-2-3236500 Fax +389-2-3236505 P\u00ebr zyrat e ve\u00e7anta, shihni n\u00eb seksionin e dedikuar.","protected":false},"author":1,"featured_media":0,"parent":0,"menu_order":2,"comment_status":"closed","ping_status":"closed","template":"","meta":{"footnotes":""},"class_list":["post-159","page","type-page","status-publish","hentry"],"_links":{"self":[{"href":"https:\/\/ambskopje.esteri.it\/sq\/wp-json\/wp\/v2\/pages\/159","targetHints":{"allow":["GET"]}}],"collection":[{"href":"https:\/\/ambskopje.esteri.it\/sq\/wp-json\/wp\/v2\/pages"}],"about":[{"href":"https:\/\/ambskopje.esteri.it\/sq\/wp-json\/wp\/v2\/types\/page"}],"author":[{"embeddable":true,"href":"https:\/\/ambskopje.esteri.it\/sq\/wp-json\/wp\/v2\/users\/1"}],"replies":[{"embeddable":true,"href":"https:\/\/ambskopje.esteri.it\/sq\/wp-json\/wp\/v2\/comments?post=159"}],"version-history":[{"count":4,"href":"https:\/\/ambskopje.esteri.it\/sq\/wp-json\/wp\/v2\/pages\/159\/revisions"}],"predecessor-version":[{"id":4741,"href":"https:\/\/ambskopje.esteri.it\/sq\/wp-json\/wp\/v2\/pages\/159\/revisions\/4741"}],"wp:attachment":[{"href":"https:\/\/ambskopje.esteri.it\/sq\/wp-json\/wp\/v2\/media?parent=159"}],"curies":[{"name":"wp","href":"https:\/\/api.w.org\/{rel}","templated":true}]}}