{"id":97,"date":"2023-04-11T18:24:01","date_gmt":"2023-04-11T16:24:01","guid":{"rendered":"https:\/\/ambasciatapraga.esteri.it\/?page_id=97"},"modified":"2024-04-18T09:19:11","modified_gmt":"2024-04-18T07:19:11","slug":"fare-affari-in-italia","status":"publish","type":"page","link":"https:\/\/ambskopje.esteri.it\/it\/italia-e-macedonia-del-nord\/diplomazia-economica\/fare-affari-in-italia\/","title":{"rendered":"Fare affari in Italia"},"content":{"rendered":"<div tabindex=\"-1\" role=\"list\" aria-label=\"Conversazione\">\n<div tabindex=\"-1\">\n<div tabindex=\"0\" aria-label=\"Contenuto messaggi\" aria-selected=\"true\">\n<div>\n<div class=\"_rp_f5\" tabindex=\"-1\" aria-label=\"Contenuto messaggio espanso\">\n<div class=\"_rp_R4 ms-border-color-neutralLight ShowReferenceAttachmentsLinks ShowConsesusSchedulingLink\" tabindex=\"-1\">\n<div class=\"_rp_45 _rp_35\">\n<div role=\"document\">\n<div id=\"Item.MessagePartBody\" class=\"_rp_T4\">\n<div id=\"Item.MessageUniqueBody\" class=\"_rp_U4 ms-font-weight-regular ms-font-color-neutralDark rpHighlightAllClass rpHighlightBodyClass\">\n<div class=\"rps_71b\">\n<div>\n<div lang=\"EN-GB\">\n<div class=\"x_WordSection1\">\n<p class=\"x_MsoNormal\"><span lang=\"IT\">L\u2019Italia \u00e8 il sesto Paese nell\u2019area OCSE e il quarto in quella europea per valore del Prodotto interno lordo.<\/span><\/p>\n<p class=\"x_MsoNormal\"><span lang=\"IT\">Situata nel cuore del Mediterraneo, l\u2019Italia rappresenta uno snodo cruciale per i collegamenti stradali, marittimi ed aerei tra il Nord ed il Sud d\u2019Europa.<\/span><span lang=\"IT\"> Il mercato italiano offre innumerevoli opportunit\u00e0 alle imprese in espansione, con quasi 60 milioni di consumatori e un PIL che si colloca al quarto posto in Europa.<br \/>\nGrazie alla sua ubicazione strategica, l\u2019Italia permette di raggiungere facilmente i 396 milioni di consumatori negli altri Stati dell\u2019Unione europea e i 240 milioni dell\u2019Africa settentrionale e del Medio Oriente. <\/span><\/p>\n<p class=\"x_MsoNormal\"><span lang=\"IT\">In Europa, l\u2019Italia si colloca al primo posto come Paese con il minor costo di insediamento per il settore delle biotecnologie, al secondo posto per i test su prodotto nelle attivit\u00e0 di ricerca e sviluppo, nella chimica e nell\u2019elettronica.<\/span><\/p>\n<p class=\"x_MsoNormal\"><span lang=\"IT\">\u00a0<\/span><\/p>\n<p class=\"x_MsoNormal\"><span lang=\"IT\">La storia del nostro Paese, con origini molto antiche e un\u2019indiscutibile primazia rispetto a numerose forme di espressione culturale e artistica (l\u2019Italia \u00e8 non a caso il primo paese al mondo per quantit\u00e0 di siti UNESCO), abbinata al dinamismo della nostra industria e alla solidit\u00e0 del tessuto di piccole e medie imprese, oltre a grandi conglomerati imprenditoriali, fanno dell\u2019Italia la collocazione pi\u00f9 indicata per una grande variet\u00e0 di attivit\u00e0 di investimento, che variano dall\u2019agro-food al tessile all\u2019elettronica fino al terziario.<\/span><\/p>\n<p class=\"x_MsoNormal\"><span lang=\"IT\">\u00a0<\/span><\/p>\n<p class=\"x_MsoNormal\"><span lang=\"IT\">Se siete interessati a fare affari in Italia, suggeriamo di consultare:<\/span><\/p>\n<p class=\"x_MsoListParagraphCxSpFirst\"><span lang=\"IT\">\u00b7\u00a0\u00a0\u00a0\u00a0\u00a0\u00a0 <\/span><span lang=\"IT\"><a href=\"https:\/\/www.ice.it\/en\/invest\/invest-italy\" target=\"_blank\" rel=\"noopener noreferrer\">Why Invest in Italy<\/a><\/span><span lang=\"IT\"> a cura dell\u2019ICE Agenzia e del Ministero dello Sviluppo Economico<\/span><\/p>\n<p class=\"x_MsoListParagraphCxSpMiddle\"><span lang=\"IT\">\u00b7\u00a0\u00a0\u00a0\u00a0\u00a0\u00a0 <\/span><span lang=\"IT\"><a href=\"http:\/\/www.italiastartupvisa.mise.gov.it\/\" target=\"_blank\" rel=\"noopener noreferrer\">Italia Startup Visa<\/a><\/span><span lang=\"IT\">, sito solo in inglese<\/span><\/p>\n<p class=\"x_MsoListParagraphCxSpMiddle\"><span lang=\"IT\">\u00b7\u00a0\u00a0\u00a0\u00a0\u00a0\u00a0 <\/span><span lang=\"IT\">Le informazioni macro-economiche fornite a cura del\u00a0<\/span><span lang=\"IT\"><a href=\"http:\/\/www.dt.mef.gov.it\/it\/index.html\" target=\"_blank\" rel=\"noopener noreferrer\">Dipartimento del Tesoro del Ministero dell\u2019Economia e Finanze<\/a><\/span><\/p>\n<p class=\"x_MsoListParagraphCxSpMiddle\"><span lang=\"IT\">\u00b7\u00a0\u00a0\u00a0\u00a0\u00a0\u00a0 <\/span><span lang=\"IT\">Le statistiche sull\u2019economia italiana a cura della\u00a0<\/span><span lang=\"IT\"><a href=\"http:\/\/www.bancaditalia.it\/statistiche\/index.html?com.dotmarketing.htmlpage.language=102\" target=\"_blank\" rel=\"noopener noreferrer\">Banca d\u2019Italia<\/a><\/span><\/p>\n<p class=\"x_MsoListParagraphCxSpMiddle\"><span lang=\"IT\">\u00b7\u00a0\u00a0\u00a0\u00a0\u00a0\u00a0 <\/span><span lang=\"IT\"><a href=\"http:\/\/www.registroimprese.it\/\" target=\"_blank\" rel=\"noopener noreferrer\">Registro delle Imprese<\/a><\/span><span lang=\"IT\">, dove si possono trovare informazioni ufficiali sulle imprese con sede o unit\u00e0 locali sul territorio nazionale.<\/span><\/p>\n<p class=\"x_MsoListParagraphCxSpLast\"><span lang=\"EN-US\">\u00b7\u00a0\u00a0\u00a0\u00a0\u00a0\u00a0 <\/span><span lang=\"EN-US\">Find your Italian partner <\/span><span lang=\"IT\"><a href=\"https:\/\/www.ice.it\/en\/my-home\/find-your-italian-partner\" target=\"_blank\" rel=\"noopener noreferrer\"><span lang=\"EN-US\">Find Your Italian Partner<\/span><\/a><\/span><span lang=\"EN-US\"> a cura dell\u2019Agenzia ICE <\/span><\/p>\n<p class=\"x_MsoNormal\"><span lang=\"EN-US\">\u00a0<\/span><\/p>\n<\/div>\n<\/div>\n<\/div>\n<\/div>\n<\/div>\n<\/div>\n<\/div>\n<\/div>\n<\/div>\n<\/div>\n<\/div>\n<\/div>\n<\/div>\n<\/div>\n","protected":false},"excerpt":{"rendered":"L\u2019Italia \u00e8 il sesto Paese nell\u2019area OCSE e il quarto in quella europea per valore del Prodotto interno lordo. Situata nel cuore del Mediterraneo, l\u2019Italia rappresenta uno snodo cruciale per i collegamenti stradali, marittimi ed aerei tra il Nord ed il Sud d\u2019Europa. Il mercato italiano offre innumerevoli opportunit\u00e0 alle imprese in espansione, con quasi [&hellip;]","protected":false},"author":1,"featured_media":0,"parent":43,"menu_order":0,"comment_status":"closed","ping_status":"closed","template":"","meta":{"footnotes":""},"class_list":["post-97","page","type-page","status-publish","hentry"],"_links":{"self":[{"href":"https:\/\/ambskopje.esteri.it\/it\/wp-json\/wp\/v2\/pages\/97","targetHints":{"allow":["GET"]}}],"collection":[{"href":"https:\/\/ambskopje.esteri.it\/it\/wp-json\/wp\/v2\/pages"}],"about":[{"href":"https:\/\/ambskopje.esteri.it\/it\/wp-json\/wp\/v2\/types\/page"}],"author":[{"embeddable":true,"href":"https:\/\/ambskopje.esteri.it\/it\/wp-json\/wp\/v2\/users\/1"}],"replies":[{"embeddable":true,"href":"https:\/\/ambskopje.esteri.it\/it\/wp-json\/wp\/v2\/comments?post=97"}],"version-history":[{"count":3,"href":"https:\/\/ambskopje.esteri.it\/it\/wp-json\/wp\/v2\/pages\/97\/revisions"}],"predecessor-version":[{"id":3281,"href":"https:\/\/ambskopje.esteri.it\/it\/wp-json\/wp\/v2\/pages\/97\/revisions\/3281"}],"up":[{"embeddable":true,"href":"https:\/\/ambskopje.esteri.it\/it\/wp-json\/wp\/v2\/pages\/43"}],"wp:attachment":[{"href":"https:\/\/ambskopje.esteri.it\/it\/wp-json\/wp\/v2\/media?parent=97"}],"curies":[{"name":"wp","href":"https:\/\/api.w.org\/{rel}","templated":true}]}}