{"id":68,"date":"2023-04-11T18:18:08","date_gmt":"2023-04-11T16:18:08","guid":{"rendered":"https:\/\/ambasciatapraga.esteri.it\/?page_id=68"},"modified":"2026-03-05T10:48:55","modified_gmt":"2026-03-05T09:48:55","slug":"stato-civile","status":"publish","type":"page","link":"https:\/\/ambskopje.esteri.it\/it\/servizi-consolari-e-visti\/servizi-per-il-cittadino-italiano\/stato-civile\/","title":{"rendered":"Stato Civile (nascita, matrimonio, decesso, cambio cognome, trascrizione di sentenze)"},"content":{"rendered":"<p>Lo Stato Civile riguarda eventi della vita del cittadino come nascita, matrimonio, unione civile, morte, divorzio, cittadinanza. La registrazione di tali fatti rientra nella competenza dell\u2019Ufficiale dello Stato Civile, le cui funzioni sono esercitate in Italia dai Comuni e all\u2019estero dagli Uffici Consolari. In particolare, gli Uffici Consolari ricevono gli atti dalle Autorit\u00e0 straniere e li trasmettono ai Comuni italiani per la trascrizione. <strong>I cittadini italiani sono tenuti a dichiarare tutte le variazioni di stato civile<\/strong> all\u2019Ufficio Consolare competente per il luogo in cui si \u00e8 verificato l\u2019evento. Gli atti di stato civile relativi a eventi avvenuti all\u2019estero possono anche essere presentati dagli interessati direttamente al Comune italiano di appartenenza.<\/p>\n<p>&nbsp;<\/p>\n<p>Per richiedere la trascrizione di un atto di stato civile \u00e8 necessario prenotare un appuntamento su <a href=\"https:\/\/prenotami.esteri.it\">Prenot@mi<\/a> e presentare l&#8217;apposita documentazione secondo quanto di seguito elencato:<\/p>\n<p><span style=\"text-decoration: underline;\"><strong>Trascrizione di un atto di nascita<\/strong><\/span><\/p>\n<p>Gli atti di nascita dei cittadini italiani nati all\u2019estero devono essere trascritti nei registri di stato civile italiani. La legge 23 maggio 2025 n. 74 (di conversione del decreto legge 28 marzo 2025 n. 36) ha introdotto dei limiti ai meccanismi esistenti di trasmissione automatica della cittadinanza italiana che si applicano anche alle richieste di trascrizione degli atti di nascita. Per approfondimenti si prega di verificare sulla pagina di <a href=\"https:\/\/ambskopje.esteri.it\/it\/servizi-consolari-e-visti\/servizi-per-il-cittadino-straniero\/cittadinanza\/\">Cittadinanza<\/a>.<\/p>\n<p>Il minore nato all\u2019estero\u00a0da un genitore cittadino italiano \u00e8 automaticamente\u00a0 italiano se ricorre <u>almeno una delle seguenti condizioni<\/u>:<\/p>\n<ul>\n<li>il minore non ha e non pu\u00f2 avere (per nascita o per discendenza) un&#8217;altra cittadinanza oltre a quella italiana;<\/li>\n<li>il minore \u00e8 in possesso di un&#8217;altra cittadinanza oltre a quella italiana, e il genitore cittadino italiano \u00e8 stato residente in Italia per almeno due anni continuativi prima della nascita del figlio (non si rileva la residenza in Italia prima dell\u2019acquisto della cittadinanza italiana, n\u00e9 la residenza in Italia del genitore straniero);<\/li>\n<li>il minore \u00e8 in possesso di un&#8217;altra cittadinanza oltre a quella italiana, e un genitore possiede <span style=\"text-decoration: underline;\">esclusivamente<\/span> la cittadinanza italiana (\u00e8 necessario contattare l&#8217;Ufficio per verificare la documentazione comprovante da presentare);<\/li>\n<li>il minore \u00e8 in possesso di un&#8217;altra cittadinanza oltre a quella italiana, e un nonno possiede al momento della nascita del minore &#8211; o possedeva al momento della morte &#8211; <span style=\"text-decoration: underline;\">esclusivamente<\/span> la cittadinanza italiana (purch\u00e9 il genitore del minore non abbia interrotto la catena di trasmissione della cittadinanza).<\/li>\n<\/ul>\n<p>Qualora il minore non rientri in una delle categorie sopra esposte, si dovr\u00e0 verificare se sia possibile far acquistare la cittadinanza per \u201cbeneficio di legge\u201d ai propri figli minori, rendendo l\u2019apposita dichiarazione di cui agli articoli 4, co. 1-bis della L. 74\/2025 e 1, co. 1-ter del D.L. 36\/2025.\u00a0Per maggiori informazioni sull\u2019acquisto della cittadinanza per \u201cbeneficio di legge\u201d in favore di minori, si rimanda a:\u00a0<a href=\"https:\/\/www.esteri.it\/it\/?page_id=29867\">Cittadinanza per beneficio di legge (art.4)<\/a>.<\/p>\n<p>Una volta verificato il possesso dei requisiti, per richiedere la trascrizione in Italia della nascita avvenuta in Macedonia del Nord occorre presentare:<\/p>\n<ol>\n<li><a href=\"https:\/\/ambskopje.esteri.it\/wp-content\/uploads\/2026\/02\/modello_richiesta_trascrizione_certificato_nascita_word.docx\">modulo di richiesta trascrizione nascita<\/a> compilato;<\/li>\n<li>atto di nascita in originale rilasciato dal Comune macedone su formulario internazionale plurilingue;<\/li>\n<li>copia del documento d&#8217;identit\u00e0 di entrambi i genitori;<\/li>\n<li>documentazione comprovante una delle condizioni sopra esposte.<\/li>\n<\/ol>\n<p>&nbsp;<\/p>\n<p><span style=\"text-decoration: underline;\"><strong>Trascrizione di un atto di matrimonio<\/strong><\/span><\/p>\n<p>Per richiedere la trascrizione in Italia del matrimonio celebrato in Macedonia del Nord occorre presentare:<\/p>\n<ol>\n<li><a href=\"https:\/\/ambskopje.esteri.it\/wp-content\/uploads\/2026\/02\/modello_richiesta_trascrizione_certificato_matrimonio_word-2.docx\" target=\"_blank\" rel=\"noopener\">modulo di richiesta trascrizione matrimonio<\/a> compilato;<\/li>\n<li>atto di matrimonio <span style=\"text-decoration: underline;\">in originale<\/span> rilasciato da non oltre sei mesi dal Comune macedone su formulario internazionale plurilingue;<\/li>\n<li>copia di un documento d&#8217;identit\u00e0 valido di entrambi i coniugi.<\/li>\n<\/ol>\n<p>&nbsp;<\/p>\n<p><span style=\"text-decoration: underline;\"><strong>Trascrizione di un atto di decesso<\/strong><\/span><\/p>\n<p>Per richiedere la trascrizione in Italia di un decesso di un cittadino italiano avvenuto in Macedonia del Nord occorre presentare:<\/p>\n<ol>\n<li><a href=\"https:\/\/ambskopje.esteri.it\/wp-content\/uploads\/2026\/02\/modello_richiesta_trascrizione_certificato_decesso_word.docx\">modulo di richiesta trascrizione decesso<\/a> compilato;<\/li>\n<li>atto di morte <span style=\"text-decoration: underline;\">in originale<\/span> rilasciato dal Comune macedone su formulario internazionale plurilingue;<\/li>\n<li>restituzione passaporto e\/o carta d\u2019identit\u00e0 del deceduto.<\/li>\n<\/ol>\n<p>&nbsp;<\/p>\n<p><span style=\"text-decoration: underline;\"><strong>Trascrizione di una sentenza di divorzio<\/strong><\/span><\/p>\n<p>Le sentenze emesse in Macedonia del Nord e <span style=\"text-decoration: underline;\">gi\u00e0 passate in giudicato<\/span>, munite di legalizzazione con Apostille e traduzione in italiano, possono essere presentate direttamente dall&#8217;interessato per la trascrizione in Italia al Comune italiano dove \u00e8 stato trascritto il matrimonio; oppure all&#8217;Ufficio Consolare nella cui circoscrizione \u00e8 stata emessa la sentenza.<\/p>\n<p>Per richiedere la trascrizione in Italia della sentenza di divorzio occorre presentare:<\/p>\n<ol>\n<li>copia di un documento d&#8217;identit\u00e0 italiano in corso di validit\u00e0;<\/li>\n<li>copia integrale della sentenza, legalizzata con Apostille e corredata di traduzione effettuata da un traduttore giurato (<a href=\"https:\/\/ambskopje.esteri.it\/it\/servizi-consolari-e-visti\/servizi-per-il-cittadino-italiano\/traduzione-e-legalizzazione-dei-documenti\/\">Traduzione e legalizzazione dei documenti<\/a>);<\/li>\n<li><a href=\"https:\/\/ambskopje.esteri.it\/wp-content\/uploads\/2026\/02\/mod_dichiarazione_sostitutiva_atto_notorio_divorzio.doc\">istanza di trasmissione<\/a>\u00a0della sentenza sotto forma di dichiarazione sostitutiva di atto notorio resa ai sensi dell&#8217;art. 47 del DPR 445\/2000 attestante la sussistenza dei requisiti di cui all&#8217;art. 64 della Legge n. 218\/1995, in cui si dichiara che la sentenza non \u00e8 contraria ad altre sentenze pronunciate da un giudice italiano e che non penda un giudizio davanti a un giudice italiano per il medesimo oggetto e fra le medesime parti.<\/li>\n<\/ol>\n<p>&nbsp;<\/p>\n<p><span style=\"text-decoration: underline;\"><strong>Riconoscimento di sentenze emesse in Macedonia del Nord<\/strong><\/span><\/p>\n<p>\u00c8 possibile richiedere il riconoscimento in Italia delle sentenze emesse in Macedonia del Nord, purch\u00e9 siano gi\u00e0 definitive e passate in giudicato. Per la richiesta \u00e8 possibile seguire le stesse indicazioni riportare per la trascrizione di una sentenza di divorzio.<\/p>\n<p>&nbsp;<\/p>\n<p><span style=\"text-decoration: underline;\"><strong>Richiesta di cambiamento del nome o del cognome<\/strong><\/span><\/p>\n<p>Nell\u2019ordinamento italiano il cambio del nome o la modifica del cognome rivestono carattere\u00a0eccezionale, pertanto le richieste potranno essere ammesse solo ed esclusivamente in presenza di\u00a0situazioni oggettivamente rilevanti, supportate da adeguata documentazione o particolari situazioni, quali ad esempio cognomi o nomi ridicoli o vergognosi\u00a0o che rivelano origine naturale.\u00a0Le motivazioni devono essere espresse in modo dettagliato e adeguatamente documentate.<\/p>\n<p>Si ricorda che l\u2019accettazione dell\u2019istanza \u00e8 discrezionale da parte delle Prefetture e che\u00a0\u00e8 possibile presentare la domanda:<\/p>\n<ol>\n<li><strong>direttamente presso la Prefettura italiana competente per territorio,\u00a0<\/strong>senza il tramite di questo Ufficio Consolare;<\/li>\n<li><strong>presso questo Ufficio Consolare<\/strong>, personalmente previo appuntamento.<\/li>\n<\/ol>\n<p>Il giorno dell\u2019appuntamento l\u2019istante dovr\u00e0 presentare la seguente documentazione:<\/p>\n<ol>\n<li><a href=\"https:\/\/ambskopje.esteri.it\/wp-content\/uploads\/2023\/11\/istanza_di_cambiamento_cognome_per_maggiorenni.pdf\">modulo di richiesta di cambiamento cognome<\/a>;<\/li>\n<li>documento d\u2019identit\u00e0 italiano in corso di validit\u00e0;<\/li>\n<li>atto di nascita in originale rilasciato dal Comune macedone su formulario internazionale plurilingue;<\/li>\n<li>eventuale altra documentazione a supporto della richiesta.<\/li>\n<\/ol>\n<p>&nbsp;<\/p>\n<p><span style=\"text-decoration: underline;\"><strong>Matrimonio di un cittadino italiano in Macedonia del Nord<\/strong><\/span><\/p>\n<p>Per la documentazione necessaria per la celebrazione del matrimonio in Macedonia del Nord, si prega di rivolgersi al Comune macedone competente.<br \/>\nQuesto Ufficio Consolare, se richiesto dalle Autorit\u00e0 macedoni, provvede al rilascio del Nulla Osta al matrimonio (al costo dell&#8217;art. 2c della <a href=\"https:\/\/ambskopje.esteri.it\/it\/servizi-consolari-e-visti\/servizi-per-il-cittadino-italiano\/tabella-dei-diritti-consolari\/\">Tabella dei Diritti Consolari<\/a>). Per il rilascio, la persona interessata dovr\u00e0 esibire la seguente documentazione:<\/p>\n<ol>\n<li>copia di un documento d&#8217;identit\u00e0 italiano in corso di validit\u00e0;<\/li>\n<li>atto di nascita in originale rilasciato su formulario internazionale plurilingue;<\/li>\n<li>certificato di stato libero rilasciato dal Comune italiano competente.<\/li>\n<\/ol>\n<p>&nbsp;<\/p>\n<p><strong><a href=\"https:\/\/ambskopje.esteri.it\/it\/servizi-consolari-e-visti\/servizi-per-il-cittadino-italiano\/traduzione-e-legalizzazione-dei-documenti\/\">Traduzione e legalizzazione dei documenti<\/a><\/strong><\/p>\n<p>Gli atti rilasciati dai Paesi che hanno aderito alla Convenzione di Vienna dell\u20198 settembre 1976, che prevede il rilascio di certificati internazionali plurilingue, sono esenti da legalizzazione e da traduzione. La Macedonia del Nord e l&#8217;Italia hanno entrambe aderito a tale Convenzione, pertanto i certificati di stato civile possono essere presentati su modello internazionale senza bisogno di ulteriore traduzione o legalizzazione con Apostille. Per maggiori informazioni:<\/p>\n<p>&nbsp;<\/p>\n<p><strong>Certificati Anagrafici online \u2013 Anagrafe Nazionale (ANPR)<\/strong><\/p>\n<p>Questo Ufficio Consolare non pu\u00f2 rilasciare certificati di nascita, matrimoio, morte, divorzio, perch\u00e9 di competenza esclusiva dei Comuni italiani.<\/p>\n<p>I connazionali iscritti all\u2019AIRE o residenti in Italia possono richiedere i seguenti certificati anagrafici <a href=\"https:\/\/www.anagrafenazionale.interno.it\/servizi-al-cittadino\/\">online<\/a> per s\u00e9 e per i familiari italiani conviventi, a condizione di avere un&#8217;identit\u00f2 digitale (<a href=\"https:\/\/ambskopje.esteri.it\/it\/servizi-consolari-e-visti\/servizi-per-il-cittadino-italiano\/carta-didentita-elettronica-cie\/\">CIE<\/a>,\u00a0<a href=\"https:\/\/www.spid.gov.it\/\">Spid<\/a> o CNS):<\/p>\n<ul>\n<li>anagrafico di nascita;<\/li>\n<li>di cittadinanza;<\/li>\n<li>di residenza AIRE;<\/li>\n<li>di stato di famiglia AIRE.<\/li>\n<\/ul>\n<p>Questo Ufficio Consolare pu\u00f2 rilasciare i seguenti certificati anagrafici, validi solo all\u2019estero oppure da esibire in Italia a soggetti privati, ai cittadini iscritti all&#8217;AIRE, previo pagamento del costo di cui all&#8217;articolo indicato e verificabile sulla <a href=\"https:\/\/ambskopje.esteri.it\/it\/servizi-consolari-e-visti\/servizi-per-il-cittadino-italiano\/tabella-dei-diritti-consolari\/\">Tabella dei Diritti Consolari<\/a>:<\/p>\n<ul>\n<li>certificato di\u00a0iscrizione consolare\/famiglia anagrafica\u00a0(art. 8);<\/li>\n<li>certificato di\u00a0iscrizione consolare individuale\u00a0(art. 8);<\/li>\n<li>certificato di\u00a0stato libero\/stato civile individuale\u00a0(art. 2a);<\/li>\n<li>certificato di\u00a0cittadinanza italiana individuale\u00a0(art. 4);<\/li>\n<li>certificato di\u00a0esistenza in vita, solo in presenza dell\u2019interessato (gratuito se emesso per finalit\u00e0 pensionistiche).<\/li>\n<\/ul>\n","protected":false},"excerpt":{"rendered":"Lo Stato Civile riguarda eventi della vita del cittadino come nascita, matrimonio, unione civile, morte, divorzio, cittadinanza. La registrazione di tali fatti rientra nella competenza dell\u2019Ufficiale dello Stato Civile, le cui funzioni sono esercitate in Italia dai Comuni e all\u2019estero dagli Uffici Consolari. In particolare, gli Uffici Consolari ricevono gli atti dalle Autorit\u00e0 straniere e [&hellip;]","protected":false},"author":1,"featured_media":0,"parent":47,"menu_order":4,"comment_status":"closed","ping_status":"closed","template":"","meta":{"footnotes":""},"class_list":["post-68","page","type-page","status-publish","hentry"],"_links":{"self":[{"href":"https:\/\/ambskopje.esteri.it\/it\/wp-json\/wp\/v2\/pages\/68","targetHints":{"allow":["GET"]}}],"collection":[{"href":"https:\/\/ambskopje.esteri.it\/it\/wp-json\/wp\/v2\/pages"}],"about":[{"href":"https:\/\/ambskopje.esteri.it\/it\/wp-json\/wp\/v2\/types\/page"}],"author":[{"embeddable":true,"href":"https:\/\/ambskopje.esteri.it\/it\/wp-json\/wp\/v2\/users\/1"}],"replies":[{"embeddable":true,"href":"https:\/\/ambskopje.esteri.it\/it\/wp-json\/wp\/v2\/comments?post=68"}],"version-history":[{"count":6,"href":"https:\/\/ambskopje.esteri.it\/it\/wp-json\/wp\/v2\/pages\/68\/revisions"}],"predecessor-version":[{"id":4849,"href":"https:\/\/ambskopje.esteri.it\/it\/wp-json\/wp\/v2\/pages\/68\/revisions\/4849"}],"up":[{"embeddable":true,"href":"https:\/\/ambskopje.esteri.it\/it\/wp-json\/wp\/v2\/pages\/47"}],"wp:attachment":[{"href":"https:\/\/ambskopje.esteri.it\/it\/wp-json\/wp\/v2\/media?parent=68"}],"curies":[{"name":"wp","href":"https:\/\/api.w.org\/{rel}","templated":true}]}}