{"id":5072,"date":"2026-05-07T12:53:31","date_gmt":"2026-05-07T10:53:31","guid":{"rendered":"https:\/\/ambskopje.esteri.it\/?page_id=5072"},"modified":"2026-05-12T12:10:00","modified_gmt":"2026-05-12T10:10:00","slug":"pensioni-e-sicurezza-sociale","status":"publish","type":"page","link":"https:\/\/ambskopje.esteri.it\/it\/servizi-consolari-e-visti\/servizi-per-il-cittadino-straniero\/pensioni-e-sicurezza-sociale\/","title":{"rendered":"Pensioni e sicurezza sociale"},"content":{"rendered":"<p><a href=\"https:\/\/ambskopje.esteri.it\/it\/news\/dall_ambasciata\/2026\/03\/campagna-accertamento-esistenza-in-vita-2026\/\">CAMPAGNA ACCERTAMENTO ESISTENZA IN VITA 2026<\/a><\/p>\n<p>&nbsp;<\/p>\n<p><span style=\"text-decoration: underline;\"><strong>PAGAMENTO ALL\u2019ESTERO DELLE PENSIONI INPS<\/strong><\/span><\/p>\n<p>Le pensioni vengono pagate ai residenti all\u2019estero ogni mese. Le pensioni di importo inferiore a un limite stabilito per legge vengono pagate con periodicit\u00e0 semestrale come avviene per i pensionati in Italia. Il pagamento delle pensioni \u00e8 in genere effettuato con accredito sul conto corrente del pensionato.<\/p>\n<p>A partire da febbraio 2012 il pagamento delle pensioni all\u2019estero \u00e8 affidato a <a href=\"https:\/\/www.citibank.com\/tts\/sa\/inps\/index.html\">Citibank<\/a>.<\/p>\n<p><strong>Citibank ha il compito di verificare annualmente l\u2019esistenza in vita, l\u2019indirizzo e la residenza del pensionato.<\/strong><\/p>\n<p>Le modalit\u00e0 concordate tra INPS e Citibank per la dimostrazione dell\u2019esistenza in vita prevedono che il pensionato compili un \u201cModulo di Dichiarazione di Esistenza in Vita\u201d (<strong><u>che avr\u00e0 ricevuto dalla stessa banca al suo domicilio<\/u><\/strong>), firmi il modulo facendone autenticare la sottoscrizione dall\u2019Ufficio consolare o da un pubblico ufficiale riconosciuto dalla legislazione del suo paese di residenza e lo invii alla banca.<\/p>\n<p>&nbsp;<\/p>\n<p><span style=\"text-decoration: underline;\"><strong>Accertamento esistenza in vita pensionati residenti all\u2019estero\u00a0tramite appuntamento in Ambasciata:<\/strong><\/span><\/p>\n<p>Il pensionato che ha ricevuto il modulo di richiesta di attestazione dell\u2019esistenza in vita dovr\u00e0 prendere un appuntamento con l\u2019Ufficio Consolare sul portale Prenot@mi (<a href=\"https:\/\/prenotami.esteri.it\">https:\/\/prenotami.esteri.it<\/a>), oppure scrivendo un\u2019email a\u00a0<a href=\"mailto:consolare.skopje@esteri.it\">consolare.skopje@esteri.it<\/a> o telefonando ai numeri +389 2 3236 517 \/ 518 \/ 520 (sportello telefonico attivo luned\u00ec 10:00-13:00 e 14:30-16:00; il marted\u00ec e il gioved\u00ec 14:30-16:00; venerd\u00ec 13:30-15:00).<\/p>\n<p>La persona dovr\u00e0 presentarsi all\u2019appuntamento munita di documento d\u2019identit\u00e0 valido e del modulo ricevuto per posta da Citibank.<\/p>\n<p>&nbsp;<\/p>\n<p>Per assistenza il servizio di supporto CITI pu\u00f2 essere contattato dai pensionati con le seguenti modalit\u00e0:<\/p>\n<ul>\n<li>Visitando la pagina web\u00a0<a href=\"https:\/\/inps.citi.com\/\">www.inps.citi.com<\/a>;<\/li>\n<li>Inviando un messaggio di posta elettronica all\u2019indirizzo:\u00a0<a href=\"mailto:inps.pensionati@citi.com\">inps.pensionati@citi.com<\/a>;<\/li>\n<li>Telefonando a uno dei numeri telefonici indicati nella lettera esplicativa.<\/li>\n<\/ul>\n","protected":false},"excerpt":{"rendered":"CAMPAGNA ACCERTAMENTO ESISTENZA IN VITA 2026 &nbsp; PAGAMENTO ALL\u2019ESTERO DELLE PENSIONI INPS Le pensioni vengono pagate ai residenti all\u2019estero ogni mese. Le pensioni di importo inferiore a un limite stabilito per legge vengono pagate con periodicit\u00e0 semestrale come avviene per i pensionati in Italia. Il pagamento delle pensioni \u00e8 in genere effettuato con accredito sul [&hellip;]","protected":false},"author":18,"featured_media":0,"parent":48,"menu_order":6,"comment_status":"closed","ping_status":"closed","template":"","meta":{"footnotes":""},"class_list":["post-5072","page","type-page","status-publish","hentry"],"_links":{"self":[{"href":"https:\/\/ambskopje.esteri.it\/it\/wp-json\/wp\/v2\/pages\/5072","targetHints":{"allow":["GET"]}}],"collection":[{"href":"https:\/\/ambskopje.esteri.it\/it\/wp-json\/wp\/v2\/pages"}],"about":[{"href":"https:\/\/ambskopje.esteri.it\/it\/wp-json\/wp\/v2\/types\/page"}],"author":[{"embeddable":true,"href":"https:\/\/ambskopje.esteri.it\/it\/wp-json\/wp\/v2\/users\/18"}],"replies":[{"embeddable":true,"href":"https:\/\/ambskopje.esteri.it\/it\/wp-json\/wp\/v2\/comments?post=5072"}],"version-history":[{"count":2,"href":"https:\/\/ambskopje.esteri.it\/it\/wp-json\/wp\/v2\/pages\/5072\/revisions"}],"predecessor-version":[{"id":5132,"href":"https:\/\/ambskopje.esteri.it\/it\/wp-json\/wp\/v2\/pages\/5072\/revisions\/5132"}],"up":[{"embeddable":true,"href":"https:\/\/ambskopje.esteri.it\/it\/wp-json\/wp\/v2\/pages\/48"}],"wp:attachment":[{"href":"https:\/\/ambskopje.esteri.it\/it\/wp-json\/wp\/v2\/media?parent=5072"}],"curies":[{"name":"wp","href":"https:\/\/api.w.org\/{rel}","templated":true}]}}