{"id":49,"date":"2023-04-11T18:13:11","date_gmt":"2023-04-11T16:13:11","guid":{"rendered":"https:\/\/ambasciatapraga.esteri.it\/?page_id=49"},"modified":"2026-01-30T16:30:45","modified_gmt":"2026-01-30T15:30:45","slug":"passaporti-e-carte-didentita","status":"publish","type":"page","link":"https:\/\/ambskopje.esteri.it\/it\/servizi-consolari-e-visti\/servizi-per-il-cittadino-italiano\/passaporti-e-carte-didentita\/","title":{"rendered":"Passaporto"},"content":{"rendered":"<p>Il rilascio del passaporto \u00e8 competenza dell\u2019Ufficio Passaporti della Circoscrizione Consolare in cui il cittadino italiano \u00e8 residente all\u2019estero o della Questura competente per il cittadino residente in Italia. Il passaporto biometrico \u00e8 valido 10 anni per i titolari maggiorenni, 5 anni per i minori tra i 3 e i 17 anni di et\u00e0, 3 anni per i minori tra 0 e 3 anni di et\u00e0 non compiuti.<\/p>\n<p>Il passaporto biometrico \u00e8 un documento provvisto di microchip, all\u2019interno del quale, oltre ai dati anagrafici, saranno memorizzate anche la foto e le impronte digitali del titolare. Sono esentati dalla rilevazione delle impronte digitali: i minori di 12 anni; le persone che presentino patologie o impedimenti fisici permanenti opportunamente documentati; le persone che presentino menomazioni o malformazioni fisiche evidenti. Qualora l\u2019impossibilit\u00e0 alla rilevazione delle impronte sia temporanea, si proceder\u00e0 al rilascio di un passaporto temporaneo.<\/p>\n<p><strong>Il costo del passaporto \u00e8 pari a 116 euro<\/strong>, sia per maggiorenni che per minorenni, e corrisponde al costo del libretto (42,50 euro) e al costo amministrativo (73,50 euro). Tale importo dovr\u00e0 essere pagato in denari macedoni, in contanti o con carta di debito al momento del rilascio del passaporto.<\/p>\n<p><strong>Possono richiedere il passaporto all\u2019Ufficio Consolare dell\u2019Ambasciata di Skopje i cittadini italiani residenti in Macedonia del Nord e regolarmente iscritti all\u2019AIRE (<a href=\"https:\/\/ambskopje.esteri.it\/it\/servizi-consolari-e-visti\/servizi-per-il-cittadino-italiano\/anagrafe-degli-italiani-residenti-allestero-aire\/\"><u>sezione AIRE<\/u><\/a>).<\/strong> Chi non \u00e8 registrato all\u2019AIRE potr\u00e0 regolarizzare la propria iscrizione anagrafica tramite il portale <a href=\"https:\/\/serviziconsolari.esteri.it\/home\">FAST IT<\/a>. Il passaporto viene rilasciato a vista se la documentazione presentata risulta completa e non vi sono cause ostative al momento della verifica. \u00c8 possibile prenotare un appuntamento per il rilascio del passaporto sul sito <u><a href=\"https:\/\/prenotami.esteri.it\">Prenot@mi<\/a><\/u>. Si prega di selezionare il servizio &#8220;Documenti di viaggio&#8221; e di specificare nelle note dell&#8217;appuntamento che si intende richiedere il passaporto.<\/p>\n<p>Il passaporto pu\u00f2 essere rilasciato anche a cittadini italiani non iscritti all\u2019AIRE previa acquisizione del Nulla Osta e della delega al rilascio da parte della Questura o del Consolato competente, pertanto il documento non potr\u00e0 essere rilasciato a vista.<\/p>\n<p>&nbsp;<\/p>\n<p><span style=\"text-decoration: underline;\"><strong>Documenti da presentare per il rilascio del passaporto<\/strong><\/span><\/p>\n<ul>\n<li><u><a href=\"https:\/\/ambskopje.esteri.it\/wp-content\/uploads\/2024\/02\/domanda_di_trascrizione_atti_e_servizi_passaporti.etd_.word_-1-1.docx\">Modulo di richiesta correttamente compilato<\/a>;<\/u><\/li>\n<li>Precedente passaporto italiano (anche se scaduto o deteriorato, altrimenti denuncia di smarrimento\/furto alle autorit\u00e0 locali);<\/li>\n<li>In caso di primo rilascio, altro documento d\u2019identit\u00e0 italiano (carta d\u2019identit\u00e0) o prova di acquisizione della cittadinanza;<\/li>\n<li>Se il richiedente ha dei figli minori, occorre compilare una <a href=\"https:\/\/ambskopje.esteri.it\/wp-content\/uploads\/2023\/11\/dichiarazione_assenza_ostative_passaporto.pdf\">dichiarazione sostitutiva di certificazione<\/a> in merito all\u2019assenza di provvedimenti che possano inibire il rilascio del passaporto (art. 20 Decreto Legge n. 69 del 13 giugno 2023).<\/li>\n<\/ul>\n<p><strong><u>Per i richiedenti minorenni<\/u><\/strong><\/p>\n<ul>\n<li><u><a href=\"https:\/\/ambskopje.esteri.it\/wp-content\/uploads\/2024\/02\/domanda_di_trascrizione_atti_e_servizi_passaporti.etd_.word_-1-1.docx\">Modulo di richiesta correttamente compilato e firmato da entrambi i genitori<\/a>;<\/u><\/li>\n<li>Documento d\u2019identit\u00e0 dei genitori (passaporto o carta d\u2019identit\u00e0);<\/li>\n<li>Precedente passaporto italiano del minore (e passaporto straniero se in possesso);<\/li>\n<li>Se minore di 12 anni, una fotografia, in formato fototessera, recente (non oltre 6 mesi) e conforme agli <a href=\"https:\/\/ambskopje.esteri.it\/wp-content\/uploads\/2023\/11\/foto_caratteristiche_passaporti.pdf\">standard internazionali ICAO<\/a>;<\/li>\n<li><a href=\"https:\/\/ambskopje.esteri.it\/wp-content\/uploads\/2023\/11\/atto_di_assenso_rilascio_passaporto.doc\"><u>Atto di assenso<\/u> <\/a>di entrambi i genitori (anche in caso di coppie non sposate o divorziate).<\/li>\n<\/ul>\n<p>Se uno dei genitori non pu\u00f2 essere presente il giorno del rilascio del passaporto, <strong><u>se \u00e8 cittadino dell\u2019Unione Europea<\/u><\/strong> l\u2019atto di assenso compilato e una copia del documento d\u2019identit\u00e0 possono essere inviati via email a questo Ufficio (<a href=\"mailto:consolare.skopje@esteri.it\">consolare.skopje@esteri.it<\/a>) o consegnati dall\u2019altro genitore presente; <strong><u>se NON \u00e8 cittadino dell\u2019Unione Europea<\/u><\/strong> l\u2019atto di assenso deve essere firmato in presenza presso questo Ufficio o, se fuori dalla Macedonia del Nord, firmato alla presenza di un Pubblico Ufficiale in Italia o presso l\u2019Ambasciata o il Consolato italiano del Paese di residenza.<\/p>\n<p>In caso di decesso di uno dei genitori, dovr\u00e0 essere presentato il certificato di morte (se il decesso non \u00e8 gi\u00e0 stato trascritto da questo Ufficio).<\/p>\n<p>Nel caso in cui non sia possibile ottenere l\u2019assenso da parte dell\u2019altro genitore, ove vi siano i requisiti, sar\u00e0 necessario avviare la procedura per un Decreto del Giudice Tutelare nella persona del Capo dell\u2019Ufficio Consolare che ne esercita le funzioni per i minori residenti all\u2019estero.<\/p>\n<p><strong><u>Per i neonati<\/u><\/strong>, l\u2019atto di nascita su formulario internazionale del neonato deve essere gi\u00e0 stato presentato a questo Ufficio per la relativa trascrizione in Italia prima della richiesta di rilascio del primo passaporto (<a href=\"https:\/\/ambskopje.esteri.it\/it\/servizi-consolari-e-visti\/servizi-per-il-cittadino-italiano\/stato-civile\/\" target=\"_blank\" rel=\"noopener\"><u>Trascrizione dell\u2019atto di nascita<\/u><\/a>).<\/p>\n<p>&nbsp;<\/p>\n<p><strong><u>Restituzione dei passaporti rubati o smarriti<\/u><\/strong><\/p>\n<p>I passaporti oggetto di furto o smarrimento e successivamente rinvenuti da parte delle Autorit\u00e0 locali, vengono restituiti a questo Ufficio Consolare.<\/p>\n<p>Si invitano pertanto coloro che abbiano recentemente subito un furto\/smarrimento in questa circoscrizione consolare e vogliano verificare se i propri passaporti siano stati rinvenuti, a contattare questo Ufficio Consolare via posta elettronica (<a href=\"mailto:consolare.skopje@esteri.it\">consolare.skopje@esteri.it<\/a>).<\/p>\n<p>Si segnala che l\u2019eventuale ritiro del passaporto potr\u00e0 avvenire secondo le seguenti modalit\u00e0:<\/p>\n<p>\u2013 ritiro diretto presso l\u2019Ufficio Consolare durante gli orari di apertura al pubblico;<\/p>\n<p>\u2013 invio per posta, con spese di spedizione a carico del richiedente.<\/p>\n<p>Si ricorda che, trascorso il periodo massimo di un anno di giacenza presso l\u2019Ufficio Consolare, a decorrere dalla data in cui le Autorit\u00e0 locali restituiscono i passaporti rubati o smarriti, senza che i documenti siano stati reclamati dai legittimi proprietari, si proceder\u00e0 alla loro distruzione senza ulteriori comunicazioni.<\/p>\n","protected":false},"excerpt":{"rendered":"Il rilascio del passaporto \u00e8 competenza dell\u2019Ufficio Passaporti della Circoscrizione Consolare in cui il cittadino italiano \u00e8 residente all\u2019estero o della Questura competente per il cittadino residente in Italia. Il passaporto biometrico \u00e8 valido 10 anni per i titolari maggiorenni, 5 anni per i minori tra i 3 e i 17 anni di et\u00e0, 3 [&hellip;]","protected":false},"author":1,"featured_media":0,"parent":47,"menu_order":2,"comment_status":"closed","ping_status":"closed","template":"","meta":{"footnotes":""},"class_list":["post-49","page","type-page","status-publish","hentry"],"_links":{"self":[{"href":"https:\/\/ambskopje.esteri.it\/it\/wp-json\/wp\/v2\/pages\/49","targetHints":{"allow":["GET"]}}],"collection":[{"href":"https:\/\/ambskopje.esteri.it\/it\/wp-json\/wp\/v2\/pages"}],"about":[{"href":"https:\/\/ambskopje.esteri.it\/it\/wp-json\/wp\/v2\/types\/page"}],"author":[{"embeddable":true,"href":"https:\/\/ambskopje.esteri.it\/it\/wp-json\/wp\/v2\/users\/1"}],"replies":[{"embeddable":true,"href":"https:\/\/ambskopje.esteri.it\/it\/wp-json\/wp\/v2\/comments?post=49"}],"version-history":[{"count":15,"href":"https:\/\/ambskopje.esteri.it\/it\/wp-json\/wp\/v2\/pages\/49\/revisions"}],"predecessor-version":[{"id":4534,"href":"https:\/\/ambskopje.esteri.it\/it\/wp-json\/wp\/v2\/pages\/49\/revisions\/4534"}],"up":[{"embeddable":true,"href":"https:\/\/ambskopje.esteri.it\/it\/wp-json\/wp\/v2\/pages\/47"}],"wp:attachment":[{"href":"https:\/\/ambskopje.esteri.it\/it\/wp-json\/wp\/v2\/media?parent=49"}],"curies":[{"name":"wp","href":"https:\/\/api.w.org\/{rel}","templated":true}]}}