{"id":4516,"date":"2026-01-30T16:01:08","date_gmt":"2026-01-30T15:01:08","guid":{"rendered":"https:\/\/ambskopje.esteri.it\/?page_id=4516"},"modified":"2026-02-20T13:03:06","modified_gmt":"2026-02-20T12:03:06","slug":"carta-didentita-elettronica-cie","status":"publish","type":"page","link":"https:\/\/ambskopje.esteri.it\/it\/servizi-consolari-e-visti\/servizi-per-il-cittadino-italiano\/carta-didentita-elettronica-cie\/","title":{"rendered":"Carta d&#8217;Identit\u00e0 Elettronica (CIE)"},"content":{"rendered":"<p>La nuova Carta di Identit\u00e0 Elettronica \u00e8 un documento multifunzionale: attesta l\u2019identit\u00e0 del cittadino, \u00e8 un documento di viaggio, riporta il codice fiscale, si pu\u00f2 utilizzare per accedere ai servizi erogati dalle Pubbliche Amministrazioni italiane in alternativa allo <a href=\"https:\/\/www.esteri.it\/it\/servizi-consolari-e-visti\/italiani-all-estero\/spid\/\">SPID<\/a> (Sistema Pubblico di Identit\u00e0 Digitale).\u00a0La carta d\u2019identit\u00e0 elettronica equivale al passaporto ai fini dell\u2019espatrio negli Stati membri dell\u2019Unione europea, negli Stati dello Spazio Schengen (UE + Islanda, Norvegia, Svizzera, Liechtenstein) e in quelli in cui vigono particolari accordi internazionali, come la Macedonia del Nord. Al riguardo, per ulteriori e pi\u00f9 dettagliate informazioni, \u00e8 possibile consultare il sito <a href=\"https:\/\/www.viaggiaresicuri.it\/approfondimenti-insights\/documentidiviaggio\">ViaggiareSicuri<\/a>.<\/p>\n<p><strong>La CIE potr\u00e0 essere rilasciata esclusivamente ai cittadini Italiani regolarmente residenti nella circoscrizione consolare, che siano gi\u00e0 registrati nello Schedario Consolare e i cui dati anagrafici siano gi\u00e0 presenti nella banca dati A.I.R.E (<a href=\"https:\/\/ambskopje.esteri.it\/it\/servizi-consolari-e-visti\/servizi-per-il-cittadino-italiano\/anagrafe-degli-italiani-residenti-allestero-aire\/\">Anagrafe degli Italiani Residenti all\u2019Estero<\/a>). <\/strong><strong>Chi non \u00e8 registrato all\u2019AIRE dovr\u00e0 prima regolarizzare la propria iscrizione anagrafica tramite il portale <a href=\"https:\/\/serviziconsolari.esteri.it\/home\">FAST IT<\/a><\/strong><strong>\u00a0<\/strong>ed attendere, prima di poter far domanda, la conferma dell&#8217;avvenuta iscrizione da parte del Comune italiano competente (per i cittadini non iscritti all\u2019AIRE, la competenza al rilascio della carta d\u2019identit\u00e0 rimane al Comune di residenza). Nel caso si sia cambiato indirizzo di residenza (rispetto a quello comunicato all\u2019Ufficio consolare), \u00e8 necessario chiedere la variazione di indirizzo tramite il portale <a href=\"https:\/\/serviziconsolari.esteri.it\/home\">FAST IT<\/a>.<\/p>\n<p><span style=\"text-decoration: underline;\"><strong>A partire dal 1 giugno 2026 sar\u00e0 possibile per tutti i cittadini italiani presentare domanda per il rilascio della CIE presso qualsiasi Comune italiano. La CIE potr\u00e0 essere ritirata personalmente presso il Comune ovvero di richiederne la spedizione all\u2019estero.<\/strong><\/span><\/p>\n<p><strong>La Carta di identit\u00e0 elettronica si pu\u00f2 richiedere previo appuntamento tramite <a href=\"https:\/\/prenotami.esteri.it\/\">Prenot@mi<\/a>.<\/strong> Si prega di selezionare il servizio &#8220;Documenti di viaggio&#8221; e di specificare nelle note dell&#8217;appuntamento che si intende richiedere la CIE, in modo che il personale dell&#8217;Ufficio Consolare possa gi\u00e0 verificare la regolarit\u00e0 dei dati anagrafici sullo Schedario Consolare.\u00a0La CIE non \u00e8 rilasciata a vista il giorno dell\u2019appuntamento, ma viene prodotta dall\u2019Istituto Poligrafico e Zecca dello Stato di Roma e successivamente spedita, a mezzo posta, presso l\u2019indirizzo di residenza (o recapito) dichiarato dal richiedente.<\/p>\n<p>La validit\u00e0 della CIE varia a seconda all\u2019et\u00e0 del titolare, ed \u00e8 di 10 anni per i maggiori di 18 anni, 5 anni per i minori di et\u00e0 compresa tra i 3 e i 18 anni, 3 anni per i minori di et\u00e0 inferiore ai 3 anni.<\/p>\n<p>Il costo della CIE \u00e8 di \u20ac21,95 in caso di primo rilascio o rinnovo, \u20ac27,11 in caso di duplicato (cio\u00e8 di nuova CIE richiesta pi\u00f9 di 180 giorni prima della scadenza della precedente per furto, smarrimento o deterioramento). Il pagamento dovr\u00e0 avvenire in denari macedoni, in contanti o con carta di debito il giorno dell&#8217;appuntamento.<\/p>\n<p>Dopo l&#8217;appuntamento, il richiedente potr\u00e0 verificare il tracciamento della spedizione sul sito di <a href=\"https:\/\/www.poste.it\/\">Poste italiane<\/a> inserendo nel campo &#8220;Cerca spedizioni&#8221; il numero di raccomandata presente sul modulo rilasciato il giorno dell&#8217;appuntamento. Si invitano i connazionali che hanno richiesto la CIE ad accertarsi che il proprio cognome di nascita appaia sulla buca delle lettere (cognome da nubile per le donne sposate).\u00a0In caso di mancata consegna per indirizzo errato, al termine del previsto periodo di giacenza presso l\u2019ufficio postale locale, il plico viene restituito all\u2019Ambasciata per ulteriori tentativi di consegna.<\/p>\n<p>Per utilizzare la CIE per accedere ai siti web della Pubblica Amministrazione, questa deve essere attivata seguendo la procedura descritta sul <a href=\"https:\/\/www.cartaidentita.interno.gov.it\/attiva\/\">portale CIE<\/a> e utilizzando il codice PIN e PUK contenuti per met\u00e0 sul modulo rilasciato il giorno dell&#8217;appuntamento, e per met\u00e0 sul modulo ricevuto per posta insieme alla CIE.<\/p>\n<p>&nbsp;<\/p>\n<p><span style=\"text-decoration: underline;\"><strong>Documenti da presentare per la richiesta della CIE<\/strong><\/span><\/p>\n<ul>\n<li><a href=\"https:\/\/ambskopje.esteri.it\/wp-content\/uploads\/2024\/04\/richiesta-rilascio-CIE.pdf\">Modulo di richiesta correttamente compilato<\/a>;<\/li>\n<li>Precedente carta di identit\u00e0 (anche se scaduta o deteriorata), in caso di primo rilascio, altro documento d\u2019identit\u00e0 italiano (passaporto) o prova di acquisizione della cittadinanza;<\/li>\n<\/ul>\n<p><span style=\"text-decoration: underline;\"><strong>Per i richiedenti minorenni<\/strong><\/span><\/p>\n<ul>\n<li><u><a href=\"https:\/\/ambskopje.esteri.it\/wp-content\/uploads\/2024\/04\/richiesta-rilascio-CIE.pdf\">Modulo di richiesta correttamente compilato e firmato da entrambi i genitori<\/a>;<\/u><\/li>\n<li>Documento d\u2019identit\u00e0 dei genitori (passaporto o carta d\u2019identit\u00e0);<\/li>\n<li>Precedente carta di identit\u00e0 (anche se scaduta o deteriorata), in caso di primo rilascio, altro documento d\u2019identit\u00e0 italiano (passaporto) o prova di acquisizione della cittadinanza;<\/li>\n<li>Se minore di 12 anni, una fotografia, in formato fototessera, recente (non oltre 6 mesi) e conforme agli\u00a0<a href=\"https:\/\/ambskopje.esteri.it\/wp-content\/uploads\/2023\/11\/foto_caratteristiche_passaporti.pdf\">standard internazionali ICAO<\/a>;<\/li>\n<li><a href=\"https:\/\/ambskopje.esteri.it\/wp-content\/uploads\/2026\/01\/atto_di_assenso_rilascio_CIE.doc\">Atto di assenso<\/a> di entrambi i genitori (anche in caso di coppie non sposate o divorziate).<\/li>\n<\/ul>\n<p>Se uno dei genitori non pu\u00f2 essere presente il giorno del rilascio del passaporto,\u00a0<strong><u>se \u00e8 cittadino dell\u2019Unione Europea<\/u><\/strong>\u00a0l\u2019atto di assenso compilato e una copia del documento d\u2019identit\u00e0 possono essere inviati via email a questo Ufficio (<a href=\"mailto:consolare.skopje@esteri.it\">consolare.skopje@esteri.it<\/a>) o consegnati dall\u2019altro genitore presente;\u00a0<strong><u>se NON \u00e8 cittadino dell\u2019Unione Europea<\/u><\/strong>\u00a0l\u2019atto di assenso deve essere firmato in presenza presso questo Ufficio o, se fuori dalla Macedonia del Nord, firmato alla presenza di un Pubblico Ufficiale in Italia o presso l\u2019Ambasciata o il Consolato italiano del Paese di residenza.<\/p>\n<p>In caso di decesso di uno dei genitori, dovr\u00e0 essere presentato il certificato di morte (se il decesso non \u00e8 gi\u00e0 stato trascritto da questo Ufficio).<\/p>\n<p>Nel caso in cui non sia possibile ottenere l\u2019assenso da parte dell\u2019altro genitore, ove vi siano i requisiti, sar\u00e0 necessario avviare la procedura per un Decreto del Giudice Tutelare nella persona del Capo dell\u2019Ufficio Consolare che ne esercita le funzioni per i minori residenti all\u2019estero.<\/p>\n<p>&nbsp;<\/p>\n<p><span style=\"text-decoration: underline;\"><strong>Restituzione delle carte d&#8217;identit\u00e0 rubate o smarrite<\/strong><\/span><\/p>\n<p>Le carte d&#8217;identit\u00e0 oggetto di furto o smarrimento e successivamente rinvenute da parte delle Autorit\u00e0 locali, vengono restituite a questo Ufficio Consolare.<\/p>\n<p>Si invitano pertanto coloro che abbiano recentemente subito un furto\/smarrimento in questa circoscrizione consolare e vogliano verificare se i propri documenti siano stati rinvenuti, a contattare questo Ufficio Consolare via posta elettronica (<a href=\"mailto:consolare.skopje@esteri.it\">consolare.skopje@esteri.it<\/a>).<\/p>\n<p>Si segnala che l\u2019eventuale ritiro della carta d&#8217;identit\u00e0 potr\u00e0 avvenire secondo le seguenti modalit\u00e0:<\/p>\n<p>\u2013 ritiro diretto presso l\u2019Ufficio Consolare durante gli orari di apertura al pubblico;<\/p>\n<p>\u2013 invio per posta, con spese di spedizione a carico del richiedente.<\/p>\n<p>Si ricorda che, trascorso il periodo massimo di un anno di giacenza presso l\u2019Ufficio Consolare, a decorrere dalla data in cui le Autorit\u00e0 locali restituiscono i documenti rubati o smarriti, senza che siano stati reclamati dai legittimi proprietari, si proceder\u00e0 alla loro distruzione senza ulteriori comunicazioni.<\/p>\n","protected":false},"excerpt":{"rendered":"La nuova Carta di Identit\u00e0 Elettronica \u00e8 un documento multifunzionale: attesta l\u2019identit\u00e0 del cittadino, \u00e8 un documento di viaggio, riporta il codice fiscale, si pu\u00f2 utilizzare per accedere ai servizi erogati dalle Pubbliche Amministrazioni italiane in alternativa allo SPID (Sistema Pubblico di Identit\u00e0 Digitale).\u00a0La carta d\u2019identit\u00e0 elettronica equivale al passaporto ai fini dell\u2019espatrio negli Stati [&hellip;]","protected":false},"author":18,"featured_media":0,"parent":47,"menu_order":1,"comment_status":"closed","ping_status":"closed","template":"","meta":{"footnotes":""},"class_list":["post-4516","page","type-page","status-publish","hentry"],"_links":{"self":[{"href":"https:\/\/ambskopje.esteri.it\/it\/wp-json\/wp\/v2\/pages\/4516","targetHints":{"allow":["GET"]}}],"collection":[{"href":"https:\/\/ambskopje.esteri.it\/it\/wp-json\/wp\/v2\/pages"}],"about":[{"href":"https:\/\/ambskopje.esteri.it\/it\/wp-json\/wp\/v2\/types\/page"}],"author":[{"embeddable":true,"href":"https:\/\/ambskopje.esteri.it\/it\/wp-json\/wp\/v2\/users\/18"}],"replies":[{"embeddable":true,"href":"https:\/\/ambskopje.esteri.it\/it\/wp-json\/wp\/v2\/comments?post=4516"}],"version-history":[{"count":5,"href":"https:\/\/ambskopje.esteri.it\/it\/wp-json\/wp\/v2\/pages\/4516\/revisions"}],"predecessor-version":[{"id":4786,"href":"https:\/\/ambskopje.esteri.it\/it\/wp-json\/wp\/v2\/pages\/4516\/revisions\/4786"}],"up":[{"embeddable":true,"href":"https:\/\/ambskopje.esteri.it\/it\/wp-json\/wp\/v2\/pages\/47"}],"wp:attachment":[{"href":"https:\/\/ambskopje.esteri.it\/it\/wp-json\/wp\/v2\/media?parent=4516"}],"curies":[{"name":"wp","href":"https:\/\/api.w.org\/{rel}","templated":true}]}}