{"id":44,"date":"2023-04-11T18:10:45","date_gmt":"2023-04-11T16:10:45","guid":{"rendered":"https:\/\/ambasciatapraga.esteri.it\/?page_id=44"},"modified":"2024-06-27T13:25:09","modified_gmt":"2024-06-27T11:25:09","slug":"diplomazia-culturale","status":"publish","type":"page","link":"https:\/\/ambskopje.esteri.it\/it\/italia-e-macedonia-del-nord\/diplomazia-culturale\/","title":{"rendered":"Diplomazia culturale"},"content":{"rendered":"<div>\n<p>La cultura \u2013 luogo di incontro tra saperi locali e globali \u2013 \u00e8 mediatore privilegiato tra societ\u00e0 diverse, seppure vicine per comuni radici storiche.<\/p>\n<p>L\u2019Ambasciata, ha tra le sue massime priorit\u00e0 la promozione della lingua e della cultura italiana, cardini di un vasto patrimonio culturale che si fa ponte tra civilt\u00e0 e ne favorisce il dialogo.<\/p>\n<p>La collaborazione bilaterale in materia culturale si fonda sull\u2019\u201dAccordo di Cooperazione nel campo della cultura, dell\u2019istruzione e della scienza tra il Governo della Repubblica italiana e il Governo macedone, firmato a Skopje il 21 gennaio 1998, che definisce il quadro generale delle relazioni culturali.<\/p>\n<p>Sulla base dell\u2019art. 19, tale Accordo viene concretizzato attraverso \u201cProgrammi Esecutivi\u201d, l\u2019ultimo dei quali \u00e8 stato firmato il 20 ottobre 2022. In particolare, il V Programma di collaborazione nel campo dell\u2019istruzione, della cultura e della scienza tra la Repubblica Italiana e la Repubblica di Macedonia del Nord \u2013 che ha durata triennale \u2013 fornisce una cornice all\u2019ampia collaborazione gi\u00e0 avviata tra i due Paesi nei suddetti campi, con iniziative come mostre, eventi musicali, cinematografici e teatrali, l\u2019editoria, il restauro e la valorizzazione del patrimonio culturale e naturale, la collaborazione interuniversitaria e interscolastica, nonch\u00e9 la promozione nei rispettivi Paesi.<\/p>\n<p>Da menzionare anche l\u2019\u201dAccordo di Coproduzione cinematografica tra il Governo della Macedonia del Nord e il Governo italiano\u201d, firmato a Skopje il 15 novembre 2002 nonch\u00e9 la convenzione tra l\u2019Associazione Nazionale dei professori di Italiano, che da anni coordina la rete degli insegnanti di italiano operanti in scuole di ogni ordine e grado nel Paese e nelle Universit\u00e0, e l\u2019Ambasciata d\u2019Italia. Tale convenzione \u00e8 stata firmata il 24 maggio 2023 ed \u00e8 finalizzata ad incrementare le attivit\u00e0 di promozione e diffusione della lingua italiana nelle scuole e nelle Universit\u00e0 della Macedonia del Nord.<\/p>\n<p>Una parte consistente dell\u2019attivit\u00e0 culturale \u00e8 dedicata alla promozione dell\u2019insegnamento della lingua italiana in Macedonia del Nord che viene insegnata in 47 scuole fra elementari, medie e superiori e -a livello accademico &#8211; in 5 Atenei, raggiungendo in totale una popolazione scolastica costituita da oltre 3000 unit\u00e0.<\/p>\n<p>Il Ministero degli Esteri italiano e per la Cooperazione internazionale sostiene l\u2019insegnamento della lingua italiana nel Paese, con l\u2019assegnazione di un lettore ministeriale con incarichi extra accademici presso la Facolt\u00e0 di Filologia &#8220;Blaze Koneski&#8221; dell\u2019Universit\u00e0 \u201cSs. Cirillo e Metodio\u201d di Skopje e con l\u2019erogazione di una serie di contributi per:<\/p>\n<ul>\n<li>la creazione e il mantenimento di cattedre di italiano funzionanti presso Istituzioni scolastiche straniere<\/li>\n<li>cattedra a universit\u00e0 straniere per la promozione all\u2019estero della lingua e della cultura italiana<\/li>\n<li>borse di studio e viaggi di perfezionamento in Italia<\/li>\n<li>acquisto e fornitura di libri e materiale didattico anche in formato digitale, da destinare a istituzioni scolastiche e universitarie straniere per il sostegno della lingua italiana<\/li>\n<li>corsi di formazione ed aggiornamento per docenti di lingua italiana nelle scuole locali<\/li>\n<li>la divulgazione del libro italiano in favore delle traduzioni in lingua straniera di opere letterarie e scientifiche, produzione, doppiaggio o sottotitolatura in lingua straniera di cortometraggi, lungometraggi e serie televisive.si dell\u2019insegnamento delle lingue italiana e macedone.<\/li>\n<\/ul>\n<p>Inoltre l\u2019Ambasciata, in conformit\u00e0 con i propri compiti istituzionali e grazie anche all\u2019eccellente collaborazione con tutte le articolazioni del Sistema Paese, con il Punto di Corrispondenza ICE di Skopje, con l\u2019ufficio di Confindustria Macedonia del Nord, con il Dipartimento di Italiano della Facolt\u00e0 di Filologia \u201cBlaze Koneski\u201d dell\u2019Universit\u00e0 \u201cSS Cirillo e Metodio di Skopje\u201d, con l\u2019Universit\u00e0 \u201cGoce Delcev\u201d di Shtip, con l\u2019Associazione dei Professori di Italiano in Macedonia del Nord (ZPIRM) e con l\u2019Istituto \u2018Dante Alighieri\u2019 di Skopje, organizza numerose attivit\u00e0 nel settore culturale e della promozione della nostra lingua che si articolano in una serie di eventi ricorrenti annualmente, tra i quali ricordiamo: la \u201cSettimana della lingua italiana\u201d, la \u201cSettimana del cinema italiano\u201d, la \u201cSettimana della cucina italiana\u201d di grande impatto sul panorama culturale macedone.<\/p>\n<p>La Sede realizza e sostiene anche diverse iniziative ed eventi legati all\u2019arte, alla musica, alla letteratura, al cinema, al teatro, alla danza, alla moda, alla fotografia, all\u2019architettura, al design e alla cucina.<\/p>\n<p>E\u2019 possibile prendere visione delle attivita\u2019 culturali in programma visitando la pagina <a href=\"https:\/\/www.facebook.com\/ItalyinMKD\">facebook dell\u2019Ambasciata<\/a>, <a href=\"https:\/\/x.com\/ItalyinMKD\">Twitter(x)<\/a>, Instagram (<a href=\"https:\/\/www.instagram.com\/italyinmkd\/?next=%2F\">@ItalyinMKD<\/a>).<\/p>\n<\/div>\n","protected":false},"excerpt":{"rendered":"La cultura \u2013 luogo di incontro tra saperi locali e globali \u2013 \u00e8 mediatore privilegiato tra societ\u00e0 diverse, seppure vicine per comuni radici storiche. L\u2019Ambasciata, ha tra le sue massime priorit\u00e0 la promozione della lingua e della cultura italiana, cardini di un vasto patrimonio culturale che si fa ponte tra civilt\u00e0 e ne favorisce il [&hellip;]","protected":false},"author":1,"featured_media":0,"parent":14,"menu_order":2,"comment_status":"closed","ping_status":"closed","template":"","meta":{"footnotes":""},"class_list":["post-44","page","type-page","status-publish","hentry"],"_links":{"self":[{"href":"https:\/\/ambskopje.esteri.it\/it\/wp-json\/wp\/v2\/pages\/44","targetHints":{"allow":["GET"]}}],"collection":[{"href":"https:\/\/ambskopje.esteri.it\/it\/wp-json\/wp\/v2\/pages"}],"about":[{"href":"https:\/\/ambskopje.esteri.it\/it\/wp-json\/wp\/v2\/types\/page"}],"author":[{"embeddable":true,"href":"https:\/\/ambskopje.esteri.it\/it\/wp-json\/wp\/v2\/users\/1"}],"replies":[{"embeddable":true,"href":"https:\/\/ambskopje.esteri.it\/it\/wp-json\/wp\/v2\/comments?post=44"}],"version-history":[{"count":4,"href":"https:\/\/ambskopje.esteri.it\/it\/wp-json\/wp\/v2\/pages\/44\/revisions"}],"predecessor-version":[{"id":3240,"href":"https:\/\/ambskopje.esteri.it\/it\/wp-json\/wp\/v2\/pages\/44\/revisions\/3240"}],"up":[{"embeddable":true,"href":"https:\/\/ambskopje.esteri.it\/it\/wp-json\/wp\/v2\/pages\/14"}],"wp:attachment":[{"href":"https:\/\/ambskopje.esteri.it\/it\/wp-json\/wp\/v2\/media?parent=44"}],"curies":[{"name":"wp","href":"https:\/\/api.w.org\/{rel}","templated":true}]}}