{"id":42,"date":"2023-04-11T18:08:31","date_gmt":"2023-04-11T16:08:31","guid":{"rendered":"https:\/\/ambasciatapraga.esteri.it\/?page_id=42"},"modified":"2026-02-03T16:28:50","modified_gmt":"2026-02-03T15:28:50","slug":"la-rete-consolare","status":"publish","type":"page","link":"https:\/\/ambskopje.esteri.it\/it\/chi-siamo\/la-rete-consolare\/","title":{"rendered":"La Rete Consolare"},"content":{"rendered":"<p><strong>Ufficio Consolare dell&#8217;Ambasciata d&#8217;Italia a Skopje<\/strong><\/p>\n<p>Capo Ufficio Consolare: Primo Segretario Dott. Moreno Zella<\/p>\n<p>Per informazioni:<\/p>\n<p>consolare.skopje@esteri.it<\/p>\n<p>+389 2 3236517<\/p>\n<p>Orario di apertura al pubblico:<\/p>\n<p>marted\u00ec &#8211; venerd\u00ec dalle 09:00 alle 13:00<\/p>\n<p>mercoled\u00ec dalle 09:00 alle 13:00 e dalle 14:30 alle 16:30<\/p>\n<p>Per i servizi offerti si prega di visitare l&#8217;apposita sezione: <a href=\"https:\/\/ambskopje.esteri.it\/it\/servizi-consolari-e-visti\/\">Servizi Consolari e Visti<\/a><\/p>\n","protected":false},"excerpt":{"rendered":"Ufficio Consolare dell&#8217;Ambasciata d&#8217;Italia a Skopje Capo Ufficio Consolare: Primo Segretario Dott. Moreno Zella Per informazioni: consolare.skopje@esteri.it +389 2 3236517 Orario di apertura al pubblico: marted\u00ec &#8211; venerd\u00ec dalle 09:00 alle 13:00 mercoled\u00ec dalle 09:00 alle 13:00 e dalle 14:30 alle 16:30 Per i servizi offerti si prega di visitare l&#8217;apposita sezione: Servizi Consolari e [&hellip;]","protected":false},"author":1,"featured_media":0,"parent":13,"menu_order":8,"comment_status":"closed","ping_status":"closed","template":"","meta":{"footnotes":""},"class_list":["post-42","page","type-page","status-publish","hentry"],"_links":{"self":[{"href":"https:\/\/ambskopje.esteri.it\/it\/wp-json\/wp\/v2\/pages\/42","targetHints":{"allow":["GET"]}}],"collection":[{"href":"https:\/\/ambskopje.esteri.it\/it\/wp-json\/wp\/v2\/pages"}],"about":[{"href":"https:\/\/ambskopje.esteri.it\/it\/wp-json\/wp\/v2\/types\/page"}],"author":[{"embeddable":true,"href":"https:\/\/ambskopje.esteri.it\/it\/wp-json\/wp\/v2\/users\/1"}],"replies":[{"embeddable":true,"href":"https:\/\/ambskopje.esteri.it\/it\/wp-json\/wp\/v2\/comments?post=42"}],"version-history":[{"count":4,"href":"https:\/\/ambskopje.esteri.it\/it\/wp-json\/wp\/v2\/pages\/42\/revisions"}],"predecessor-version":[{"id":4590,"href":"https:\/\/ambskopje.esteri.it\/it\/wp-json\/wp\/v2\/pages\/42\/revisions\/4590"}],"up":[{"embeddable":true,"href":"https:\/\/ambskopje.esteri.it\/it\/wp-json\/wp\/v2\/pages\/13"}],"wp:attachment":[{"href":"https:\/\/ambskopje.esteri.it\/it\/wp-json\/wp\/v2\/media?parent=42"}],"curies":[{"name":"wp","href":"https:\/\/api.w.org\/{rel}","templated":true}]}}