{"id":40,"date":"2023-04-11T18:01:19","date_gmt":"2023-04-11T16:01:19","guid":{"rendered":"https:\/\/ambasciatapraga.esteri.it\/?page_id=40"},"modified":"2026-02-25T11:18:43","modified_gmt":"2026-02-25T10:18:43","slug":"gli-uffici","status":"publish","type":"page","link":"https:\/\/ambskopje.esteri.it\/it\/chi-siamo\/gli-uffici\/","title":{"rendered":"Gli Uffici"},"content":{"rendered":"<p><strong>Indirizzi e-mail:<\/strong><\/p>\n<p>Segreteria dell&#8217;Ambasciatore: <a href=\"mailto:segreteria.skopje@esteri.it\">segreteria.skopje@esteri.it<\/a><\/p>\n<p>Indirizzo PEC, abilitato esclusivamente alla ricezione di posta elettronica certificata: <a href=\"mailto:amb.skopje@cert.esteri.it\">amb.skopje@cert.esteri.it<\/a><\/p>\n<p>Ufficio per le Relazioni con il Pubblico:\u00a0<a href=\"mailto:skopje.urp@esteri.it\">skopje.urp@esteri.it<\/a><\/p>\n<p>&nbsp;<\/p>\n<p><strong>Organigramma<\/strong><\/p>\n<p>Capo Missione: Ambasciatore Paolo Palminteri<\/p>\n<p>Funzionario Vicario e Capo Ufficio Economico-commerciale: Dott. Moreno Zella<\/p>\n<p>Addetto alla Difesa: Col. Christian Margheritti<\/p>\n<p>Capo Ufficio Consolare: Dott. Moreno Zella<\/p>\n<p>Capo Ufficio Amministrativo-Contabile: Dott.ssa Stefania Giacchetti<\/p>\n<p>Cancelliere Contabile: Sig. Salvatore Savarino<\/p>\n<p>Cancelliera amministrativa: Dott. ssa Maria Gabriella Mascia<\/p>\n<p>Responsabile Ufficio Visti: Dott.ssa Francesca Calosi<\/p>\n<p>Capo Ufficio dell&#8217;Esperto per la Sicurezza: Ten. Col. Massimo Pani<\/p>\n<p>Lettrice di lingua italiana con incarichi extra-accademici: Prof.ssa Sonia Miserendino<\/p>\n<p>&nbsp;<\/p>\n<p><strong>Ufficio Economico-commerciale<\/strong><\/p>\n<p>Responsabile: Dott. Moreno Zella<\/p>\n<p>E-mail:\u00a0<a href=\"mailto:mario.derosa@esteri.it\">moreno.zella@esteri.it<\/a><\/p>\n<p>&nbsp;<\/p>\n<p><strong>Ufficio Amministrativo-Contabile<\/strong><\/p>\n<p>Capo Ufficio: Dott.ssa Stefania Giacchetti<\/p>\n<p>Cancelliere contabile: Sig. Salvatore Savarino<\/p>\n<p>Tel. +389 2 3236500<\/p>\n<p>Fax +389 2 3236512<\/p>\n<p>E-mail:\u00a0<a href=\"mailto:amministrazione.skopje@esteri.it\">amm.skopje@esteri.it<\/a><\/p>\n<p>Riceve previo appuntamento<\/p>\n<p>&nbsp;<\/p>\n<p><strong>Ufficio Culturale<\/strong><\/p>\n<p>Lettrice di lingua italiana con incarichi extra-accademici: Prof.ssa Sonia Miserendino<\/p>\n<p>E-mail:\u00a0<a>culturale.skopje@esteri.it<\/a><\/p>\n<p>E-mail: <a href=\"mailto:sonia.miserendino@esteri.it\">sonia.miserendino@esteri.it<\/a><\/p>\n<p>Riceve previo appuntamento<\/p>\n<p>&nbsp;<\/p>\n<p><strong>Ufficio\u00a0<\/strong><strong>Consolare<\/strong><\/p>\n<p>Responsabile: Dott. Moreno Zella<\/p>\n<p>Vice Responsabile Ufficio Consolare e Responsabile Sezione Passaporti: Dott.ssa Maria Gabriella Mascia<\/p>\n<p>Tel. +389 2 3236 517 \/ 520<\/p>\n<p>Fax +389 2 3236515<\/p>\n<p>E-mail:\u00a0<a href=\"mailto:consolare.skopje@esteri.it\">consolare.skopje@esteri.it<\/a><\/p>\n<p>&nbsp;<\/p>\n<p><strong>Ufficio Visti<\/strong><\/p>\n<p>Responsabile: Dott.ssa Francesca Calosi<\/p>\n<p>Tel. +389 2 3236518 \/ 520<\/p>\n<p>Fax +389 2 3236515<\/p>\n<p>E-mail:\u00a0<a href=\"mailto:visti.skopje@esteri.it\">visti.skopje@esteri.it<\/a><\/p>\n<p>&nbsp;<\/p>\n<p><strong>Antenna ICE\u00a0(Agenzia per la promozione all&#8217;estero e internazionalizzazione delle imprese)<\/strong><\/p>\n<p>Ul. Makedonija 33 Ristikeva Palata int. 6<\/p>\n<p>Direttore (residente a Sofia): Dott. Andrea D&#8217;Andrea<\/p>\n<p>Tel. +389 2 3296256<\/p>\n<p>Fax +389 2 3296260<\/p>\n<p>E-mail:\u00a0<a href=\"mailto:skopje@ice.it\">skopje@ice.it<\/a><\/p>\n<p>&nbsp;<\/p>\n<p><strong>Ufficio dell&#8217;Addetto per la Difesa<\/strong><\/p>\n<p>Addetto per la Difesa: Col. Cristian Margheriti<\/p>\n<p>Lermontova 3, int. 2, 1000 Skopje<\/p>\n<p>Tel.\/Fax +389 2 3135837<\/p>\n<p>E-mail:\u00a0<a href=\"mailto:difeitalia.skopje@smd.difesa.it\">difeitalia.skopje@smd.difesa.it<\/a><\/p>\n<p>&nbsp;<\/p>\n<p>&nbsp;<\/p>\n<p>Orario di apertura al pubblico dell&#8217;<a href=\"https:\/\/ambskopje.esteri.it\/it\/servizi-consolari-e-visti\/\">Ufficio Consolare e dell&#8217;Ufficio Visti<\/a>:\u00a0dal marted\u00ec al venerd\u00ec dalle 09:00 alle 13:00;\u00a0mercoled\u00ec dalle 09:00 alle 13:00 e dalle 14:30 alle 16:30.<\/p>\n<p>Il centralino +389 2 3236500 \u00e8 operativo dal luned\u00ec al venerd\u00ec dalle 09:00 alle 16:00, il venerd\u00ec dalle 09:00 alle 15:00.<\/p>\n<p>Soltanto in case di reale e comprovata emergenza (es. arresti, incidenti) fuori dagli orari del centralino, i <strong>cittadini italiani<\/strong> possono rivolgersi al <a href=\"https:\/\/ambskopje.esteri.it\/it\/chi-siamo\/numeri-di-emergenza\/\">numero di emergenza<\/a>.<\/p>\n<p>Per le questioni riguardanti <a href=\"https:\/\/ambskopje.esteri.it\/it\/servizi-consolari-e-visti\/\">l\u2019Ufficio Consolare e Visti<\/a>, l\u2019utenza \u00e8 pregata di contattare via posta elettronica agli indirizzi:\u00a0<a href=\"mailto:consolare.skopje@esteri.it\">consolare.skopje@esteri.it<\/a>;\u00a0<a href=\"mailto:visti.skopje@esteri.it\">visti.skopje@esteri.it<\/a>.<\/p>\n<p>In alternativa, \u00e8 possibile contattare l&#8217;Ufficio nei seguenti giorni e orari: il luned\u00ec dalle ore 10:00 alle ore 13:00 e dalle ore 14:30 alle ore 16:00; il marted\u00ec e il giovedi dalle 14:30 alle ore 16:00; il venerd\u00ec dalle ore 13:30 alle 15:00.<\/p>\n<p>+389 2 3236 517 (servizi consolari per cittadini italiani)<br \/>\n+389 2 3236 518 (servizi per cittadini stranieri \u2013 visti, dichiarazioni di valore, codici fiscali)<br \/>\n+389 2 3236 520 (pensioni e richiesta cancellazione espulsioni)<\/p>\n<p>Si ricorda che per ragioni di sicurezza non \u00e8 consentito l&#8217;accesso ai locali dell&#8217;Ambasciata con borse e cellulari.<\/p>\n<p><strong>Si ricorda inoltre che \u00e8 possibile accedere all&#8217;Ufficio Consolare e Visti solo con appuntamento preso attraverso il portale Prenot@Mi: <a href=\"https:\/\/prenotami.esteri.it\/\">https:\/\/prenotami.esteri.it<\/a>.\u00a0<\/strong><\/p>\n<p>&nbsp;<\/p>\n<p>&nbsp;<\/p>\n<p><strong>Calendario festivit\u00e0 Sede 2026<\/strong><\/p>\n<p>01 gennaio: Capodanno<\/p>\n<p>06 gennaio: Epifania<\/p>\n<p>07 gennaio: Natale ortodosso<\/p>\n<p>20 marzo: Eid-El-Fitr Ramazan<\/p>\n<p>06 aprile: Lunedi&#8217; dell&#8217;Angelo<\/p>\n<p>01 maggio: Festa dei lavoratori<\/p>\n<p>02 giugno: Festa della Repubblica Italiana<\/p>\n<p>02 agosto: Festa Nazionale Macedone<\/p>\n<p>08 settembre: Giorno dell&#8217;Indipendenza della Macedonia del Nord<\/p>\n<p>04 ottobre: Festa Nazionale San Francesco d&#8217;Assisi<\/p>\n<p>25 dicembre: Natale cattolico<\/p>\n<p>26 dicembre: Santo Stefano<\/p>\n","protected":false},"excerpt":{"rendered":"Indirizzi e-mail: Segreteria dell&#8217;Ambasciatore: segreteria.skopje@esteri.it Indirizzo PEC, abilitato esclusivamente alla ricezione di posta elettronica certificata: amb.skopje@cert.esteri.it Ufficio per le Relazioni con il Pubblico:\u00a0skopje.urp@esteri.it &nbsp; Organigramma Capo Missione: Ambasciatore Paolo Palminteri Funzionario Vicario e Capo Ufficio Economico-commerciale: Dott. Moreno Zella Addetto alla Difesa: Col. Christian Margheritti Capo Ufficio Consolare: Dott. Moreno Zella Capo Ufficio Amministrativo-Contabile: Dott.ssa [&hellip;]","protected":false},"author":1,"featured_media":0,"parent":13,"menu_order":4,"comment_status":"closed","ping_status":"closed","template":"","meta":{"footnotes":""},"class_list":["post-40","page","type-page","status-publish","hentry"],"_links":{"self":[{"href":"https:\/\/ambskopje.esteri.it\/it\/wp-json\/wp\/v2\/pages\/40","targetHints":{"allow":["GET"]}}],"collection":[{"href":"https:\/\/ambskopje.esteri.it\/it\/wp-json\/wp\/v2\/pages"}],"about":[{"href":"https:\/\/ambskopje.esteri.it\/it\/wp-json\/wp\/v2\/types\/page"}],"author":[{"embeddable":true,"href":"https:\/\/ambskopje.esteri.it\/it\/wp-json\/wp\/v2\/users\/1"}],"replies":[{"embeddable":true,"href":"https:\/\/ambskopje.esteri.it\/it\/wp-json\/wp\/v2\/comments?post=40"}],"version-history":[{"count":7,"href":"https:\/\/ambskopje.esteri.it\/it\/wp-json\/wp\/v2\/pages\/40\/revisions"}],"predecessor-version":[{"id":4796,"href":"https:\/\/ambskopje.esteri.it\/it\/wp-json\/wp\/v2\/pages\/40\/revisions\/4796"}],"up":[{"embeddable":true,"href":"https:\/\/ambskopje.esteri.it\/it\/wp-json\/wp\/v2\/pages\/13"}],"wp:attachment":[{"href":"https:\/\/ambskopje.esteri.it\/it\/wp-json\/wp\/v2\/media?parent=40"}],"curies":[{"name":"wp","href":"https:\/\/api.w.org\/{rel}","templated":true}]}}