{"id":39,"date":"2023-04-11T17:55:33","date_gmt":"2023-04-11T15:55:33","guid":{"rendered":"https:\/\/ambasciatapraga.esteri.it\/?page_id=39"},"modified":"2026-02-03T16:42:38","modified_gmt":"2026-02-03T15:42:38","slug":"la-sede","status":"publish","type":"page","link":"https:\/\/ambskopje.esteri.it\/it\/chi-siamo\/la-sede\/","title":{"rendered":"La Sede"},"content":{"rendered":"<p>L&#8217;Ambasciata \u00e8 ospitata dalla storica Villa Skaperda, costruita in stile eclettico nel 1932, e si trova nel pieno centro di Skopje, prossima all&#8217;incrocio fra le strade Dimitrije Cupovski e Dame Gruev. L&#8217;Ufficio Consolare e Visti \u00e8 situato all&#8217;interno dell&#8217;Ambasciata.<\/p>\n<p>Ulica 8ma Udarna Brigada, 22 Skopje<br \/>\nTel. +389-2-3236500<br \/>\nFax +389-2-3236505<\/p>\n<p>&nbsp;<\/p>\n<p>Per le questioni riguardanti <a href=\"https:\/\/ambskopje.esteri.it\/it\/servizi-consolari-e-visti\/\">l\u2019Ufficio Consolare e Visti<\/a>, l\u2019utenza \u00e8 pregata di contattare via posta elettronica agli indirizzi:<\/p>\n<p><a href=\"mailto:consolare.skopje@esteri.it\">consolare.skopje@esteri.it<\/a><\/p>\n<p><a href=\"mailto:visti.skopje@esteri.it\">visti.skopje@esteri.it<\/a><\/p>\n<p>In alternativa, \u00e8 possibile contattare l&#8217;Ufficio nei seguenti giorni e orari: il luned\u00ec dalle ore 10:00 alle ore 13:00 e dalle ore 14:30 alle ore 16:00; il marted\u00ec e il giovedi dalle 14:30 alle ore 16:00; il venerd\u00ec dalle ore 13:30 alle 15:00.<strong><br \/>\n<\/strong><\/p>\n<p>+389 2 3236 517 (servizi consolari per cittadini italiani)<br \/>\n+389 2 3236 518 (servizi per cittadini stranieri \u2013 visti, dichiarazioni di valore, codici fiscali)<br \/>\n+389 2 3236 520 (pensioni e richiesta cancellazione espulsioni)<\/p>\n<p>&nbsp;<\/p>\n<p>Per i singoli Uffici dell&#8217;Ambasciata, riferirsi all&#8217;apposita <a href=\"https:\/\/ambskopje.esteri.it\/it\/chi-siamo\/gli-uffici\/\"><strong>sezione<\/strong>.<\/a><\/p>\n","protected":false},"excerpt":{"rendered":"L&#8217;Ambasciata \u00e8 ospitata dalla storica Villa Skaperda, costruita in stile eclettico nel 1932, e si trova nel pieno centro di Skopje, prossima all&#8217;incrocio fra le strade Dimitrije Cupovski e Dame Gruev. L&#8217;Ufficio Consolare e Visti \u00e8 situato all&#8217;interno dell&#8217;Ambasciata. Ulica 8ma Udarna Brigada, 22 Skopje Tel. +389-2-3236500 Fax +389-2-3236505 &nbsp; Per le questioni riguardanti l\u2019Ufficio [&hellip;]","protected":false},"author":1,"featured_media":0,"parent":13,"menu_order":2,"comment_status":"closed","ping_status":"closed","template":"","meta":{"footnotes":""},"class_list":["post-39","page","type-page","status-publish","hentry"],"_links":{"self":[{"href":"https:\/\/ambskopje.esteri.it\/it\/wp-json\/wp\/v2\/pages\/39","targetHints":{"allow":["GET"]}}],"collection":[{"href":"https:\/\/ambskopje.esteri.it\/it\/wp-json\/wp\/v2\/pages"}],"about":[{"href":"https:\/\/ambskopje.esteri.it\/it\/wp-json\/wp\/v2\/types\/page"}],"author":[{"embeddable":true,"href":"https:\/\/ambskopje.esteri.it\/it\/wp-json\/wp\/v2\/users\/1"}],"replies":[{"embeddable":true,"href":"https:\/\/ambskopje.esteri.it\/it\/wp-json\/wp\/v2\/comments?post=39"}],"version-history":[{"count":6,"href":"https:\/\/ambskopje.esteri.it\/it\/wp-json\/wp\/v2\/pages\/39\/revisions"}],"predecessor-version":[{"id":4600,"href":"https:\/\/ambskopje.esteri.it\/it\/wp-json\/wp\/v2\/pages\/39\/revisions\/4600"}],"up":[{"embeddable":true,"href":"https:\/\/ambskopje.esteri.it\/it\/wp-json\/wp\/v2\/pages\/13"}],"wp:attachment":[{"href":"https:\/\/ambskopje.esteri.it\/it\/wp-json\/wp\/v2\/media?parent=39"}],"curies":[{"name":"wp","href":"https:\/\/api.w.org\/{rel}","templated":true}]}}