{"id":364,"date":"2023-11-07T15:02:20","date_gmt":"2023-11-07T14:02:20","guid":{"rendered":"https:\/\/ambskopje.esteri.it\/?page_id=364"},"modified":"2023-11-07T15:02:20","modified_gmt":"2023-11-07T14:02:20","slug":"messaggio","status":"publish","type":"page","link":"https:\/\/ambskopje.esteri.it\/it\/chi-siamo\/lambasciatore\/messaggio\/","title":{"rendered":"Messaggio"},"content":{"rendered":"<div>\n<p>Desidero rivolgere il saluto pi\u00f9 cordiale ai connazionali, ai cittadini macedoni che hanno legami con il nostro Paese, a quanti si riconoscono idealmente e culturalmente nell\u2019Italia.<\/p>\n<p>I legami che uniscono l\u2019Italia e la Repubblica di Macedonia del Nord sono millenari e affondano le loro radici nelle basi stesse della civilt\u00e0 occidentale e mediterranea, di cui l\u2019Impero romano e la sua influenza nella regione \u2013 ad esempio con la via Egnatia e il suo centro principale, Eraclea \u2013 e, in precedenza, con gli stretti rapporti tra le citt\u00e0 macedoni e le colonia dell\u2019Italia meridionale come Pompei, offrono indelebili testimonianze. A riprova di questi continui scambi sociali e culturali tra le nostre nazioni, oggi si registra anche la presenza nel nostro Paese di una significativa comunit\u00e0 di cittadini macedoni, perfettamente integrati e che contribuiscono con le loro attivit\u00e0 non solo allo sviluppo dell\u2019Italia, ma anche della Macedonia del Nord.<\/p>\n<p>Anche per queste ragioni storiche i nostri due Paesi possono contare su una importante tradizione di cooperazione a livello politico, economico e culturale ed eccellenti rapporti bilaterali caratterizzati da numerosi incontri e visite istituzionali ai massimi livelli.<\/p>\n<p>Sul piano politico, l\u2019Italia \u00e8 sempre stata una forte sostenitrice del percorso di integrazione euro-atlantica della Repubblica di Macedonia del Nord attraverso il necessario processo di riforme interne, soprattutto rispetto alla dimensione dello Stato di diritto, e il costante dialogo politico tra tutti i partiti e le componenti sociali.<\/p>\n<p>Fondamentali sono anche gli aspetti di sicurezza, lotta al terrorismo internazionale e alla radicalizzazione e la delicata gestione delle questioni migratorie in cui Italia e Macedonia del Nord cooperano gi\u00e0 attivamente.<\/p>\n<p>A livello economico, le relazioni bilaterali sono buone, ma esistono concreti ed ampi margini di miglioramento sia sul versante dell\u2019interscambio commerciale, sia su quello degli investimenti italiani, grazie anche al forte grado di apertura di questo Paese al commercio internazionale e le interessanti opportunit\u00e0 offerte dal suo clima \u201cbusiness friendly\u201d.<\/p>\n<p>Anche la promozione dello straordinario patrimonio culturale italiano rappresenta uno degli obiettivi prioritari dell\u2019azione dell\u2019Italia. Essa si fonda sulla ricchezza dei rapporti culturali tra i nostri Paesi, consolidatisi nel corso del tempo. In tale contesto, la sempre maggiore diffusione della lingua italiana in Macedonia del Nord &#8211; gi\u00e0 molto vivace a livello universitario &#8211; non pu\u00f2 che ottenere un loro consolidamento.<\/p>\n<p>E\u2019 per me un grande onore servire l\u2019Italia qui a Skopje. Insieme ai miei collaboratori non risparmier\u00f2 gli sforzi per contribuire all\u2019ulteriore rafforzamento degli storici legami tra Italia e Macedonia del Nord.<\/p>\n<p>La mia missione sar\u00e0 resa certamente pi\u00f9 facile se tutti voi vorrete collaborare sostenendo le attivit\u00e0 dell\u2019Ambasciata.<\/p>\n<\/div>\n","protected":false},"excerpt":{"rendered":"Desidero rivolgere il saluto pi\u00f9 cordiale ai connazionali, ai cittadini macedoni che hanno legami con il nostro Paese, a quanti si riconoscono idealmente e culturalmente nell\u2019Italia. I legami che uniscono l\u2019Italia e la Repubblica di Macedonia del Nord sono millenari e affondano le loro radici nelle basi stesse della civilt\u00e0 occidentale e mediterranea, di cui [&hellip;]","protected":false},"author":4,"featured_media":0,"parent":38,"menu_order":1,"comment_status":"closed","ping_status":"closed","template":"","meta":{"footnotes":""},"class_list":["post-364","page","type-page","status-publish","hentry"],"_links":{"self":[{"href":"https:\/\/ambskopje.esteri.it\/it\/wp-json\/wp\/v2\/pages\/364","targetHints":{"allow":["GET"]}}],"collection":[{"href":"https:\/\/ambskopje.esteri.it\/it\/wp-json\/wp\/v2\/pages"}],"about":[{"href":"https:\/\/ambskopje.esteri.it\/it\/wp-json\/wp\/v2\/types\/page"}],"author":[{"embeddable":true,"href":"https:\/\/ambskopje.esteri.it\/it\/wp-json\/wp\/v2\/users\/4"}],"replies":[{"embeddable":true,"href":"https:\/\/ambskopje.esteri.it\/it\/wp-json\/wp\/v2\/comments?post=364"}],"version-history":[{"count":1,"href":"https:\/\/ambskopje.esteri.it\/it\/wp-json\/wp\/v2\/pages\/364\/revisions"}],"predecessor-version":[{"id":367,"href":"https:\/\/ambskopje.esteri.it\/it\/wp-json\/wp\/v2\/pages\/364\/revisions\/367"}],"up":[{"embeddable":true,"href":"https:\/\/ambskopje.esteri.it\/it\/wp-json\/wp\/v2\/pages\/38"}],"wp:attachment":[{"href":"https:\/\/ambskopje.esteri.it\/it\/wp-json\/wp\/v2\/media?parent=364"}],"curies":[{"name":"wp","href":"https:\/\/api.w.org\/{rel}","templated":true}]}}