{"id":15,"date":"2023-04-11T17:08:57","date_gmt":"2023-04-11T15:08:57","guid":{"rendered":"https:\/\/ambasciatapraga.esteri.it\/?page_id=15"},"modified":"2026-02-13T11:20:42","modified_gmt":"2026-02-13T10:20:42","slug":"servizi-consolari-e-visti","status":"publish","type":"page","link":"https:\/\/ambskopje.esteri.it\/it\/servizi-consolari-e-visti\/","title":{"rendered":"Servizi Consolari e Visti"},"content":{"rendered":"<p>Se sei un cittadino italiano che si trova in Macedonia del Nord, o un cittadino macedone interessato a svolgere delle attivit\u00e0 in Italia, potresti avere bisogno dei servizi erogati dall&#8217;Ufficio Consolare e Visti dell\u2019Ambasciata d\u2019Italia a Skopje.<\/p>\n<p>Per facilitare la navigazione abbiamo suddiviso i vari servizi erogati in due sezioni, quelli per il\u00a0<a href=\"https:\/\/ambskopje.esteri.it\/it\/servizi-consolari-e-visti\/servizi-per-il-cittadino-italiano\/\">cittadino italiano<\/a>\u00a0e quelli per il\u00a0<a href=\"https:\/\/ambskopje.esteri.it\/it\/servizi-consolari-e-visti\/servizi-per-il-cittadino-straniero\/\">cittadino straniero<\/a>.<\/p>\n<p>Per qualunque ulteriore informazione ti invitiamo a contattare l&#8217;Ufficio Consolare all\u2019indirizzo e-mail <a href=\"mailto:consolato.skopje@esteri.it\">consolare.skopje@esteri.it<\/a> (passaporti e documenti di viaggio, stato civile, cittadinanza, anagrafe consolare\/AIRE, atti notarili, sussidi, pensioni) o l&#8217;Ufficio Visti all&#8217;indirizzo e-mail <a href=\"mailto:visti.skopje@esteri.it\">visti.skopje@esteri.it<\/a> (visti, dichiarazioni di valore, codici fiscali, pensioni).<\/p>\n<p><strong>Entrambi gli Uffici ricevono solo su appuntamento, prenotabile esclusivamente sul portale <a href=\"https:\/\/prenotami.esteri.it\" target=\"_blank\" rel=\"noopener\">Prenot@mi<\/a> <\/strong>(la prenotazione \u00e8 gratuita), durante gli orari di apertura al pubblico dal marted\u00ec al venerd\u00ec dalle 09.00 alle 13.00, il mercoled\u00ec anche dalle 14.30 alle 16.30.<\/p>\n<p>Si ricorda che per ragioni di sicurezza non \u00e8 consentito l\u2019accesso ai locali dell\u2019Ambasciata con borse e cellulari<strong>.<\/strong><\/p>\n<p>\u00c8 possibile telefonare nelle seguenti fasce orarie ai seguenti numeri di telefono:<\/p>\n<ul>\n<li>Luned\u00ec dalle ore 10:00 alle ore 13:00 e dalle ore 14:30 alle ore 16:00<\/li>\n<li>Marted\u00ec e gioved\u00ec dalle 14:30 alle ore 16:00<\/li>\n<li>Venerd\u00ec dalle ore 13:30 alle 15:00<\/li>\n<\/ul>\n<p>+389 2 3236 517 (servizi consolari per cittadini italiani e cittadinanza)<br \/>\n+389 2 3236 518 (servizi per cittadini stranieri &#8211; visti, dichiarazioni di valore, codici fiscali)<br \/>\n+389 2 3236 520 (pensioni e richiesta cancellazione espulsioni)<\/p>\n","protected":false},"excerpt":{"rendered":"Se sei un cittadino italiano che si trova in Macedonia del Nord, o un cittadino macedone interessato a svolgere delle attivit\u00e0 in Italia, potresti avere bisogno dei servizi erogati dall&#8217;Ufficio Consolare e Visti dell\u2019Ambasciata d\u2019Italia a Skopje. Per facilitare la navigazione abbiamo suddiviso i vari servizi erogati in due sezioni, quelli per il\u00a0cittadino italiano\u00a0e quelli [&hellip;]","protected":false},"author":1,"featured_media":0,"parent":0,"menu_order":6,"comment_status":"closed","ping_status":"closed","template":"","meta":{"footnotes":""},"class_list":["post-15","page","type-page","status-publish","hentry"],"_links":{"self":[{"href":"https:\/\/ambskopje.esteri.it\/it\/wp-json\/wp\/v2\/pages\/15","targetHints":{"allow":["GET"]}}],"collection":[{"href":"https:\/\/ambskopje.esteri.it\/it\/wp-json\/wp\/v2\/pages"}],"about":[{"href":"https:\/\/ambskopje.esteri.it\/it\/wp-json\/wp\/v2\/types\/page"}],"author":[{"embeddable":true,"href":"https:\/\/ambskopje.esteri.it\/it\/wp-json\/wp\/v2\/users\/1"}],"replies":[{"embeddable":true,"href":"https:\/\/ambskopje.esteri.it\/it\/wp-json\/wp\/v2\/comments?post=15"}],"version-history":[{"count":15,"href":"https:\/\/ambskopje.esteri.it\/it\/wp-json\/wp\/v2\/pages\/15\/revisions"}],"predecessor-version":[{"id":4703,"href":"https:\/\/ambskopje.esteri.it\/it\/wp-json\/wp\/v2\/pages\/15\/revisions\/4703"}],"wp:attachment":[{"href":"https:\/\/ambskopje.esteri.it\/it\/wp-json\/wp\/v2\/media?parent=15"}],"curies":[{"name":"wp","href":"https:\/\/api.w.org\/{rel}","templated":true}]}}