{"id":14,"date":"2023-04-11T17:08:52","date_gmt":"2023-04-11T15:08:52","guid":{"rendered":"https:\/\/ambasciatapraga.esteri.it\/?page_id=14"},"modified":"2024-07-29T16:05:07","modified_gmt":"2024-07-29T14:05:07","slug":"italia-e-macedonia-del-nord","status":"publish","type":"page","link":"https:\/\/ambskopje.esteri.it\/it\/italia-e-macedonia-del-nord\/","title":{"rendered":"Italia e Macedonia del Nord"},"content":{"rendered":"<p>Con ormai oltre trent\u2019anni di relazioni diplomatiche, l\u2019Italia \u00e8 da sempre Paese sostenitore delle aspirazioni euro-atlantiche della Repubblica di Macedonia del Nord, che sostiene nei processi di riforma necessari a raggiungere tali obiettivi, anche attraverso un\u2019attiva partecipazione in ambito IPA (al momento in cui scrive, sono attivi due progetti Twinning, con un terzo di recente conclusosi). Il sincero e deciso sostegno italiano \u00e8 improntato alla collaborazione interistituzionale, al consolidamento democratico del Paese, e alle riforme strutturali \u2013 in particolare nel campo dello stato di diritto, dell\u2019indipendenza e autonomia della magistratura, e della lotta alla corruzione ed alla criminalit\u00e0 organizzata.<\/p>\n<p>Come noto, nel marzo del 2020 la Macedonia del Nord, a seguito della risoluzione della controversia esistente con la Repubblica Ellenica, ha realizzato uno dei suoi obiettivi strategici pi\u00f9 importanti entrando a far parte della NATO. Con la rimozione del veto bulgaro, a fronte del compromesso raggiunto nel luglio 2022, appare inoltre pi\u00f9 facilmente realizzabile il secondo obiettivo strategico del Paese, ovverossia l\u2019ingresso nell\u2019Unione Europea, con la Macedonia del Nord che ha di recente concluso il processo di <em>screening<\/em>.<\/p>\n<p>La Repubblica Italiana riconosce nella Macedonia del Nord uno Stato essenziale per la stabilit\u00e0 dei Balcani Occidentali, regione vicina all\u2019Italia e con cui esistono vincoli storici, politici, sociali ed economici profondissimi. A livello UE, la posizione italiana \u00e8 sempre stata chiara e a sostegno dell\u2019obiettivo dell\u2019euro-integrazione del Paese, come riconosciuto a pi\u00f9 riprese dal partner macedone; anche nei momenti pi\u00f9 difficili, infatti, l\u2019Italia non ha mai ritirato il proprio sostegno, restando convinta della necessit\u00e0 di avviare quanto prima i negoziati di adesione. Non \u00e8 del resto casuale che, parlando delle procedure di euro-integrazione dei Balcani Occidentali, il Presidente del Consiglio Meloni abbia asserito in pi\u00f9 occasioni di preferire l\u2019espressione \u201cRiunificazione della Famiglia Europea\u201d anzich\u00e9 parlare di allargamento.<\/p>\n<p>Lo stato dei rapporti politici tra Italia e Macedonia del Nord \u00e8 eccellente ed \u00e8 andato progressivamente intensificandosi. Ci\u00f2 \u00e8 dimostrato dalla frequenza e dall\u2019alto numero di incontri e visite istituzionali di alto livello avvenuti negli ultimi anni.<\/p>\n<p>In primo luogo occorre ricordare la visita del Signor Presidente della Repubblica Sergio Mattarella a Skopje (8 e 9 settembre 2022), la terza di un Capo dello Stato italiano dalla nascita della Repubblica di Macedonia del Nord, che ha in particolare ricordato l\u2019eccellente rapporto tra i due Paesi e il summenzionato sostegno italiano al percorso di integrazione europeo.<\/p>\n<p>A livello di Presidenti, del resto, non pu\u00f2 non menzionarsi la visita della neo-eletta Presidente della Repubblica di Macedonia del Nord Gordana Siljanovska-Davkova, che \u00e8 stata ricevuta al Quirinale il 24 maggio di quest\u2019anno. Segnatamente, questa \u00e8 stata la prima visita all\u2019estero della nuova Presidente, a margine della festa dei SS. Cirillo e Metodio.<\/p>\n<p>Rilevante anche, la visita a Skopje dell\u2019ex Presidente della Camera dei deputati Roberto Fico, il 12 e 13 aprile 2022, in occasione della quale si \u00e8 incontrato con il suo omologo dell\u2019epoca Talat Xhaferi; il Presidente dell\u2019Assemblea della RMN ha restituito la visita nella giornata del 23 giugno 2022, firmando con il Presidente Fico un protocollo di cooperazione bilaterale tra la Camera dei Deputati e l\u2019Assemblea della RMN.<\/p>\n<p>Anche a livello di Presidenti del Consiglio le occasioni di incontro non sono mancate. Come noto, <em>a latere<\/em> del NATO Summit svoltosi a Washington D.C., dal 9 al 11 luglio 2024, si \u00e8 tenuto un incontro bilaterale tra il Presidente del Consiglio Giorgia Meloni e il Primo Ministro Hristijan Mickoski, durante il quale si \u00e8 discusso, tra le altre cose, della possibilit\u00e0 di incrementare gli scambi economico-commerciali tra i due Paesi (analoghi scambi sono avvenuti anche in tempi recenti; si ricordi in proposito l\u2019incontro avvenuto tra l\u2019allora Presidente del Consiglio Mario Draghi e il suo omologo Dimitar Kovachevski il 24 maggio 2022 a Roma).<\/p>\n<p>Numerose sono poi state, specialmente negli ultimi anni, le visite ministeriali, dal profondo impatto per la crescita dei rapporti bilaterali. Si ricorda di recente la visita a Skopje del Ministro della Difesa Guido Crosetto, ricevuto dall\u2019ex Ministra della Difesa Slavjianka Petrovska lo scorso 29 marzo 2024. In tale occasione, i due Ministri hanno firmato l\u2019accordo di \u201cAir Policing\u201d, in linea con gli obbiettivi NATO, grazie al quale l\u2019aeronautica italiana pattuglier\u00e0 lo spazio aereo della Macedonia del Nord, congiuntamente alle forze elleniche e a quelle macedoni. Altrettanto di rilievo la visita dell\u2019allora Ministro degli Interni, Luciana Lamorgese con l\u2019ex Ministro degli Interni Oliver Spasovski, tenutasi a Skopje il 30 novembre 2021, reciprocata il 26 maggio dell\u2019anno successivo.<\/p>\n<p>Si segnala, peraltro, che sono stati siglati numerosi <em>memoranda<\/em> bilaterali per il rafforzamento della cooperazione in diversi ambiti, tra cui si ricordano per il periodo recente quello in materia di agricoltura (tra i Ministeri dell\u2019Agricoltura, siglata dai relativi Ministri dell\u2019epoca Patuanelli e Nikolovski, nonch\u00e9 tra gli ispettorati dei due dicasteri), di lotta al traffico di stupefacenti (tra i Ministeri degli Interni), di lotta alla corruzione (tra ANAC e la Commissione per la Prevenzione della Corruzione della Macedonia del Nord).<\/p>\n<p>Sotto quest\u2019ultimo profilo, sono da segnalare poi numerose forme di cooperazione a livello tecnico, che hanno portato, ad esempio, ad interazioni tra le amministrazioni dei due Paesi, con contatti (talora sfociati a loro volta in forme attive di collaborazione strutturata) che hanno ad esempio riguardato, per citarne alcuni, il Consiglio di Stato, la Corte dei Conti e la Scuola Superiore della Magistratura.<\/p>\n<p>&nbsp;<\/p>\n","protected":false},"excerpt":{"rendered":"Con ormai oltre trent\u2019anni di relazioni diplomatiche, l\u2019Italia \u00e8 da sempre Paese sostenitore delle aspirazioni euro-atlantiche della Repubblica di Macedonia del Nord, che sostiene nei processi di riforma necessari a raggiungere tali obiettivi, anche attraverso un\u2019attiva partecipazione in ambito IPA (al momento in cui scrive, sono attivi due progetti Twinning, con un terzo di recente [&hellip;]","protected":false},"author":1,"featured_media":0,"parent":0,"menu_order":4,"comment_status":"closed","ping_status":"closed","template":"","meta":{"footnotes":""},"class_list":["post-14","page","type-page","status-publish","hentry"],"_links":{"self":[{"href":"https:\/\/ambskopje.esteri.it\/it\/wp-json\/wp\/v2\/pages\/14","targetHints":{"allow":["GET"]}}],"collection":[{"href":"https:\/\/ambskopje.esteri.it\/it\/wp-json\/wp\/v2\/pages"}],"about":[{"href":"https:\/\/ambskopje.esteri.it\/it\/wp-json\/wp\/v2\/types\/page"}],"author":[{"embeddable":true,"href":"https:\/\/ambskopje.esteri.it\/it\/wp-json\/wp\/v2\/users\/1"}],"replies":[{"embeddable":true,"href":"https:\/\/ambskopje.esteri.it\/it\/wp-json\/wp\/v2\/comments?post=14"}],"version-history":[{"count":6,"href":"https:\/\/ambskopje.esteri.it\/it\/wp-json\/wp\/v2\/pages\/14\/revisions"}],"predecessor-version":[{"id":3288,"href":"https:\/\/ambskopje.esteri.it\/it\/wp-json\/wp\/v2\/pages\/14\/revisions\/3288"}],"wp:attachment":[{"href":"https:\/\/ambskopje.esteri.it\/it\/wp-json\/wp\/v2\/media?parent=14"}],"curies":[{"name":"wp","href":"https:\/\/api.w.org\/{rel}","templated":true}]}}