{"id":123,"date":"2023-09-25T15:18:30","date_gmt":"2023-09-25T13:18:30","guid":{"rendered":"https:\/\/ambasciatatirana.esteri.it\/?page_id=123"},"modified":"2026-02-25T11:15:27","modified_gmt":"2026-02-25T10:15:27","slug":"contatti","status":"publish","type":"page","link":"https:\/\/ambskopje.esteri.it\/it\/chi-siamo\/contatti\/","title":{"rendered":"Contatti"},"content":{"rendered":"<p>Segreteria dell\u2019Ambasciatore:\u00a0<a href=\"mailto:segreteria.skopje@esteri.it\">segreteria.skopje@esteri.it<\/a><\/p>\n<p>Indirizzo PEC, abilitato esclusivamente alla ricezione di posta elettronica certificata:\u00a0<a href=\"mailto:amb.skopje@cert.esteri.it\">amb.skopje@cert.esteri.it<\/a><\/p>\n<p>Ufficio per le Relazioni con il Pubblico:\u00a0<a href=\"mailto:skopje.urp@esteri.it\">skopje.urp@esteri.it<\/a><\/p>\n<p>Centralino: +389 2 3236500<\/p>\n<p>&nbsp;<\/p>\n<p>Ufficio Economico-commerciale: <a href=\"mailto:moreno.zella@esteri.it\">moreno.zella@esteri.it<\/a><\/p>\n<p>Ufficio Amministrativo-Contabile: <a href=\"mailto:amm.skopje@esteri.it\">amm.skopje@esteri.it\u00a0<\/a><\/p>\n<p>Ufficio Culturale: <a href=\"mailto:culturale.skopje@esteri.it\">culturale.skopje@esteri.it<\/a>; <a href=\"mailto:sonia.miserendino@esteri.it\">sonia.miserendino@esteri.it<\/a><\/p>\n<p>Ufficio\u00a0Consolare: <a href=\"mailto:consolare.skopje@esteri.it\">consolare.skopje@esteri.it<\/a><\/p>\n<p>Ufficio Visti: <a href=\"mailto:visti.skopje@esteri.it\">visti.skopje@esteri.it<\/a><\/p>\n<p>&nbsp;<\/p>\n<p>Antenna ICE (Agenzia per la promozione all\u2019estero e internazionalizzazione delle imprese):<\/p>\n<p>Tel. +389 2 3296256<\/p>\n<p>Fax +389 2 3296260<\/p>\n<p>E-mail:\u00a0<a href=\"mailto:skopje@ice.it\">skopje@ice.it<\/a><\/p>\n<p>&nbsp;<\/p>\n<p>Ufficio dell\u2019Addetto per la Difesa<\/p>\n<p>Tel.\/Fax +389 2 3135837<\/p>\n<p>E-mail:\u00a0<a href=\"mailto:difeitalia.skopje@smd.difesa.it\">difeitalia.skopje@smd.difesa.it<\/a><\/p>\n<p>&nbsp;<\/p>\n<p><strong>Orari di apertura al pubblico e contatti dell\u2019<a href=\"https:\/\/ambskopje.esteri.it\/it\/servizi-consolari-e-visti\/\">Ufficio Consolare e dell\u2019Ufficio Visti<\/a><\/strong><\/p>\n<p>Dal marted\u00ec al venerd\u00ec dalle 09:00 alle 13:00; mercoled\u00ec dalle 09:00 alle 13:00 e dalle 14:30 alle 16:30.<\/p>\n<p>Il centralino\u00a0+389 2 3236500\u00a0\u00e8 operativo dal luned\u00ec al venerd\u00ec dalle 09:00 alle 16:00, il venerd\u00ec dalle 09:00 alle 15:00.<\/p>\n<p>Soltanto in case di reale e comprovata emergenza (es. arresti, incidenti) fuori dagli orari del centralino, i\u00a0<strong>cittadini italiani<\/strong>\u00a0possono rivolgersi al\u00a0<a href=\"https:\/\/ambskopje.esteri.it\/it\/chi-siamo\/numeri-di-emergenza\/\">numero di emergenza<\/a> +389 70 358553.<\/p>\n<p>Per le questioni riguardanti\u00a0<a href=\"https:\/\/ambskopje.esteri.it\/it\/servizi-consolari-e-visti\/\">l\u2019Ufficio Consolare e Visti<\/a>, l\u2019utenza \u00e8 pregata di contattare via posta elettronica agli indirizzi:\u00a0<a href=\"mailto:consolare.skopje@esteri.it\">consolare.skopje@esteri.it<\/a>;\u00a0<a href=\"mailto:visti.skopje@esteri.it\">visti.skopje@esteri.it<\/a>.<\/p>\n<p>In alternativa, \u00e8 possibile contattare l\u2019Ufficio telefonicamente nei seguenti giorni e orari: il luned\u00ec dalle ore 10:00 alle ore 13:00 e dalle ore 14:30 alle ore 16:00; il marted\u00ec e il giovedi dalle 14:30 alle ore 16:00; il venerd\u00ec dalle ore 13:30 alle 15:00.<\/p>\n<p>+389 2 3236 517 (servizi consolari per cittadini italiani)<br \/>\n+389 2 3236 518 (servizi per cittadini stranieri \u2013 visti, dichiarazioni di valore, codici fiscali)<br \/>\n+389 2 3236 520 (pensioni e richiesta cancellazione espulsioni)<\/p>\n<p>Si ricorda inoltre che \u00e8 possibile accedere all\u2019Ufficio Consolare e Visti solo con appuntamento preso attraverso il portale Prenot@Mi:\u00a0<a href=\"https:\/\/prenotami.esteri.it\/\">https:\/\/prenotami.esteri.it<\/a>.<\/p>\n","protected":false},"excerpt":{"rendered":"Segreteria dell\u2019Ambasciatore:\u00a0segreteria.skopje@esteri.it Indirizzo PEC, abilitato esclusivamente alla ricezione di posta elettronica certificata:\u00a0amb.skopje@cert.esteri.it Ufficio per le Relazioni con il Pubblico:\u00a0skopje.urp@esteri.it Centralino: +389 2 3236500 &nbsp; Ufficio Economico-commerciale: moreno.zella@esteri.it Ufficio Amministrativo-Contabile: amm.skopje@esteri.it\u00a0 Ufficio Culturale: culturale.skopje@esteri.it; sonia.miserendino@esteri.it Ufficio\u00a0Consolare: consolare.skopje@esteri.it Ufficio Visti: visti.skopje@esteri.it &nbsp; Antenna ICE (Agenzia per la promozione all\u2019estero e internazionalizzazione delle imprese): Tel. +389 2 3296256 [&hellip;]","protected":false},"author":1,"featured_media":0,"parent":13,"menu_order":4,"comment_status":"closed","ping_status":"closed","template":"","meta":{"footnotes":""},"class_list":["post-123","page","type-page","status-publish","hentry"],"_links":{"self":[{"href":"https:\/\/ambskopje.esteri.it\/it\/wp-json\/wp\/v2\/pages\/123","targetHints":{"allow":["GET"]}}],"collection":[{"href":"https:\/\/ambskopje.esteri.it\/it\/wp-json\/wp\/v2\/pages"}],"about":[{"href":"https:\/\/ambskopje.esteri.it\/it\/wp-json\/wp\/v2\/types\/page"}],"author":[{"embeddable":true,"href":"https:\/\/ambskopje.esteri.it\/it\/wp-json\/wp\/v2\/users\/1"}],"replies":[{"embeddable":true,"href":"https:\/\/ambskopje.esteri.it\/it\/wp-json\/wp\/v2\/comments?post=123"}],"version-history":[{"count":4,"href":"https:\/\/ambskopje.esteri.it\/it\/wp-json\/wp\/v2\/pages\/123\/revisions"}],"predecessor-version":[{"id":4795,"href":"https:\/\/ambskopje.esteri.it\/it\/wp-json\/wp\/v2\/pages\/123\/revisions\/4795"}],"up":[{"embeddable":true,"href":"https:\/\/ambskopje.esteri.it\/it\/wp-json\/wp\/v2\/pages\/13"}],"wp:attachment":[{"href":"https:\/\/ambskopje.esteri.it\/it\/wp-json\/wp\/v2\/media?parent=123"}],"curies":[{"name":"wp","href":"https:\/\/api.w.org\/{rel}","templated":true}]}}